{"id":892,"date":"2021-10-13T11:31:06","date_gmt":"2021-10-13T11:31:06","guid":{"rendered":"https:\/\/www.takipinsta.org\/?post_type=product&amp;p=892"},"modified":"2021-10-13T11:31:06","modified_gmt":"2021-10-13T11:31:06","slug":"500-canli-yayin-izlenme-3","status":"publish","type":"product","link":"https:\/\/fenoinsta.com\/tr\/product\/500-canli-yayin-izlenme-3\/","title":{"rendered":"500 Canl\u0131 Yay\u0131n \u0130zlenme"},"content":{"rendered":"","protected":false},"excerpt":{"rendered":"<ul>\n<li>0-10 Dakika \u0130\u015flem S\u00fcresi<\/li>\n<li>30 Dakika Yay\u0131nda Kal\u0131rlar<\/li>\n<li>Hesab\u0131n\u0131z Gizli Olmamal\u0131<\/li>\n<li>Ba\u015fkas\u0131n\u0131 Takip Etmezsiniz<\/li>\n<li>\u015eifre Vermeniz Gerekmiyor<\/li>\n<li>%100 G\u00fcvenli 3D Korumal\u0131 Al\u0131\u015fveri\u015f<\/li>\n<\/ul>\n<p><strong>Dikkat Etmeniz Gerekenler \u2757<\/strong><\/p>\n<p>Sipari\u015f a\u00e7\u0131klamas\u0131nda <span style=\"color: #ed1c24;\">Tiktok canl\u0131 yay\u0131n\u0131n\u0131z\u0131n ba\u015flayaca\u011f\u0131 tarih ve saati <\/span>belirtiniz. Sipari\u015finiz canl\u0131 yay\u0131ndan en ge\u00e7 1 saat \u00f6nce ge\u00e7ilmelidir. Kat\u0131l\u0131mc\u0131lar en fazla 30 dakika yay\u0131nda kal\u0131rlar. 30 dakikan\u0131n \u00fcst\u00fcnde kalmalar\u0131n\u0131 isterseniz sipari\u015f say\u0131n\u0131z\u0131 art\u0131rabilirsiniz. \u00d6rne\u011fin, 60 dakika i\u00e7in 2 adet sipari\u015f, 90 dakika i\u00e7in 3 adet sipari\u015f ge\u00e7melisiniz.<\/p>\n<p><strong>Ayr\u0131ca;<\/strong><br \/>\n+18, yasa d\u0131\u015f\u0131 bahis, kumar ve cinsel i\u00e7erikli hesaplar i\u00e7in girilen sipari\u015fler onaylanmayacakt\u0131r.<\/p>\n","protected":false},"featured_media":922,"comment_status":"closed","ping_status":"closed","template":"","meta":{"spay_email":""},"product_cat":[522],"product_tag":[363,364,365,366,367,368,369,370,371,372,345],"class_list":["post-892","product","type-product","status-publish","has-post-thumbnail","hentry","product_cat-tiktok-canli-yayin-izlenme","product_tag-tiktok-canli-yayin","product_tag-tiktok-canli-yayin-hizmeti","product_tag-tiktok-canli-yayin-izlenme","product_tag-tiktok-canli-yayin-izleyici","product_tag-tiktok-canli-yayin-izleyici-satin-al","product_tag-tiktok-canli-yayin-katilimci","product_tag-tiktok-canli-yayin-katilimci-satin-al","product_tag-tiktok-canli-yayin-satin-al","product_tag-tiktok-canli-yayin-seyirci","product_tag-tiktok-canli-yayin-seyirci-satin-al","product_tag-tiktok-hizmetleri"],"jetpack-related-posts":[{"id":890,"url":"https:\/\/fenoinsta.com\/tr\/product\/100-canli-yayin-izlenme-3\/","url_meta":{"origin":892,"position":0},"title":"100 Canl\u0131 Yay\u0131n \u0130zlenme","date":"Ekim 13, 2021","format":false,"excerpt":"0-10 Dakika \u0130\u015flem S\u00fcresi 30 Dakika Yay\u0131nda Kal\u0131rlar Hesab\u0131n\u0131z Gizli Olmamal\u0131 Ba\u015fkas\u0131n\u0131 Takip Etmezsiniz \u015eifre Vermeniz Gerekmiyor %100 G\u00fcvenli 3D Korumal\u0131 Al\u0131\u015fveri\u015f Dikkat Etmeniz Gerekenler \u2757 Sipari\u015f a\u00e7\u0131klamas\u0131nda Tiktok canl\u0131 yay\u0131n\u0131n\u0131z\u0131n ba\u015flayaca\u011f\u0131 tarih ve saati belirtiniz. Sipari\u015finiz canl\u0131 yay\u0131ndan en ge\u00e7 1 saat \u00f6nce ge\u00e7ilmelidir. Kat\u0131l\u0131mc\u0131lar en fazla 30 dakika\u2026","rel":"","context":"Benzer yaz\u0131","img":{"alt_text":"","src":"https:\/\/i0.wp.com\/fenoinsta.com\/tr\/wp-content\/uploads\/2021\/10\/Tiktok-Canli-Yayin-Izlenme-100.jpg?resize=350%2C200&ssl=1","width":350,"height":200},"classes":[]},{"id":891,"url":"https:\/\/fenoinsta.com\/tr\/product\/250-canli-yayin-izlenme-3\/","url_meta":{"origin":892,"position":1},"title":"250 Canl\u0131 Yay\u0131n \u0130zlenme","date":"Ekim 13, 2021","format":false,"excerpt":"0-10 Dakika \u0130\u015flem S\u00fcresi 30 Dakika Yay\u0131nda Kal\u0131rlar Hesab\u0131n\u0131z Gizli Olmamal\u0131 Ba\u015fkas\u0131n\u0131 Takip Etmezsiniz \u015eifre Vermeniz Gerekmiyor %100 G\u00fcvenli 3D Korumal\u0131 Al\u0131\u015fveri\u015f Dikkat Etmeniz Gerekenler \u2757 Sipari\u015f a\u00e7\u0131klamas\u0131nda Tiktok canl\u0131 yay\u0131n\u0131n\u0131z\u0131n ba\u015flayaca\u011f\u0131 tarih ve saati belirtiniz. Sipari\u015finiz canl\u0131 yay\u0131ndan en ge\u00e7 1 saat \u00f6nce ge\u00e7ilmelidir. Kat\u0131l\u0131mc\u0131lar en fazla 30 dakika\u2026","rel":"","context":"Benzer yaz\u0131","img":{"alt_text":"","src":"https:\/\/i0.wp.com\/fenoinsta.com\/tr\/wp-content\/uploads\/2021\/10\/Tiktok-Canli-Yayin-Izlenme-250.jpg?resize=350%2C200&ssl=1","width":350,"height":200},"classes":[]},{"id":893,"url":"https:\/\/fenoinsta.com\/tr\/product\/1-000-canli-yayin-izlenme-4\/","url_meta":{"origin":892,"position":2},"title":"1.000 Canl\u0131 Yay\u0131n \u0130zlenme","date":"Ekim 13, 2021","format":false,"excerpt":"0-10 Dakika \u0130\u015flem S\u00fcresi 30 Dakika Yay\u0131nda Kal\u0131rlar Hesab\u0131n\u0131z Gizli Olmamal\u0131 Ba\u015fkas\u0131n\u0131 Takip Etmezsiniz \u015eifre Vermeniz Gerekmiyor %100 G\u00fcvenli 3D Korumal\u0131 Al\u0131\u015fveri\u015f Dikkat Etmeniz Gerekenler \u2757 Sipari\u015f a\u00e7\u0131klamas\u0131nda Tiktok canl\u0131 yay\u0131n\u0131n\u0131z\u0131n ba\u015flayaca\u011f\u0131 tarih ve saati belirtiniz. Sipari\u015finiz canl\u0131 yay\u0131ndan en ge\u00e7 1 saat \u00f6nce ge\u00e7ilmelidir. Kat\u0131l\u0131mc\u0131lar en fazla 30 dakika\u2026","rel":"","context":"Benzer yaz\u0131","img":{"alt_text":"","src":"https:\/\/i0.wp.com\/fenoinsta.com\/tr\/wp-content\/uploads\/2021\/10\/Tiktok-Canli-Yayin-Izlenme-1000.jpg?resize=350%2C200&ssl=1","width":350,"height":200},"classes":[]},{"id":894,"url":"https:\/\/fenoinsta.com\/tr\/product\/2-500-canli-yayin-izlenme-4\/","url_meta":{"origin":892,"position":3},"title":"2.500 Canl\u0131 Yay\u0131n \u0130zlenme","date":"Ekim 13, 2021","format":false,"excerpt":"0-10 Dakika \u0130\u015flem S\u00fcresi 30 Dakika Yay\u0131nda Kal\u0131rlar Hesab\u0131n\u0131z Gizli Olmamal\u0131 Ba\u015fkas\u0131n\u0131 Takip Etmezsiniz \u015eifre Vermeniz Gerekmiyor %100 G\u00fcvenli 3D Korumal\u0131 Al\u0131\u015fveri\u015f Dikkat Etmeniz Gerekenler \u2757 Sipari\u015f a\u00e7\u0131klamas\u0131nda Tiktok canl\u0131 yay\u0131n\u0131n\u0131z\u0131n ba\u015flayaca\u011f\u0131 tarih ve saati belirtiniz. Sipari\u015finiz canl\u0131 yay\u0131ndan en ge\u00e7 1 saat \u00f6nce ge\u00e7ilmelidir. Kat\u0131l\u0131mc\u0131lar en fazla 30 dakika\u2026","rel":"","context":"Benzer yaz\u0131","img":{"alt_text":"","src":"https:\/\/i0.wp.com\/fenoinsta.com\/tr\/wp-content\/uploads\/2021\/10\/Tiktok-Canli-Yayin-Izlenme-2500.jpg?resize=350%2C200&ssl=1","width":350,"height":200},"classes":[]},{"id":895,"url":"https:\/\/fenoinsta.com\/tr\/product\/5-000-canli-yayin-izlenme-3\/","url_meta":{"origin":892,"position":4},"title":"5.000 Canl\u0131 Yay\u0131n \u0130zlenme","date":"Ekim 13, 2021","format":false,"excerpt":"0-10 Dakika \u0130\u015flem S\u00fcresi 30 Dakika Yay\u0131nda Kal\u0131rlar Hesab\u0131n\u0131z Gizli Olmamal\u0131 Ba\u015fkas\u0131n\u0131 Takip Etmezsiniz \u015eifre Vermeniz Gerekmiyor %100 G\u00fcvenli 3D Korumal\u0131 Al\u0131\u015fveri\u015f Dikkat Etmeniz Gerekenler \u2757 Sipari\u015f a\u00e7\u0131klamas\u0131nda Tiktok canl\u0131 yay\u0131n\u0131n\u0131z\u0131n ba\u015flayaca\u011f\u0131 tarih ve saati belirtiniz. Sipari\u015finiz canl\u0131 yay\u0131ndan en ge\u00e7 1 saat \u00f6nce ge\u00e7ilmelidir. Kat\u0131l\u0131mc\u0131lar en fazla 30 dakika\u2026","rel":"","context":"Benzer yaz\u0131","img":{"alt_text":"","src":"https:\/\/i0.wp.com\/fenoinsta.com\/tr\/wp-content\/uploads\/2021\/10\/Tiktok-Canli-Yayin-Izlenme-5000.jpg?resize=350%2C200&ssl=1","width":350,"height":200},"classes":[]},{"id":896,"url":"https:\/\/fenoinsta.com\/tr\/product\/10-000-canli-yayin-izlenme-2\/","url_meta":{"origin":892,"position":5},"title":"10.000 Canl\u0131 Yay\u0131n \u0130zlenme","date":"Ekim 13, 2021","format":false,"excerpt":"0-10 Dakika \u0130\u015flem S\u00fcresi 30 Dakika Yay\u0131nda Kal\u0131rlar Hesab\u0131n\u0131z Gizli Olmamal\u0131 Ba\u015fkas\u0131n\u0131 Takip Etmezsiniz \u015eifre Vermeniz Gerekmiyor %100 G\u00fcvenli 3D Korumal\u0131 Al\u0131\u015fveri\u015f Dikkat Etmeniz Gerekenler \u2757 Sipari\u015f a\u00e7\u0131klamas\u0131nda Tiktok canl\u0131 yay\u0131n\u0131n\u0131z\u0131n ba\u015flayaca\u011f\u0131 tarih ve saati belirtiniz. Sipari\u015finiz canl\u0131 yay\u0131ndan en ge\u00e7 1 saat \u00f6nce ge\u00e7ilmelidir. Kat\u0131l\u0131mc\u0131lar en fazla 30 dakika\u2026","rel":"","context":"Benzer yaz\u0131","img":{"alt_text":"","src":"https:\/\/i0.wp.com\/fenoinsta.com\/tr\/wp-content\/uploads\/2021\/10\/Tiktok-Canli-Yayin-Izlenme-10000.jpg?resize=350%2C200&ssl=1","width":350,"height":200},"classes":[]}],"_links":{"self":[{"href":"https:\/\/fenoinsta.com\/tr\/wp-json\/wp\/v2\/product\/892","targetHints":{"allow":["GET"]}}],"collection":[{"href":"https:\/\/fenoinsta.com\/tr\/wp-json\/wp\/v2\/product"}],"about":[{"href":"https:\/\/fenoinsta.com\/tr\/wp-json\/wp\/v2\/types\/product"}],"replies":[{"embeddable":true,"href":"https:\/\/fenoinsta.com\/tr\/wp-json\/wp\/v2\/comments?post=892"}],"wp:featuredmedia":[{"embeddable":true,"href":"https:\/\/fenoinsta.com\/tr\/wp-json\/wp\/v2\/media\/922"}],"wp:attachment":[{"href":"https:\/\/fenoinsta.com\/tr\/wp-json\/wp\/v2\/media?parent=892"}],"wp:term":[{"taxonomy":"product_cat","embeddable":true,"href":"https:\/\/fenoinsta.com\/tr\/wp-json\/wp\/v2\/product_cat?post=892"},{"taxonomy":"product_tag","embeddable":true,"href":"https:\/\/fenoinsta.com\/tr\/wp-json\/wp\/v2\/product_tag?post=892"}],"curies":[{"name":"wp","href":"https:\/\/api.w.org\/{rel}","templated":true}]}}