{"id":882,"date":"2021-10-13T11:31:04","date_gmt":"2021-10-13T11:31:04","guid":{"rendered":"https:\/\/www.takipinsta.org\/?post_type=product&amp;p=882"},"modified":"2021-10-13T11:31:04","modified_gmt":"2021-10-13T11:31:04","slug":"50-paylasim","status":"publish","type":"product","link":"https:\/\/fenoinsta.com\/tr\/product\/50-paylasim\/","title":{"rendered":"50 Payla\u015f\u0131m"},"content":{"rendered":"","protected":false},"excerpt":{"rendered":"<ul>\n<li>Tek G\u00f6nderi \u0130\u00e7indir<\/li>\n<li>Payla\u015f\u0131m Say\u0131s\u0131n\u0131 Art\u0131r\u0131r<\/li>\n<li>D\u00fc\u015f\u00fc\u015f Ya\u015fanmaz<\/li>\n<li>0-1 Saat \u0130\u015flem S\u00fcresi<\/li>\n<li>Hesab\u0131n\u0131z Gizli Olmamal\u0131<\/li>\n<li>Ba\u015fkas\u0131n\u0131 Takip Etmezsiniz<\/li>\n<li>\u015eifre Vermeniz Gerekmiyor<\/li>\n<li>%100 G\u00fcvenli 3D Korumal\u0131 Al\u0131\u015fveri\u015f<\/li>\n<\/ul>\n<p><strong>Dikkat Etmeniz Gerekenler \u2757<\/strong><\/p>\n<p>Payla\u015f\u0131mlar sadece 1 g\u00f6nderi i\u00e7indir. Daha fazla g\u00f6nderilere payla\u015ft\u0131r\u0131lamaz. Sipari\u015f a\u015famas\u0131nda videonuzu gizliye alman\u0131z ya da kald\u0131rman\u0131z durumunda sipari\u015finiz yanar ve \u00fccret iadesi yap\u0131lamaz.<\/p>\n<p><strong>Ayr\u0131ca;<\/strong><br \/>\n+18, yasa d\u0131\u015f\u0131 bahis, kumar ve cinsel i\u00e7erikli hesaplar i\u00e7in girilen sipari\u015fler onaylanmayacakt\u0131r.<\/p>\n","protected":false},"featured_media":912,"comment_status":"closed","ping_status":"closed","template":"","meta":{"spay_email":""},"product_cat":[538],"product_tag":[345,359,360,361],"class_list":["post-882","product","type-product","status-publish","has-post-thumbnail","hentry","product_cat-tiktok-paylasim","product_tag-tiktok-hizmetleri","product_tag-tiktok-paylasim","product_tag-tiktok-paylasim-artirma","product_tag-tiktok-paylasim-satin-al"],"jetpack-related-posts":[{"id":886,"url":"https:\/\/fenoinsta.com\/tr\/product\/1-000-paylasim\/","url_meta":{"origin":882,"position":0},"title":"1.000 Payla\u015f\u0131m","date":"Ekim 13, 2021","format":false,"excerpt":"Tek G\u00f6nderi \u0130\u00e7indir Payla\u015f\u0131m Say\u0131s\u0131n\u0131 Art\u0131r\u0131r D\u00fc\u015f\u00fc\u015f Ya\u015fanmaz 0-1 Saat \u0130\u015flem S\u00fcresi Hesab\u0131n\u0131z Gizli Olmamal\u0131 Ba\u015fkas\u0131n\u0131 Takip Etmezsiniz \u015eifre Vermeniz Gerekmiyor %100 G\u00fcvenli 3D Korumal\u0131 Al\u0131\u015fveri\u015f Dikkat Etmeniz Gerekenler \u2757 Payla\u015f\u0131mlar sadece 1 g\u00f6nderi i\u00e7indir. Daha fazla g\u00f6nderilere payla\u015ft\u0131r\u0131lamaz. Sipari\u015f a\u015famas\u0131nda videonuzu gizliye alman\u0131z ya da kald\u0131rman\u0131z durumunda sipari\u015finiz yanar\u2026","rel":"","context":"Benzer yaz\u0131","img":{"alt_text":"","src":"https:\/\/i0.wp.com\/fenoinsta.com\/tr\/wp-content\/uploads\/2021\/10\/Tiktok-Paylasim-1000.jpg?resize=350%2C200&ssl=1","width":350,"height":200},"classes":[]},{"id":883,"url":"https:\/\/fenoinsta.com\/tr\/product\/100-paylasim\/","url_meta":{"origin":882,"position":1},"title":"100 Payla\u015f\u0131m","date":"Ekim 13, 2021","format":false,"excerpt":"Tek G\u00f6nderi \u0130\u00e7indir Payla\u015f\u0131m Say\u0131s\u0131n\u0131 Art\u0131r\u0131r D\u00fc\u015f\u00fc\u015f Ya\u015fanmaz 0-1 Saat \u0130\u015flem S\u00fcresi Hesab\u0131n\u0131z Gizli Olmamal\u0131 Ba\u015fkas\u0131n\u0131 Takip Etmezsiniz \u015eifre Vermeniz Gerekmiyor %100 G\u00fcvenli 3D Korumal\u0131 Al\u0131\u015fveri\u015f Dikkat Etmeniz Gerekenler \u2757 Payla\u015f\u0131mlar sadece 1 g\u00f6nderi i\u00e7indir. Daha fazla g\u00f6nderilere payla\u015ft\u0131r\u0131lamaz. Sipari\u015f a\u015famas\u0131nda videonuzu gizliye alman\u0131z ya da kald\u0131rman\u0131z durumunda sipari\u015finiz yanar\u2026","rel":"","context":"Benzer yaz\u0131","img":{"alt_text":"","src":"https:\/\/i0.wp.com\/fenoinsta.com\/tr\/wp-content\/uploads\/2021\/10\/Tiktok-Paylasim-100.jpg?resize=350%2C200&ssl=1","width":350,"height":200},"classes":[]},{"id":884,"url":"https:\/\/fenoinsta.com\/tr\/product\/250-paylasim\/","url_meta":{"origin":882,"position":2},"title":"250 Payla\u015f\u0131m","date":"Ekim 13, 2021","format":false,"excerpt":"Tek G\u00f6nderi \u0130\u00e7indir Payla\u015f\u0131m Say\u0131s\u0131n\u0131 Art\u0131r\u0131r D\u00fc\u015f\u00fc\u015f Ya\u015fanmaz 0-1 Saat \u0130\u015flem S\u00fcresi Hesab\u0131n\u0131z Gizli Olmamal\u0131 Ba\u015fkas\u0131n\u0131 Takip Etmezsiniz \u015eifre Vermeniz Gerekmiyor %100 G\u00fcvenli 3D Korumal\u0131 Al\u0131\u015fveri\u015f Dikkat Etmeniz Gerekenler \u2757 Payla\u015f\u0131mlar sadece 1 g\u00f6nderi i\u00e7indir. Daha fazla g\u00f6nderilere payla\u015ft\u0131r\u0131lamaz. Sipari\u015f a\u015famas\u0131nda videonuzu gizliye alman\u0131z ya da kald\u0131rman\u0131z durumunda sipari\u015finiz yanar\u2026","rel":"","context":"Benzer yaz\u0131","img":{"alt_text":"","src":"https:\/\/i0.wp.com\/fenoinsta.com\/tr\/wp-content\/uploads\/2021\/10\/Tiktok-Paylasim-250.jpg?resize=350%2C200&ssl=1","width":350,"height":200},"classes":[]},{"id":885,"url":"https:\/\/fenoinsta.com\/tr\/product\/500-paylasim\/","url_meta":{"origin":882,"position":3},"title":"500 Payla\u015f\u0131m","date":"Ekim 13, 2021","format":false,"excerpt":"Tek G\u00f6nderi \u0130\u00e7indir Payla\u015f\u0131m Say\u0131s\u0131n\u0131 Art\u0131r\u0131r D\u00fc\u015f\u00fc\u015f Ya\u015fanmaz 0-1 Saat \u0130\u015flem S\u00fcresi Hesab\u0131n\u0131z Gizli Olmamal\u0131 Ba\u015fkas\u0131n\u0131 Takip Etmezsiniz \u015eifre Vermeniz Gerekmiyor %100 G\u00fcvenli 3D Korumal\u0131 Al\u0131\u015fveri\u015f Dikkat Etmeniz Gerekenler \u2757 Payla\u015f\u0131mlar sadece 1 g\u00f6nderi i\u00e7indir. Daha fazla g\u00f6nderilere payla\u015ft\u0131r\u0131lamaz. Sipari\u015f a\u015famas\u0131nda videonuzu gizliye alman\u0131z ya da kald\u0131rman\u0131z durumunda sipari\u015finiz yanar\u2026","rel":"","context":"Benzer yaz\u0131","img":{"alt_text":"","src":"https:\/\/i0.wp.com\/fenoinsta.com\/tr\/wp-content\/uploads\/2021\/10\/Tiktok-Paylasim-500.jpg?resize=350%2C200&ssl=1","width":350,"height":200},"classes":[]},{"id":887,"url":"https:\/\/fenoinsta.com\/tr\/product\/2-500-paylasim\/","url_meta":{"origin":882,"position":4},"title":"2.500 Payla\u015f\u0131m","date":"Ekim 13, 2021","format":false,"excerpt":"Tek G\u00f6nderi \u0130\u00e7indir Payla\u015f\u0131m Say\u0131s\u0131n\u0131 Art\u0131r\u0131r D\u00fc\u015f\u00fc\u015f Ya\u015fanmaz 0-1 Saat \u0130\u015flem S\u00fcresi Hesab\u0131n\u0131z Gizli Olmamal\u0131 Ba\u015fkas\u0131n\u0131 Takip Etmezsiniz \u015eifre Vermeniz Gerekmiyor %100 G\u00fcvenli 3D Korumal\u0131 Al\u0131\u015fveri\u015f Dikkat Etmeniz Gerekenler \u2757 Payla\u015f\u0131mlar sadece 1 g\u00f6nderi i\u00e7indir. Daha fazla g\u00f6nderilere payla\u015ft\u0131r\u0131lamaz. Sipari\u015f a\u015famas\u0131nda videonuzu gizliye alman\u0131z ya da kald\u0131rman\u0131z durumunda sipari\u015finiz yanar\u2026","rel":"","context":"Benzer yaz\u0131","img":{"alt_text":"","src":"https:\/\/i0.wp.com\/fenoinsta.com\/tr\/wp-content\/uploads\/2021\/10\/Tiktok-Paylasim-2500.jpg?resize=350%2C200&ssl=1","width":350,"height":200},"classes":[]},{"id":888,"url":"https:\/\/fenoinsta.com\/tr\/product\/5-000-paylasim\/","url_meta":{"origin":882,"position":5},"title":"5.000 Payla\u015f\u0131m","date":"Ekim 13, 2021","format":false,"excerpt":"Tek G\u00f6nderi \u0130\u00e7indir Payla\u015f\u0131m Say\u0131s\u0131n\u0131 Art\u0131r\u0131r D\u00fc\u015f\u00fc\u015f Ya\u015fanmaz 0-1 Saat \u0130\u015flem S\u00fcresi Hesab\u0131n\u0131z Gizli Olmamal\u0131 Ba\u015fkas\u0131n\u0131 Takip Etmezsiniz \u015eifre Vermeniz Gerekmiyor %100 G\u00fcvenli 3D Korumal\u0131 Al\u0131\u015fveri\u015f Dikkat Etmeniz Gerekenler \u2757 Payla\u015f\u0131mlar sadece 1 g\u00f6nderi i\u00e7indir. Daha fazla g\u00f6nderilere payla\u015ft\u0131r\u0131lamaz. Sipari\u015f a\u015famas\u0131nda videonuzu gizliye alman\u0131z ya da kald\u0131rman\u0131z durumunda sipari\u015finiz yanar\u2026","rel":"","context":"Benzer yaz\u0131","img":{"alt_text":"","src":"https:\/\/i0.wp.com\/fenoinsta.com\/tr\/wp-content\/uploads\/2021\/10\/Tiktok-Paylasim-5000.jpg?resize=350%2C200&ssl=1","width":350,"height":200},"classes":[]}],"_links":{"self":[{"href":"https:\/\/fenoinsta.com\/tr\/wp-json\/wp\/v2\/product\/882","targetHints":{"allow":["GET"]}}],"collection":[{"href":"https:\/\/fenoinsta.com\/tr\/wp-json\/wp\/v2\/product"}],"about":[{"href":"https:\/\/fenoinsta.com\/tr\/wp-json\/wp\/v2\/types\/product"}],"replies":[{"embeddable":true,"href":"https:\/\/fenoinsta.com\/tr\/wp-json\/wp\/v2\/comments?post=882"}],"wp:featuredmedia":[{"embeddable":true,"href":"https:\/\/fenoinsta.com\/tr\/wp-json\/wp\/v2\/media\/912"}],"wp:attachment":[{"href":"https:\/\/fenoinsta.com\/tr\/wp-json\/wp\/v2\/media?parent=882"}],"wp:term":[{"taxonomy":"product_cat","embeddable":true,"href":"https:\/\/fenoinsta.com\/tr\/wp-json\/wp\/v2\/product_cat?post=882"},{"taxonomy":"product_tag","embeddable":true,"href":"https:\/\/fenoinsta.com\/tr\/wp-json\/wp\/v2\/product_tag?post=882"}],"curies":[{"name":"wp","href":"https:\/\/api.w.org\/{rel}","templated":true}]}}