{"id":844,"date":"2021-10-13T11:30:46","date_gmt":"2021-10-13T11:30:46","guid":{"rendered":"https:\/\/www.takipinsta.org\/?post_type=product&amp;p=844"},"modified":"2021-10-13T11:30:46","modified_gmt":"2021-10-13T11:30:46","slug":"500-izlenme-5","status":"publish","type":"product","link":"https:\/\/fenoinsta.com\/tr\/product\/500-izlenme-5\/","title":{"rendered":"500 \u0130zlenme"},"content":{"rendered":"","protected":false},"excerpt":{"rendered":"<ul>\n<li>Tek G\u00f6nderi \u0130\u00e7indir<\/li>\n<li>Ger\u00e7ek Kullan\u0131c\u0131lar \u0130zler<\/li>\n<li>D\u00fc\u015f\u00fc\u015f Ya\u015fanmaz<\/li>\n<li>0-1 Saat \u0130\u015flem S\u00fcresi<\/li>\n<li>Hesab\u0131n\u0131z Gizli Olmamal\u0131<\/li>\n<li>Ba\u015fkas\u0131n\u0131 Takip Etmezsiniz<\/li>\n<li>\u015eifre Vermeniz Gerekmiyor<\/li>\n<li>%100 G\u00fcvenli 3D Korumal\u0131 Al\u0131\u015fveri\u015f<\/li>\n<\/ul>\n<p><strong>Dikkat Etmeniz Gerekenler \u2757<\/strong><\/p>\n<p>\u0130zlenmeler sadece 1 g\u00f6nderi i\u00e7indir. Daha fazla g\u00f6nderilere payla\u015ft\u0131r\u0131lamaz. Sipari\u015f a\u015famas\u0131nda videonuzu gizliye alman\u0131z ya da kald\u0131rman\u0131z durumunda sipari\u015finiz yanar ve \u00fccret iadesi yap\u0131lamaz.<\/p>\n<p><strong>Ayr\u0131ca;<\/strong><br \/>\n+18, yasa d\u0131\u015f\u0131 bahis, kumar ve cinsel i\u00e7erikli hesaplar i\u00e7in girilen sipari\u015fler onaylanmayacakt\u0131r.<\/p>\n","protected":false},"featured_media":874,"comment_status":"closed","ping_status":"closed","template":"","meta":{"spay_email":""},"product_cat":[533],"product_tag":[354,355,345,356,357],"class_list":["post-844","product","type-product","status-publish","has-post-thumbnail","hentry","product_cat-tiktok-izlenme","product_tag-tiktok-goruntulenme","product_tag-tiktok-goruntulenme-satin-al","product_tag-tiktok-hizmetleri","product_tag-tiktok-izlenme","product_tag-tiktok-izlenme-satin-al"],"jetpack-related-posts":[{"id":845,"url":"https:\/\/fenoinsta.com\/tr\/product\/1-000-izlenme-5\/","url_meta":{"origin":844,"position":0},"title":"1.000 \u0130zlenme","date":"Ekim 13, 2021","format":false,"excerpt":"Tek G\u00f6nderi \u0130\u00e7indir Ger\u00e7ek Kullan\u0131c\u0131lar \u0130zler D\u00fc\u015f\u00fc\u015f Ya\u015fanmaz 0-1 Saat \u0130\u015flem S\u00fcresi Hesab\u0131n\u0131z Gizli Olmamal\u0131 Ba\u015fkas\u0131n\u0131 Takip Etmezsiniz \u015eifre Vermeniz Gerekmiyor %100 G\u00fcvenli 3D Korumal\u0131 Al\u0131\u015fveri\u015f Dikkat Etmeniz Gerekenler \u2757 \u0130zlenmeler sadece 1 g\u00f6nderi i\u00e7indir. Daha fazla g\u00f6nderilere payla\u015ft\u0131r\u0131lamaz. Sipari\u015f a\u015famas\u0131nda videonuzu gizliye alman\u0131z ya da kald\u0131rman\u0131z durumunda sipari\u015finiz yanar\u2026","rel":"","context":"Benzer yaz\u0131","img":{"alt_text":"","src":"https:\/\/i0.wp.com\/fenoinsta.com\/tr\/wp-content\/uploads\/2021\/10\/Tiktok-Izlenme-1000.jpg?resize=350%2C200&ssl=1","width":350,"height":200},"classes":[]},{"id":843,"url":"https:\/\/fenoinsta.com\/tr\/product\/250-izlenme-3\/","url_meta":{"origin":844,"position":1},"title":"250 \u0130zlenme","date":"Ekim 13, 2021","format":false,"excerpt":"Tek G\u00f6nderi \u0130\u00e7indir Ger\u00e7ek Kullan\u0131c\u0131lar \u0130zler D\u00fc\u015f\u00fc\u015f Ya\u015fanmaz 0-1 Saat \u0130\u015flem S\u00fcresi Hesab\u0131n\u0131z Gizli Olmamal\u0131 Ba\u015fkas\u0131n\u0131 Takip Etmezsiniz \u015eifre Vermeniz Gerekmiyor %100 G\u00fcvenli 3D Korumal\u0131 Al\u0131\u015fveri\u015f Dikkat Etmeniz Gerekenler \u2757 \u0130zlenmeler sadece 1 g\u00f6nderi i\u00e7indir. Daha fazla g\u00f6nderilere payla\u015ft\u0131r\u0131lamaz. Sipari\u015f a\u015famas\u0131nda videonuzu gizliye alman\u0131z ya da kald\u0131rman\u0131z d\u0131\u015f\u0131nda sipari\u015finiz yanar\u2026","rel":"","context":"Benzer yaz\u0131","img":{"alt_text":"","src":"https:\/\/i0.wp.com\/fenoinsta.com\/tr\/wp-content\/uploads\/2021\/10\/Tiktok-Izlenme-250.jpg?resize=350%2C200&ssl=1","width":350,"height":200},"classes":[]},{"id":849,"url":"https:\/\/fenoinsta.com\/tr\/product\/35-000-izlenme\/","url_meta":{"origin":844,"position":2},"title":"35.000 \u0130zlenme","date":"Ekim 13, 2021","format":false,"excerpt":"Tek G\u00f6nderi \u0130\u00e7indir Ger\u00e7ek Kullan\u0131c\u0131lar \u0130zler D\u00fc\u015f\u00fc\u015f Ya\u015fanmaz 0-1 Saat \u0130\u015flem S\u00fcresi Hesab\u0131n\u0131z Gizli Olmamal\u0131 Ba\u015fkas\u0131n\u0131 Takip Etmezsiniz \u015eifre Vermeniz Gerekmiyor %100 G\u00fcvenli 3D Korumal\u0131 Al\u0131\u015fveri\u015f Dikkat Etmeniz Gerekenler \u2757 \u0130zlenmeler sadece 1 g\u00f6nderi i\u00e7indir. Daha fazla g\u00f6nderilere payla\u015ft\u0131r\u0131lamaz. Sipari\u015f a\u015famas\u0131nda videonuzu gizliye alman\u0131z ya da kald\u0131rman\u0131z durumunda sipari\u015finiz yanar\u2026","rel":"","context":"Benzer yaz\u0131","img":{"alt_text":"","src":"https:\/\/i0.wp.com\/fenoinsta.com\/tr\/wp-content\/uploads\/2021\/10\/Tiktok-Izlenme-35000.jpg?resize=350%2C200&ssl=1","width":350,"height":200},"classes":[]},{"id":846,"url":"https:\/\/fenoinsta.com\/tr\/product\/2-500-izlenme-5\/","url_meta":{"origin":844,"position":3},"title":"2.500 \u0130zlenme","date":"Ekim 13, 2021","format":false,"excerpt":"Tek G\u00f6nderi \u0130\u00e7indir Ger\u00e7ek Kullan\u0131c\u0131lar \u0130zler D\u00fc\u015f\u00fc\u015f Ya\u015fanmaz 0-1 Saat \u0130\u015flem S\u00fcresi Hesab\u0131n\u0131z Gizli Olmamal\u0131 Ba\u015fkas\u0131n\u0131 Takip Etmezsiniz \u015eifre Vermeniz Gerekmiyor %100 G\u00fcvenli 3D Korumal\u0131 Al\u0131\u015fveri\u015f Dikkat Etmeniz Gerekenler \u2757 \u0130zlenmeler sadece 1 g\u00f6nderi i\u00e7indir. Daha fazla g\u00f6nderilere payla\u015ft\u0131r\u0131lamaz. Sipari\u015f a\u015famas\u0131nda videonuzu gizliye alman\u0131z ya da kald\u0131rman\u0131z durumunda sipari\u015finiz yanar\u2026","rel":"","context":"Benzer yaz\u0131","img":{"alt_text":"","src":"https:\/\/i0.wp.com\/fenoinsta.com\/tr\/wp-content\/uploads\/2021\/10\/Tiktok-Izlenme-2500.jpg?resize=350%2C200&ssl=1","width":350,"height":200},"classes":[]},{"id":847,"url":"https:\/\/fenoinsta.com\/tr\/product\/5-000-izlenme-5\/","url_meta":{"origin":844,"position":4},"title":"5.000 \u0130zlenme","date":"Ekim 13, 2021","format":false,"excerpt":"Tek G\u00f6nderi \u0130\u00e7indir Ger\u00e7ek Kullan\u0131c\u0131lar \u0130zler D\u00fc\u015f\u00fc\u015f Ya\u015fanmaz 0-1 Saat \u0130\u015flem S\u00fcresi Hesab\u0131n\u0131z Gizli Olmamal\u0131 Ba\u015fkas\u0131n\u0131 Takip Etmezsiniz \u015eifre Vermeniz Gerekmiyor %100 G\u00fcvenli 3D Korumal\u0131 Al\u0131\u015fveri\u015f Dikkat Etmeniz Gerekenler \u2757 \u0130zlenmeler sadece 1 g\u00f6nderi i\u00e7indir. Daha fazla g\u00f6nderilere payla\u015ft\u0131r\u0131lamaz. Sipari\u015f a\u015famas\u0131nda videonuzu gizliye alman\u0131z ya da kald\u0131rman\u0131z durumunda sipari\u015finiz yanar\u2026","rel":"","context":"Benzer yaz\u0131","img":{"alt_text":"","src":"https:\/\/i0.wp.com\/fenoinsta.com\/tr\/wp-content\/uploads\/2021\/10\/Tiktok-Izlenme-5000.jpg?resize=350%2C200&ssl=1","width":350,"height":200},"classes":[]},{"id":848,"url":"https:\/\/fenoinsta.com\/tr\/product\/10-000-izlenme-5\/","url_meta":{"origin":844,"position":5},"title":"10.000 \u0130zlenme","date":"Ekim 13, 2021","format":false,"excerpt":"Tek G\u00f6nderi \u0130\u00e7indir Ger\u00e7ek Kullan\u0131c\u0131lar \u0130zler D\u00fc\u015f\u00fc\u015f Ya\u015fanmaz 0-1 Saat \u0130\u015flem S\u00fcresi Hesab\u0131n\u0131z Gizli Olmamal\u0131 Ba\u015fkas\u0131n\u0131 Takip Etmezsiniz \u015eifre Vermeniz Gerekmiyor %100 G\u00fcvenli 3D Korumal\u0131 Al\u0131\u015fveri\u015f Dikkat Etmeniz Gerekenler \u2757 \u0130zlenmeler sadece 1 g\u00f6nderi i\u00e7indir. Daha fazla g\u00f6nderilere payla\u015ft\u0131r\u0131lamaz. Sipari\u015f a\u015famas\u0131nda videonuzu gizliye alman\u0131z ya da kald\u0131rman\u0131z durumunda sipari\u015finiz yanar\u2026","rel":"","context":"Benzer yaz\u0131","img":{"alt_text":"","src":"https:\/\/i0.wp.com\/fenoinsta.com\/tr\/wp-content\/uploads\/2021\/10\/Tiktok-Izlenme-10000.jpg?resize=350%2C200&ssl=1","width":350,"height":200},"classes":[]}],"_links":{"self":[{"href":"https:\/\/fenoinsta.com\/tr\/wp-json\/wp\/v2\/product\/844","targetHints":{"allow":["GET"]}}],"collection":[{"href":"https:\/\/fenoinsta.com\/tr\/wp-json\/wp\/v2\/product"}],"about":[{"href":"https:\/\/fenoinsta.com\/tr\/wp-json\/wp\/v2\/types\/product"}],"replies":[{"embeddable":true,"href":"https:\/\/fenoinsta.com\/tr\/wp-json\/wp\/v2\/comments?post=844"}],"wp:featuredmedia":[{"embeddable":true,"href":"https:\/\/fenoinsta.com\/tr\/wp-json\/wp\/v2\/media\/874"}],"wp:attachment":[{"href":"https:\/\/fenoinsta.com\/tr\/wp-json\/wp\/v2\/media?parent=844"}],"wp:term":[{"taxonomy":"product_cat","embeddable":true,"href":"https:\/\/fenoinsta.com\/tr\/wp-json\/wp\/v2\/product_cat?post=844"},{"taxonomy":"product_tag","embeddable":true,"href":"https:\/\/fenoinsta.com\/tr\/wp-json\/wp\/v2\/product_tag?post=844"}],"curies":[{"name":"wp","href":"https:\/\/api.w.org\/{rel}","templated":true}]}}