{"id":830,"date":"2021-10-13T11:30:45","date_gmt":"2021-10-13T11:30:45","guid":{"rendered":"https:\/\/www.takipinsta.org\/?post_type=product&amp;p=830"},"modified":"2021-10-13T11:30:45","modified_gmt":"2021-10-13T11:30:45","slug":"250-takipci-2","status":"publish","type":"product","link":"https:\/\/fenoinsta.com\/tr\/product\/250-takipci-2\/","title":{"rendered":"250 Takip\u00e7i"},"content":{"rendered":"","protected":false},"excerpt":{"rendered":"<ul>\n<li>Global Kullan\u0131c\u0131lar<\/li>\n<li>1 Ay \u0130\u00e7inde 2 Kez Telafi Hakk\u0131<\/li>\n<li>0-12 Saat \u0130\u015flem S\u00fcresi<\/li>\n<li>Hesab\u0131n\u0131z Gizli Olmamal\u0131<\/li>\n<li>Ba\u015fkas\u0131n\u0131 Takip Etmezsiniz<\/li>\n<li>\u015eifre Vermeniz Gerekmiyor<\/li>\n<li>%100 G\u00fcvenli 3D Korumal\u0131 Al\u0131\u015fveri\u015f<\/li>\n<li>EFT \u0130le \u00d6deme \u0130mkan\u0131<\/li>\n<\/ul>\n<p><strong>Dikkat Etmeniz Gerekenler \u2757<\/strong><\/p>\n<p><span style=\"font-size: 14.4px;\">Sipari\u015fi girdikten sonra i\u015flem tamamlanmadan kullan\u0131c\u0131 ad\u0131 de\u011fi\u015ftirilmesi, hesab\u0131n gizliye al\u0131nmas\u0131 gibi durumlarda sipari\u015finiz yanabilir ve iade yap\u0131lamaz.<\/span><\/p>\n<p><strong>Ayr\u0131ca;<\/strong><br \/>\n+18, yasa d\u0131\u015f\u0131 bahis, kumar ve cinsel i\u00e7erikli hesaplar i\u00e7in girilen sipari\u015fler onaylanmayacakt\u0131r.<\/p>\n","protected":false},"featured_media":860,"comment_status":"closed","ping_status":"closed","template":"","meta":{"spay_email":""},"product_cat":[543],"product_tag":[343,344,345,346,347],"class_list":["post-830","product","type-product","status-publish","has-post-thumbnail","hentry","product_cat-tiktok-takipci","product_tag-gercek-tiktok-takipci","product_tag-gercek-tiktok-takipci-satin-al","product_tag-tiktok-hizmetleri","product_tag-tiktok-takipci","product_tag-tiktok-takipci-satin-al"],"jetpack-related-posts":[{"id":836,"url":"https:\/\/fenoinsta.com\/tr\/product\/100-begeni-3\/","url_meta":{"origin":830,"position":0},"title":"100 Be\u011feni","date":"Ekim 13, 2021","format":false,"excerpt":"Ger\u00e7ek Global Kullan\u0131c\u0131lar 0-1 Saat \u0130\u015flem S\u00fcresi Tek Payla\u015f\u0131m \u0130\u00e7indir Hesab\u0131n\u0131z Gizli Olmamal\u0131 Ba\u015fkas\u0131n\u0131 Takip Etmezsiniz \u015eifre Vermeniz Gerekmiyor %100 G\u00fcvenli 3D Korumal\u0131 Al\u0131\u015fveri\u015f Dikkat Etmeniz Gerekenler \u2757 Be\u011feniler tek g\u00f6nderi i\u00e7indir. Daha fazla g\u00f6nderilere payla\u015ft\u0131r\u0131lamaz. Sipari\u015fi girdikten sonra i\u015flem tamamlanmadan hesab\u0131n gizliye al\u0131nmas\u0131 gibi durumlarda sipari\u015finiz yanabilir ve iade\u2026","rel":"","context":"Benzer yaz\u0131","img":{"alt_text":"","src":"https:\/\/i0.wp.com\/fenoinsta.com\/tr\/wp-content\/uploads\/2021\/10\/Tiktok-Begeni-100.jpg?resize=350%2C200&ssl=1","width":350,"height":200},"classes":[]},{"id":2676,"url":"https:\/\/fenoinsta.com\/tr\/product\/250-bot-takipci\/","url_meta":{"origin":830,"position":1},"title":"250 Bot Takip\u00e7i","date":"Temmuz 13, 2023","format":false,"excerpt":"Ba\u015fkas\u0131n\u0131 Takip Etmezsiniz \u015eifre Vermeniz Gerekmiyor T\u00fcrk Bot Hesaplar Profil Foto\u011frafl\u0131 ve Foto\u011frafs\u0131z Kar\u0131\u015f\u0131k Hesaplar %10 Fazladan Hediye Takip\u00e7i 1 Ay \u0130\u00e7inde 2 Kez Telafi Hakk\u0131 1-4 Saat \u0130\u015fleme Ba\u015flama S\u00fcresi %100 G\u00fcvenli 3D Korumal\u0131 Al\u0131\u015fveri\u015f Dikkat Etmeniz Gerekenler\u2757 -Hesab\u0131n\u0131z Gizli Olmamal\u0131d\u0131r. -Takip\u00e7iler pasiftir. \u00d6nceden a\u00e7\u0131lm\u0131\u015f bo\u015f hesaplard\u0131r. -Telafi talep\u2026","rel":"","context":"Benzer yaz\u0131","img":{"alt_text":"","src":"https:\/\/i0.wp.com\/fenoinsta.com\/tr\/wp-content\/uploads\/2023\/07\/1.png?resize=350%2C200&ssl=1","width":350,"height":200},"classes":[]},{"id":371,"url":"https:\/\/fenoinsta.com\/tr\/product\/500-bot-takipci\/","url_meta":{"origin":830,"position":2},"title":"500 Bot Takip\u00e7i","date":"Ekim 13, 2021","format":false,"excerpt":"Ba\u015fkas\u0131n\u0131 Takip Etmezsiniz \u015eifre Vermeniz Gerekmiyor Global Kullan\u0131c\u0131lar Profil Foto\u011frafl\u0131 ve Foto\u011frafs\u0131z Kar\u0131\u015f\u0131k Hesaplar %10 Fazladan Hediye Takip\u00e7i 1 Ay \u0130\u00e7inde 2 Kez Telafi Hakk\u0131 1-4 Saat \u0130\u015fleme Ba\u015flama S\u00fcresi %100 G\u00fcvenli 3D Korumal\u0131 Al\u0131\u015fveri\u015f Dikkat Etmeniz Gerekenler\u2757 -Hesab\u0131n\u0131z Gizli Olmamal\u0131d\u0131r. -Takip\u00e7iler pasiftir. \u00d6nceden a\u00e7\u0131lm\u0131\u015f bo\u015f hesaplard\u0131r. -Telafi talep edildi\u011finde\u2026","rel":"","context":"Benzer yaz\u0131","img":{"alt_text":"","src":"https:\/\/i0.wp.com\/fenoinsta.com\/tr\/wp-content\/uploads\/2023\/07\/2.png?resize=350%2C200&ssl=1","width":350,"height":200},"classes":[]},{"id":372,"url":"https:\/\/fenoinsta.com\/tr\/product\/1-000-bot-takipci\/","url_meta":{"origin":830,"position":3},"title":"1.000 Bot Takip\u00e7i","date":"Ekim 13, 2021","format":false,"excerpt":"Ba\u015fkas\u0131n\u0131 Takip Etmezsiniz \u015eifre Vermeniz Gerekmiyor Global Kullan\u0131c\u0131lar Profil Foto\u011frafl\u0131 ve Foto\u011frafs\u0131z Kar\u0131\u015f\u0131k Hesaplar %10 Fazladan Hediye Takip\u00e7i 1 Ay \u0130\u00e7inde 2 Kez Telafi Hakk\u0131 1-4 Saat \u0130\u015fleme Ba\u015flama S\u00fcresi %100 G\u00fcvenli 3D Korumal\u0131 Al\u0131\u015fveri\u015f Dikkat Etmeniz Gerekenler\u2757 -Hesab\u0131n\u0131z Gizli Olmamal\u0131d\u0131r. -Takip\u00e7iler pasiftir. \u00d6nceden a\u00e7\u0131lm\u0131\u015f bo\u015f hesaplard\u0131r. -Telafi talep edildi\u011finde\u2026","rel":"","context":"Benzer yaz\u0131","img":{"alt_text":"","src":"https:\/\/i0.wp.com\/fenoinsta.com\/tr\/wp-content\/uploads\/2023\/07\/4.png?resize=350%2C200&ssl=1","width":350,"height":200},"classes":[]},{"id":373,"url":"https:\/\/fenoinsta.com\/tr\/product\/10-000-bot-takipci\/","url_meta":{"origin":830,"position":4},"title":"10.000 Bot Takip\u00e7i","date":"Ekim 13, 2021","format":false,"excerpt":"Ba\u015fkas\u0131n\u0131 Takip Etmezsiniz \u015eifre Vermeniz Gerekmiyor Global Kullan\u0131c\u0131lar Profil Foto\u011frafl\u0131 ve Foto\u011frafs\u0131z Kar\u0131\u015f\u0131k Hesaplar %10 Fazladan Hediye Takip\u00e7i 1 Ay \u0130\u00e7inde 2 Kez Telafi Hakk\u0131 1-4 Saat \u0130\u015fleme Ba\u015flama S\u00fcresi %100 G\u00fcvenli 3D Korumal\u0131 Al\u0131\u015fveri\u015f Dikkat Etmeniz Gerekenler\u2757 -Hesab\u0131n\u0131z Gizli Olmamal\u0131d\u0131r. -Takip\u00e7iler pasiftir. \u00d6nceden a\u00e7\u0131lm\u0131\u015f bo\u015f hesaplard\u0131r. -Telafi talep edildi\u011finde\u2026","rel":"","context":"Benzer yaz\u0131","img":{"alt_text":"","src":"https:\/\/i0.wp.com\/fenoinsta.com\/tr\/wp-content\/uploads\/2021\/10\/8.png?resize=350%2C200&ssl=1","width":350,"height":200},"classes":[]},{"id":374,"url":"https:\/\/fenoinsta.com\/tr\/product\/2-500-bot-takipci\/","url_meta":{"origin":830,"position":5},"title":"2.500 Bot Takip\u00e7i","date":"Ekim 13, 2021","format":false,"excerpt":"Ba\u015fkas\u0131n\u0131 Takip Etmezsiniz \u015eifre Vermeniz Gerekmiyor Global Kullan\u0131c\u0131lar Profil Foto\u011frafl\u0131 ve Foto\u011frafs\u0131z Kar\u0131\u015f\u0131k Hesaplar %10 Fazladan Hediye Takip\u00e7i 1 Ay \u0130\u00e7inde 2 Kez Telafi Hakk\u0131 1-4 Saat \u0130\u015fleme Ba\u015flama S\u00fcresi %100 G\u00fcvenli 3D Korumal\u0131 Al\u0131\u015fveri\u015f Dikkat Etmeniz Gerekenler\u2757 -Hesab\u0131n\u0131z Gizli Olmamal\u0131d\u0131r. -Takip\u00e7iler pasiftir. \u00d6nceden a\u00e7\u0131lm\u0131\u015f bo\u015f hesaplard\u0131r. -Telafi talep edildi\u011finde\u2026","rel":"","context":"Benzer yaz\u0131","img":{"alt_text":"","src":"https:\/\/i0.wp.com\/fenoinsta.com\/tr\/wp-content\/uploads\/2023\/07\/5.png?resize=350%2C200&ssl=1","width":350,"height":200},"classes":[]}],"_links":{"self":[{"href":"https:\/\/fenoinsta.com\/tr\/wp-json\/wp\/v2\/product\/830","targetHints":{"allow":["GET"]}}],"collection":[{"href":"https:\/\/fenoinsta.com\/tr\/wp-json\/wp\/v2\/product"}],"about":[{"href":"https:\/\/fenoinsta.com\/tr\/wp-json\/wp\/v2\/types\/product"}],"replies":[{"embeddable":true,"href":"https:\/\/fenoinsta.com\/tr\/wp-json\/wp\/v2\/comments?post=830"}],"wp:featuredmedia":[{"embeddable":true,"href":"https:\/\/fenoinsta.com\/tr\/wp-json\/wp\/v2\/media\/860"}],"wp:attachment":[{"href":"https:\/\/fenoinsta.com\/tr\/wp-json\/wp\/v2\/media?parent=830"}],"wp:term":[{"taxonomy":"product_cat","embeddable":true,"href":"https:\/\/fenoinsta.com\/tr\/wp-json\/wp\/v2\/product_cat?post=830"},{"taxonomy":"product_tag","embeddable":true,"href":"https:\/\/fenoinsta.com\/tr\/wp-json\/wp\/v2\/product_tag?post=830"}],"curies":[{"name":"wp","href":"https:\/\/api.w.org\/{rel}","templated":true}]}}