{"id":829,"date":"2021-10-13T11:30:44","date_gmt":"2021-10-13T11:30:44","guid":{"rendered":"https:\/\/www.takipinsta.org\/?post_type=product&amp;p=829"},"modified":"2021-10-13T11:30:44","modified_gmt":"2021-10-13T11:30:44","slug":"100-takipci-2","status":"publish","type":"product","link":"https:\/\/fenoinsta.com\/tr\/product\/100-takipci-2\/","title":{"rendered":"100 Takip\u00e7i"},"content":{"rendered":"","protected":false},"excerpt":{"rendered":"<ul>\n<li>Global Kullan\u0131c\u0131lar<\/li>\n<li>1 Ay \u0130\u00e7inde 2 Kez Telafi Hakk\u0131<\/li>\n<li>0-12 Saat \u0130\u015flem S\u00fcresi<\/li>\n<li>Hesab\u0131n\u0131z Gizli Olmamal\u0131<\/li>\n<li>Ba\u015fkas\u0131n\u0131 Takip Etmezsiniz<\/li>\n<li>\u015eifre Vermeniz Gerekmiyor<\/li>\n<li>%100 G\u00fcvenli 3D Korumal\u0131 Al\u0131\u015fveri\u015f<\/li>\n<li>EFT \u0130le \u00d6deme \u0130mkan\u0131<\/li>\n<\/ul>\n<p><strong>Dikkat Etmeniz Gerekenler \u2757<\/strong><\/p>\n<p><span style=\"font-size: 14.4px;\">Sipari\u015fi girdikten sonra i\u015flem tamamlanmadan kullan\u0131c\u0131 ad\u0131 de\u011fi\u015ftirilmesi, hesab\u0131n gizliye al\u0131nmas\u0131 gibi durumlarda sipari\u015finiz yanabilir ve iade yap\u0131lamaz.<\/span><\/p>\n<p><strong>Ayr\u0131ca;<\/strong><br \/>\n+18, yasa d\u0131\u015f\u0131 bahis, kumar ve cinsel i\u00e7erikli hesaplar i\u00e7in girilen sipari\u015fler onaylanmayacakt\u0131r.<\/p>\n","protected":false},"featured_media":859,"comment_status":"closed","ping_status":"closed","template":"","meta":{"spay_email":""},"product_cat":[543],"product_tag":[343,344,345,346,347],"class_list":["post-829","product","type-product","status-publish","has-post-thumbnail","hentry","product_cat-tiktok-takipci","product_tag-gercek-tiktok-takipci","product_tag-gercek-tiktok-takipci-satin-al","product_tag-tiktok-hizmetleri","product_tag-tiktok-takipci","product_tag-tiktok-takipci-satin-al"],"jetpack-related-posts":[{"id":836,"url":"https:\/\/fenoinsta.com\/tr\/product\/100-begeni-3\/","url_meta":{"origin":829,"position":0},"title":"100 Be\u011feni","date":"Ekim 13, 2021","format":false,"excerpt":"Ger\u00e7ek Global Kullan\u0131c\u0131lar 0-1 Saat \u0130\u015flem S\u00fcresi Tek Payla\u015f\u0131m \u0130\u00e7indir Hesab\u0131n\u0131z Gizli Olmamal\u0131 Ba\u015fkas\u0131n\u0131 Takip Etmezsiniz \u015eifre Vermeniz Gerekmiyor %100 G\u00fcvenli 3D Korumal\u0131 Al\u0131\u015fveri\u015f Dikkat Etmeniz Gerekenler \u2757 Be\u011feniler tek g\u00f6nderi i\u00e7indir. Daha fazla g\u00f6nderilere payla\u015ft\u0131r\u0131lamaz. Sipari\u015fi girdikten sonra i\u015flem tamamlanmadan hesab\u0131n gizliye al\u0131nmas\u0131 gibi durumlarda sipari\u015finiz yanabilir ve iade\u2026","rel":"","context":"Benzer yaz\u0131","img":{"alt_text":"","src":"https:\/\/i0.wp.com\/fenoinsta.com\/tr\/wp-content\/uploads\/2021\/10\/Tiktok-Begeni-100.jpg?resize=350%2C200&ssl=1","width":350,"height":200},"classes":[]},{"id":842,"url":"https:\/\/fenoinsta.com\/tr\/product\/10-000-begeni\/","url_meta":{"origin":829,"position":1},"title":"10.000 Be\u011feni","date":"Ekim 13, 2021","format":false,"excerpt":"Ger\u00e7ek Global Kullan\u0131c\u0131lar 0-1 Saat \u0130\u015flem S\u00fcresi En Fazla 100 G\u00f6nderiye Payla\u015ft\u0131r\u0131labilir Hesab\u0131n\u0131z Gizli Olmamal\u0131 Ba\u015fkas\u0131n\u0131 Takip Etmezsiniz \u015eifre Vermeniz Gerekmiyor %100 G\u00fcvenli 3D Korumal\u0131 Al\u0131\u015fveri\u015f Dikkat Etmeniz Gerekenler \u2757 Be\u011feniler en fazla 100 g\u00f6nderi i\u00e7indir. Daha fazla g\u00f6nderilere payla\u015ft\u0131r\u0131lamaz. Sipari\u015fi girdikten sonra i\u015flem tamamlanmadan hesab\u0131n gizliye al\u0131nmas\u0131 gibi durumlarda\u2026","rel":"","context":"Benzer yaz\u0131","img":{"alt_text":"","src":"https:\/\/i0.wp.com\/fenoinsta.com\/tr\/wp-content\/uploads\/2021\/10\/Tiktok-Begeni-10000.jpg?resize=350%2C200&ssl=1","width":350,"height":200},"classes":[]},{"id":715,"url":"https:\/\/fenoinsta.com\/tr\/product\/100-retweet\/","url_meta":{"origin":829,"position":2},"title":"100 Retweet","date":"Ekim 13, 2021","format":false,"excerpt":"Ger\u00e7ek Kullan\u0131c\u0131lardan Gelir G\u00fcnde 100-300 Retweet Gelir Hesab\u0131n\u0131z Gizli Olmamal\u0131 Ba\u015fkas\u0131n\u0131 Takip Etmezsiniz \u015eifre Vermeniz Gerekmiyor %100 G\u00fcvenli 3D Korumal\u0131 Al\u0131\u015fveri\u015f EFT \u0130le \u00d6deme \u0130mkan\u0131 Dikkat Etmeniz Gerekenler\u00a0 Sipari\u015fi girdikten sonra i\u015flem tamamlanmadan payla\u015f\u0131m\u0131n silinmesi, hesab\u0131n gizliye al\u0131nmas\u0131 gibi durumlarda sipari\u015finiz yanabilir ve iade yap\u0131lamaz. Ayr\u0131ca; +18, yasa d\u0131\u015f\u0131 bahis,\u2026","rel":"","context":"Benzer yaz\u0131","img":{"alt_text":"","src":"https:\/\/i0.wp.com\/fenoinsta.com\/tr\/wp-content\/uploads\/2021\/10\/Twitter-Retweet-100.jpg?resize=350%2C200&ssl=1","width":350,"height":200},"classes":[]},{"id":709,"url":"https:\/\/fenoinsta.com\/tr\/product\/100-begeni-2\/","url_meta":{"origin":829,"position":3},"title":"100 Be\u011feni","date":"Ekim 13, 2021","format":false,"excerpt":"Ger\u00e7ek Kullan\u0131c\u0131lardan Gelir G\u00fcnde 50-100 Be\u011feni Gelir Hesab\u0131n\u0131z Gizli Olmamal\u0131 Ba\u015fkas\u0131n\u0131 Takip Etmezsiniz \u015eifre Vermeniz Gerekmiyor %100 G\u00fcvenli 3D Korumal\u0131 Al\u0131\u015fveri\u015f EFT \u0130le \u00d6deme \u0130mkan\u0131 Dikkat Etmeniz Gerekenler \u2757 Sipari\u015fi girdikten sonra i\u015flem tamamlanmadan payla\u015f\u0131m\u0131n silinmesi, hesab\u0131n gizliye al\u0131nmas\u0131 gibi durumlarda sipari\u015finiz yanabilir ve iade yap\u0131lamaz. Ayr\u0131ca; +18, yasa d\u0131\u015f\u0131\u2026","rel":"","context":"Benzer yaz\u0131","img":{"alt_text":"","src":"https:\/\/i0.wp.com\/fenoinsta.com\/tr\/wp-content\/uploads\/2021\/10\/Twitter-Fav-100.jpg?resize=350%2C200&ssl=1","width":350,"height":200},"classes":[]},{"id":716,"url":"https:\/\/fenoinsta.com\/tr\/product\/50-retweet\/","url_meta":{"origin":829,"position":4},"title":"50 Retweet","date":"Ekim 13, 2021","format":false,"excerpt":"Ger\u00e7ek Kullan\u0131c\u0131lardan Gelir G\u00fcnde 100-300 Retweet Gelir Hesab\u0131n\u0131z Gizli Olmamal\u0131 Ba\u015fkas\u0131n\u0131 Takip Etmezsiniz \u015eifre Vermeniz Gerekmiyor %100 G\u00fcvenli 3D Korumal\u0131 Al\u0131\u015fveri\u015f EFT \u0130le \u00d6deme \u0130mkan\u0131 Dikkat Etmeniz Gerekenler\u00a0 Sipari\u015fi girdikten sonra i\u015flem tamamlanmadan payla\u015f\u0131m\u0131n silinmesi, hesab\u0131n gizliye al\u0131nmas\u0131 gibi durumlarda sipari\u015finiz yanabilir ve iade yap\u0131lamaz. Ayr\u0131ca; +18, yasa d\u0131\u015f\u0131 bahis,\u2026","rel":"","context":"Benzer yaz\u0131","img":{"alt_text":"","src":"https:\/\/i0.wp.com\/fenoinsta.com\/tr\/wp-content\/uploads\/2021\/10\/Twitter-Retweet-50.jpg?resize=350%2C200&ssl=1","width":350,"height":200},"classes":[]},{"id":717,"url":"https:\/\/fenoinsta.com\/tr\/product\/250-retweet\/","url_meta":{"origin":829,"position":5},"title":"250 Retweet","date":"Ekim 13, 2021","format":false,"excerpt":"Ger\u00e7ek Kullan\u0131c\u0131lardan Gelir G\u00fcnde 100-300 Retweet Gelir Hesab\u0131n\u0131z Gizli Olmamal\u0131 Ba\u015fkas\u0131n\u0131 Takip Etmezsiniz \u015eifre Vermeniz Gerekmiyor %100 G\u00fcvenli 3D Korumal\u0131 Al\u0131\u015fveri\u015f EFT \u0130le \u00d6deme \u0130mkan\u0131 Dikkat Etmeniz Gerekenler\u00a0 Sipari\u015fi girdikten sonra i\u015flem tamamlanmadan payla\u015f\u0131m\u0131n silinmesi, hesab\u0131n gizliye al\u0131nmas\u0131 gibi durumlarda sipari\u015finiz yanabilir ve iade yap\u0131lamaz. Ayr\u0131ca; +18, yasa d\u0131\u015f\u0131 bahis,\u2026","rel":"","context":"Benzer yaz\u0131","img":{"alt_text":"","src":"https:\/\/i0.wp.com\/fenoinsta.com\/tr\/wp-content\/uploads\/2021\/10\/Twitter-Retweet-250.jpg?resize=350%2C200&ssl=1","width":350,"height":200},"classes":[]}],"_links":{"self":[{"href":"https:\/\/fenoinsta.com\/tr\/wp-json\/wp\/v2\/product\/829","targetHints":{"allow":["GET"]}}],"collection":[{"href":"https:\/\/fenoinsta.com\/tr\/wp-json\/wp\/v2\/product"}],"about":[{"href":"https:\/\/fenoinsta.com\/tr\/wp-json\/wp\/v2\/types\/product"}],"replies":[{"embeddable":true,"href":"https:\/\/fenoinsta.com\/tr\/wp-json\/wp\/v2\/comments?post=829"}],"wp:featuredmedia":[{"embeddable":true,"href":"https:\/\/fenoinsta.com\/tr\/wp-json\/wp\/v2\/media\/859"}],"wp:attachment":[{"href":"https:\/\/fenoinsta.com\/tr\/wp-json\/wp\/v2\/media?parent=829"}],"wp:term":[{"taxonomy":"product_cat","embeddable":true,"href":"https:\/\/fenoinsta.com\/tr\/wp-json\/wp\/v2\/product_cat?post=829"},{"taxonomy":"product_tag","embeddable":true,"href":"https:\/\/fenoinsta.com\/tr\/wp-json\/wp\/v2\/product_tag?post=829"}],"curies":[{"name":"wp","href":"https:\/\/api.w.org\/{rel}","templated":true}]}}