{"id":726,"date":"2021-10-13T11:30:02","date_gmt":"2021-10-13T11:30:02","guid":{"rendered":"https:\/\/www.takipinsta.org\/?post_type=product&amp;p=726"},"modified":"2021-10-13T11:30:02","modified_gmt":"2021-10-13T11:30:02","slug":"5-000-izlenme-3","status":"publish","type":"product","link":"https:\/\/fenoinsta.com\/tr\/product\/5-000-izlenme-3\/","title":{"rendered":"5.000 \u0130zlenme"},"content":{"rendered":"","protected":false},"excerpt":{"rendered":"<ul>\n<li>0-1 Saat \u0130\u015flem S\u00fcresi<\/li>\n<li>Hesab\u0131n\u0131z Gizli Olmamal\u0131<\/li>\n<li>Ba\u015fkas\u0131n\u0131 Takip Etmezsiniz<\/li>\n<li>\u015eifre Vermeniz Gerekmiyor<\/li>\n<li>%100 G\u00fcvenli 3D Korumal\u0131 Al\u0131\u015fveri\u015f<\/li>\n<\/ul>\n<p><strong>Dikkat Etmeniz Gerekenler \u2757<\/strong><\/p>\n<p>\u0130zlenmeler tek tweet i\u00e7indir. Daha fazla tweetlere payla\u015ft\u0131r\u0131lamaz.<\/p>\n<p><strong>Ayr\u0131ca;<\/strong><br \/>\n+18, yasa d\u0131\u015f\u0131 bahis, kumar ve cinsel i\u00e7erikli hesaplar i\u00e7in girilen sipari\u015fler onaylanmayacakt\u0131r.<\/p>\n","protected":false},"featured_media":756,"comment_status":"closed","ping_status":"closed","template":"","meta":{"spay_email":""},"product_cat":[532],"product_tag":[293,294,276,295,296,297,298,299,300,301,302],"class_list":["post-726","product","type-product","status-publish","has-post-thumbnail","hentry","product_cat-twitter-izlenme","product_tag-twitter-goruntulenme","product_tag-twitter-goruntulenme-satin-al","product_tag-twitter-hizmetleri","product_tag-twitter-izlenme","product_tag-twitter-izlenme-satin-al","product_tag-twitter-turk-izlenme","product_tag-twitter-turk-izlenme-satin-al","product_tag-twitter-video-goruntulenme","product_tag-twitter-video-goruntulenme-satin-al","product_tag-twitter-video-izlenme","product_tag-twitter-video-izlenme-satin-al"],"jetpack-related-posts":[{"id":723,"url":"https:\/\/fenoinsta.com\/tr\/product\/500-izlenme-3\/","url_meta":{"origin":726,"position":0},"title":"500 \u0130zlenme","date":"Ekim 13, 2021","format":false,"excerpt":"0-1 Saat \u0130\u015flem S\u00fcresi Hesab\u0131n\u0131z Gizli Olmamal\u0131 Ba\u015fkas\u0131n\u0131 Takip Etmezsiniz \u015eifre Vermeniz Gerekmiyor %100 G\u00fcvenli 3D Korumal\u0131 Al\u0131\u015fveri\u015f Dikkat Etmeniz Gerekenler \u2757 \u0130zlenmeler tek tweet i\u00e7indir. Daha fazla tweetlere payla\u015ft\u0131r\u0131lamaz. Ayr\u0131ca; +18, yasa d\u0131\u015f\u0131 bahis, kumar ve cinsel i\u00e7erikli hesaplar i\u00e7in girilen sipari\u015fler onaylanmayacakt\u0131r.","rel":"","context":"Benzer yaz\u0131","img":{"alt_text":"","src":"https:\/\/i0.wp.com\/fenoinsta.com\/tr\/wp-content\/uploads\/2021\/10\/Twitter-Izlenme-500.jpg?resize=350%2C200&ssl=1","width":350,"height":200},"classes":[]},{"id":724,"url":"https:\/\/fenoinsta.com\/tr\/product\/1-000-izlenme-3\/","url_meta":{"origin":726,"position":1},"title":"1.000 \u0130zlenme","date":"Ekim 13, 2021","format":false,"excerpt":"0-1 Saat \u0130\u015flem S\u00fcresi Hesab\u0131n\u0131z Gizli Olmamal\u0131 Ba\u015fkas\u0131n\u0131 Takip Etmezsiniz \u015eifre Vermeniz Gerekmiyor %100 G\u00fcvenli 3D Korumal\u0131 Al\u0131\u015fveri\u015f Dikkat Etmeniz Gerekenler \u2757 \u0130zlenmeler tek tweet i\u00e7indir. Daha fazla tweetlere payla\u015ft\u0131r\u0131lamaz. Ayr\u0131ca; +18, yasa d\u0131\u015f\u0131 bahis, kumar ve cinsel i\u00e7erikli hesaplar i\u00e7in girilen sipari\u015fler onaylanmayacakt\u0131r.","rel":"","context":"Benzer yaz\u0131","img":{"alt_text":"","src":"https:\/\/i0.wp.com\/fenoinsta.com\/tr\/wp-content\/uploads\/2021\/10\/Twitter-Izlenme-1000.jpg?resize=350%2C200&ssl=1","width":350,"height":200},"classes":[]},{"id":725,"url":"https:\/\/fenoinsta.com\/tr\/product\/2-500-izlenme-3\/","url_meta":{"origin":726,"position":2},"title":"2.500 \u0130zlenme","date":"Ekim 13, 2021","format":false,"excerpt":"0-1 Saat \u0130\u015flem S\u00fcresi Hesab\u0131n\u0131z Gizli Olmamal\u0131 Ba\u015fkas\u0131n\u0131 Takip Etmezsiniz \u015eifre Vermeniz Gerekmiyor %100 G\u00fcvenli 3D Korumal\u0131 Al\u0131\u015fveri\u015f Dikkat Etmeniz Gerekenler \u2757 \u0130zlenmeler tek tweet i\u00e7indir. Daha fazla tweetlere payla\u015ft\u0131r\u0131lamaz. Ayr\u0131ca; +18, yasa d\u0131\u015f\u0131 bahis, kumar ve cinsel i\u00e7erikli hesaplar i\u00e7in girilen sipari\u015fler onaylanmayacakt\u0131r.","rel":"","context":"Benzer yaz\u0131","img":{"alt_text":"","src":"https:\/\/i0.wp.com\/fenoinsta.com\/tr\/wp-content\/uploads\/2021\/10\/Twitter-Izlenme-2500.jpg?resize=350%2C200&ssl=1","width":350,"height":200},"classes":[]},{"id":727,"url":"https:\/\/fenoinsta.com\/tr\/product\/10-000-izlenme-3\/","url_meta":{"origin":726,"position":3},"title":"10.000 \u0130zlenme","date":"Ekim 13, 2021","format":false,"excerpt":"0-1 Saat \u0130\u015flem S\u00fcresi Hesab\u0131n\u0131z Gizli Olmamal\u0131 Ba\u015fkas\u0131n\u0131 Takip Etmezsiniz \u015eifre Vermeniz Gerekmiyor %100 G\u00fcvenli 3D Korumal\u0131 Al\u0131\u015fveri\u015f Dikkat Etmeniz Gerekenler \u2757 \u0130zlenmeler tek tweet i\u00e7indir. Daha fazla tweetlere payla\u015ft\u0131r\u0131lamaz. Ayr\u0131ca; +18, yasa d\u0131\u015f\u0131 bahis, kumar ve cinsel i\u00e7erikli hesaplar i\u00e7in girilen sipari\u015fler onaylanmayacakt\u0131r.","rel":"","context":"Benzer yaz\u0131","img":{"alt_text":"","src":"https:\/\/i0.wp.com\/fenoinsta.com\/tr\/wp-content\/uploads\/2021\/10\/Twitter-Izlenme-10000.jpg?resize=350%2C200&ssl=1","width":350,"height":200},"classes":[]},{"id":728,"url":"https:\/\/fenoinsta.com\/tr\/product\/25-000-izlenme-3\/","url_meta":{"origin":726,"position":4},"title":"25.000 \u0130zlenme","date":"Ekim 13, 2021","format":false,"excerpt":"0-1 Saat \u0130\u015flem S\u00fcresi Hesab\u0131n\u0131z Gizli Olmamal\u0131 Ba\u015fkas\u0131n\u0131 Takip Etmezsiniz \u015eifre Vermeniz Gerekmiyor %100 G\u00fcvenli 3D Korumal\u0131 Al\u0131\u015fveri\u015f Dikkat Etmeniz Gerekenler \u2757 \u0130zlenmeler tek tweet i\u00e7indir. Daha fazla tweetlere payla\u015ft\u0131r\u0131lamaz. Ayr\u0131ca; +18, yasa d\u0131\u015f\u0131 bahis, kumar ve cinsel i\u00e7erikli hesaplar i\u00e7in girilen sipari\u015fler onaylanmayacakt\u0131r.","rel":"","context":"Benzer yaz\u0131","img":{"alt_text":"","src":"https:\/\/i0.wp.com\/fenoinsta.com\/tr\/wp-content\/uploads\/2021\/10\/Twitter-Izlenme-25000.jpg?resize=350%2C200&ssl=1","width":350,"height":200},"classes":[]},{"id":729,"url":"https:\/\/fenoinsta.com\/tr\/product\/50-000-izlenme-3\/","url_meta":{"origin":726,"position":5},"title":"50.000 \u0130zlenme","date":"Ekim 13, 2021","format":false,"excerpt":"0-1 Saat \u0130\u015flem S\u00fcresi Hesab\u0131n\u0131z Gizli Olmamal\u0131 Ba\u015fkas\u0131n\u0131 Takip Etmezsiniz \u015eifre Vermeniz Gerekmiyor %100 G\u00fcvenli 3D Korumal\u0131 Al\u0131\u015fveri\u015f Dikkat Etmeniz Gerekenler \u2757 \u0130zlenmeler tek tweet i\u00e7indir. Daha fazla tweetlere payla\u015ft\u0131r\u0131lamaz. Ayr\u0131ca; +18, yasa d\u0131\u015f\u0131 bahis, kumar ve cinsel i\u00e7erikli hesaplar i\u00e7in girilen sipari\u015fler onaylanmayacakt\u0131r.","rel":"","context":"Benzer yaz\u0131","img":{"alt_text":"","src":"https:\/\/i0.wp.com\/fenoinsta.com\/tr\/wp-content\/uploads\/2021\/10\/Twitter-Izlenme-50000.jpg?resize=350%2C200&ssl=1","width":350,"height":200},"classes":[]}],"_links":{"self":[{"href":"https:\/\/fenoinsta.com\/tr\/wp-json\/wp\/v2\/product\/726","targetHints":{"allow":["GET"]}}],"collection":[{"href":"https:\/\/fenoinsta.com\/tr\/wp-json\/wp\/v2\/product"}],"about":[{"href":"https:\/\/fenoinsta.com\/tr\/wp-json\/wp\/v2\/types\/product"}],"replies":[{"embeddable":true,"href":"https:\/\/fenoinsta.com\/tr\/wp-json\/wp\/v2\/comments?post=726"}],"wp:featuredmedia":[{"embeddable":true,"href":"https:\/\/fenoinsta.com\/tr\/wp-json\/wp\/v2\/media\/756"}],"wp:attachment":[{"href":"https:\/\/fenoinsta.com\/tr\/wp-json\/wp\/v2\/media?parent=726"}],"wp:term":[{"taxonomy":"product_cat","embeddable":true,"href":"https:\/\/fenoinsta.com\/tr\/wp-json\/wp\/v2\/product_cat?post=726"},{"taxonomy":"product_tag","embeddable":true,"href":"https:\/\/fenoinsta.com\/tr\/wp-json\/wp\/v2\/product_tag?post=726"}],"curies":[{"name":"wp","href":"https:\/\/api.w.org\/{rel}","templated":true}]}}