{"id":721,"date":"2021-10-13T11:30:01","date_gmt":"2021-10-13T11:30:01","guid":{"rendered":"https:\/\/www.takipinsta.org\/?post_type=product&amp;p=721"},"modified":"2021-10-13T11:30:01","modified_gmt":"2021-10-13T11:30:01","slug":"5-000-retweet","status":"publish","type":"product","link":"https:\/\/fenoinsta.com\/tr\/product\/5-000-retweet\/","title":{"rendered":"5.000 Retweet"},"content":{"rendered":"","protected":false},"excerpt":{"rendered":"<ul>\n<li>Ger\u00e7ek Kullan\u0131c\u0131lardan Gelir<\/li>\n<li>G\u00fcnde 100-300 Retweet Gelir<\/li>\n<li>Hesab\u0131n\u0131z Gizli Olmamal\u0131<\/li>\n<li>Ba\u015fkas\u0131n\u0131 Takip Etmezsiniz<\/li>\n<li>\u015eifre Vermeniz Gerekmiyor<\/li>\n<li>%100 G\u00fcvenli 3D Korumal\u0131 Al\u0131\u015fveri\u015f<\/li>\n<li>EFT \u0130le \u00d6deme \u0130mkan\u0131<\/li>\n<\/ul>\n<p><strong>Dikkat Etmeniz Gerekenler\u00a0<img decoding=\"async\" class=\"emoji\" role=\"img\" draggable=\"false\" src=\"https:\/\/s.w.org\/images\/core\/emoji\/13.1.0\/svg\/2757.svg\" alt=\"\u2757\" \/><\/strong><\/p>\n<p>Sipari\u015fi girdikten sonra i\u015flem tamamlanmadan payla\u015f\u0131m\u0131n silinmesi, hesab\u0131n gizliye al\u0131nmas\u0131 gibi durumlarda sipari\u015finiz yanabilir ve iade yap\u0131lamaz.<\/p>\n<p><strong>Ayr\u0131ca;<\/strong><br \/>\n+18, yasa d\u0131\u015f\u0131 bahis, kumar ve cinsel i\u00e7erikli hesaplar i\u00e7in girilen sipari\u015fler onaylanmayacakt\u0131r.<\/p>\n","protected":false},"featured_media":751,"comment_status":"closed","ping_status":"closed","template":"","meta":{"spay_email":""},"product_cat":[541],"product_tag":[276,290,291],"class_list":["post-721","product","type-product","status-publish","has-post-thumbnail","hentry","product_cat-twitter-retweet","product_tag-twitter-hizmetleri","product_tag-twitter-retweet","product_tag-twitter-retweet-satin-al"],"jetpack-related-posts":[{"id":715,"url":"https:\/\/fenoinsta.com\/tr\/product\/100-retweet\/","url_meta":{"origin":721,"position":0},"title":"100 Retweet","date":"Ekim 13, 2021","format":false,"excerpt":"Ger\u00e7ek Kullan\u0131c\u0131lardan Gelir G\u00fcnde 100-300 Retweet Gelir Hesab\u0131n\u0131z Gizli Olmamal\u0131 Ba\u015fkas\u0131n\u0131 Takip Etmezsiniz \u015eifre Vermeniz Gerekmiyor %100 G\u00fcvenli 3D Korumal\u0131 Al\u0131\u015fveri\u015f EFT \u0130le \u00d6deme \u0130mkan\u0131 Dikkat Etmeniz Gerekenler\u00a0 Sipari\u015fi girdikten sonra i\u015flem tamamlanmadan payla\u015f\u0131m\u0131n silinmesi, hesab\u0131n gizliye al\u0131nmas\u0131 gibi durumlarda sipari\u015finiz yanabilir ve iade yap\u0131lamaz. Ayr\u0131ca; +18, yasa d\u0131\u015f\u0131 bahis,\u2026","rel":"","context":"Benzer yaz\u0131","img":{"alt_text":"","src":"https:\/\/i0.wp.com\/fenoinsta.com\/tr\/wp-content\/uploads\/2021\/10\/Twitter-Retweet-100.jpg?resize=350%2C200&ssl=1","width":350,"height":200},"classes":[]},{"id":716,"url":"https:\/\/fenoinsta.com\/tr\/product\/50-retweet\/","url_meta":{"origin":721,"position":1},"title":"50 Retweet","date":"Ekim 13, 2021","format":false,"excerpt":"Ger\u00e7ek Kullan\u0131c\u0131lardan Gelir G\u00fcnde 100-300 Retweet Gelir Hesab\u0131n\u0131z Gizli Olmamal\u0131 Ba\u015fkas\u0131n\u0131 Takip Etmezsiniz \u015eifre Vermeniz Gerekmiyor %100 G\u00fcvenli 3D Korumal\u0131 Al\u0131\u015fveri\u015f EFT \u0130le \u00d6deme \u0130mkan\u0131 Dikkat Etmeniz Gerekenler\u00a0 Sipari\u015fi girdikten sonra i\u015flem tamamlanmadan payla\u015f\u0131m\u0131n silinmesi, hesab\u0131n gizliye al\u0131nmas\u0131 gibi durumlarda sipari\u015finiz yanabilir ve iade yap\u0131lamaz. Ayr\u0131ca; +18, yasa d\u0131\u015f\u0131 bahis,\u2026","rel":"","context":"Benzer yaz\u0131","img":{"alt_text":"","src":"https:\/\/i0.wp.com\/fenoinsta.com\/tr\/wp-content\/uploads\/2021\/10\/Twitter-Retweet-50.jpg?resize=350%2C200&ssl=1","width":350,"height":200},"classes":[]},{"id":717,"url":"https:\/\/fenoinsta.com\/tr\/product\/250-retweet\/","url_meta":{"origin":721,"position":2},"title":"250 Retweet","date":"Ekim 13, 2021","format":false,"excerpt":"Ger\u00e7ek Kullan\u0131c\u0131lardan Gelir G\u00fcnde 100-300 Retweet Gelir Hesab\u0131n\u0131z Gizli Olmamal\u0131 Ba\u015fkas\u0131n\u0131 Takip Etmezsiniz \u015eifre Vermeniz Gerekmiyor %100 G\u00fcvenli 3D Korumal\u0131 Al\u0131\u015fveri\u015f EFT \u0130le \u00d6deme \u0130mkan\u0131 Dikkat Etmeniz Gerekenler\u00a0 Sipari\u015fi girdikten sonra i\u015flem tamamlanmadan payla\u015f\u0131m\u0131n silinmesi, hesab\u0131n gizliye al\u0131nmas\u0131 gibi durumlarda sipari\u015finiz yanabilir ve iade yap\u0131lamaz. Ayr\u0131ca; +18, yasa d\u0131\u015f\u0131 bahis,\u2026","rel":"","context":"Benzer yaz\u0131","img":{"alt_text":"","src":"https:\/\/i0.wp.com\/fenoinsta.com\/tr\/wp-content\/uploads\/2021\/10\/Twitter-Retweet-250.jpg?resize=350%2C200&ssl=1","width":350,"height":200},"classes":[]},{"id":718,"url":"https:\/\/fenoinsta.com\/tr\/product\/500-retweet\/","url_meta":{"origin":721,"position":3},"title":"500 Retweet","date":"Ekim 13, 2021","format":false,"excerpt":"Ger\u00e7ek Kullan\u0131c\u0131lardan Gelir G\u00fcnde 100-300 Retweet Gelir Hesab\u0131n\u0131z Gizli Olmamal\u0131 Ba\u015fkas\u0131n\u0131 Takip Etmezsiniz \u015eifre Vermeniz Gerekmiyor %100 G\u00fcvenli 3D Korumal\u0131 Al\u0131\u015fveri\u015f EFT \u0130le \u00d6deme \u0130mkan\u0131 Dikkat Etmeniz Gerekenler\u00a0 Sipari\u015fi girdikten sonra i\u015flem tamamlanmadan payla\u015f\u0131m\u0131n silinmesi, hesab\u0131n gizliye al\u0131nmas\u0131 gibi durumlarda sipari\u015finiz yanabilir ve iade yap\u0131lamaz. Ayr\u0131ca; +18, yasa d\u0131\u015f\u0131 bahis,\u2026","rel":"","context":"Benzer yaz\u0131","img":{"alt_text":"","src":"https:\/\/i0.wp.com\/fenoinsta.com\/tr\/wp-content\/uploads\/2021\/10\/Twitter-Retweet-500.jpg?resize=350%2C200&ssl=1","width":350,"height":200},"classes":[]},{"id":719,"url":"https:\/\/fenoinsta.com\/tr\/product\/1-000-retweet\/","url_meta":{"origin":721,"position":4},"title":"1.000 Retweet","date":"Ekim 13, 2021","format":false,"excerpt":"Ger\u00e7ek Kullan\u0131c\u0131lardan Gelir G\u00fcnde 100-300 Retweet Gelir Hesab\u0131n\u0131z Gizli Olmamal\u0131 Ba\u015fkas\u0131n\u0131 Takip Etmezsiniz \u015eifre Vermeniz Gerekmiyor %100 G\u00fcvenli 3D Korumal\u0131 Al\u0131\u015fveri\u015f EFT \u0130le \u00d6deme \u0130mkan\u0131 Dikkat Etmeniz Gerekenler\u00a0 Sipari\u015fi girdikten sonra i\u015flem tamamlanmadan payla\u015f\u0131m\u0131n silinmesi, hesab\u0131n gizliye al\u0131nmas\u0131 gibi durumlarda sipari\u015finiz yanabilir ve iade yap\u0131lamaz. Ayr\u0131ca; +18, yasa d\u0131\u015f\u0131 bahis,\u2026","rel":"","context":"Benzer yaz\u0131","img":{"alt_text":"","src":"https:\/\/i0.wp.com\/fenoinsta.com\/tr\/wp-content\/uploads\/2021\/10\/Twitter-Retweet-1000.jpg?resize=350%2C200&ssl=1","width":350,"height":200},"classes":[]},{"id":720,"url":"https:\/\/fenoinsta.com\/tr\/product\/2-500-retweet\/","url_meta":{"origin":721,"position":5},"title":"2.500 Retweet","date":"Ekim 13, 2021","format":false,"excerpt":"Ger\u00e7ek Kullan\u0131c\u0131lardan Gelir G\u00fcnde 100-300 Retweet Gelir Hesab\u0131n\u0131z Gizli Olmamal\u0131 Ba\u015fkas\u0131n\u0131 Takip Etmezsiniz \u015eifre Vermeniz Gerekmiyor %100 G\u00fcvenli 3D Korumal\u0131 Al\u0131\u015fveri\u015f EFT \u0130le \u00d6deme \u0130mkan\u0131 Dikkat Etmeniz Gerekenler\u00a0 Sipari\u015fi girdikten sonra i\u015flem tamamlanmadan payla\u015f\u0131m\u0131n silinmesi, hesab\u0131n gizliye al\u0131nmas\u0131 gibi durumlarda sipari\u015finiz yanabilir ve iade yap\u0131lamaz. Ayr\u0131ca; +18, yasa d\u0131\u015f\u0131 bahis,\u2026","rel":"","context":"Benzer yaz\u0131","img":{"alt_text":"","src":"https:\/\/i0.wp.com\/fenoinsta.com\/tr\/wp-content\/uploads\/2021\/10\/Twitter-Retweet-2500.jpg?resize=350%2C200&ssl=1","width":350,"height":200},"classes":[]}],"_links":{"self":[{"href":"https:\/\/fenoinsta.com\/tr\/wp-json\/wp\/v2\/product\/721","targetHints":{"allow":["GET"]}}],"collection":[{"href":"https:\/\/fenoinsta.com\/tr\/wp-json\/wp\/v2\/product"}],"about":[{"href":"https:\/\/fenoinsta.com\/tr\/wp-json\/wp\/v2\/types\/product"}],"replies":[{"embeddable":true,"href":"https:\/\/fenoinsta.com\/tr\/wp-json\/wp\/v2\/comments?post=721"}],"wp:featuredmedia":[{"embeddable":true,"href":"https:\/\/fenoinsta.com\/tr\/wp-json\/wp\/v2\/media\/751"}],"wp:attachment":[{"href":"https:\/\/fenoinsta.com\/tr\/wp-json\/wp\/v2\/media?parent=721"}],"wp:term":[{"taxonomy":"product_cat","embeddable":true,"href":"https:\/\/fenoinsta.com\/tr\/wp-json\/wp\/v2\/product_cat?post=721"},{"taxonomy":"product_tag","embeddable":true,"href":"https:\/\/fenoinsta.com\/tr\/wp-json\/wp\/v2\/product_tag?post=721"}],"curies":[{"name":"wp","href":"https:\/\/api.w.org\/{rel}","templated":true}]}}