{"id":712,"date":"2021-10-13T11:30:00","date_gmt":"2021-10-13T11:30:00","guid":{"rendered":"https:\/\/www.takipinsta.org\/?post_type=product&amp;p=712"},"modified":"2021-10-13T11:30:00","modified_gmt":"2021-10-13T11:30:00","slug":"1-000-begeni-2","status":"publish","type":"product","link":"https:\/\/fenoinsta.com\/tr\/product\/1-000-begeni-2\/","title":{"rendered":"1.000 Be\u011feni"},"content":{"rendered":"","protected":false},"excerpt":{"rendered":"<ul>\n<li>Ger\u00e7ek Kullan\u0131c\u0131lardan Gelir<\/li>\n<li>G\u00fcnde 50-100 Be\u011feni Gelir<\/li>\n<li>Hesab\u0131n\u0131z Gizli Olmamal\u0131<\/li>\n<li>Ba\u015fkas\u0131n\u0131 Takip Etmezsiniz<\/li>\n<li>\u015eifre Vermeniz Gerekmiyor<\/li>\n<li>%100 G\u00fcvenli 3D Korumal\u0131 Al\u0131\u015fveri\u015f<\/li>\n<li>EFT \u0130le \u00d6deme \u0130mkan\u0131<\/li>\n<\/ul>\n<p><strong>Dikkat Etmeniz Gerekenler \u2757<\/strong><\/p>\n<p><span style=\"font-size: 14.4px;\">Sipari\u015fi girdikten sonra i\u015flem tamamlanmadan payla\u015f\u0131m\u0131n silinmesi, hesab\u0131n gizliye al\u0131nmas\u0131 gibi durumlarda sipari\u015finiz yanabilir ve iade yap\u0131lamaz.<\/span><\/p>\n<p><strong>Ayr\u0131ca;<\/strong><br \/>\n+18, yasa d\u0131\u015f\u0131 bahis, kumar ve cinsel i\u00e7erikli hesaplar i\u00e7in girilen sipari\u015fler onaylanmayacakt\u0131r.<\/p>\n","protected":false},"featured_media":742,"comment_status":"closed","ping_status":"closed","template":"","meta":{"spay_email":""},"product_cat":[517],"product_tag":[283,284,285,286,287,288,276],"class_list":["post-712","product","type-product","status-publish","has-post-thumbnail","hentry","product_cat-twitter-begeni-fav","product_tag-twitter-begeni","product_tag-twitter-begeni-satin-al","product_tag-twitter-fav","product_tag-twitter-fav-satin-al","product_tag-twitter-favori","product_tag-twitter-favori-satin-al","product_tag-twitter-hizmetleri"],"jetpack-related-posts":[{"id":709,"url":"https:\/\/fenoinsta.com\/tr\/product\/100-begeni-2\/","url_meta":{"origin":712,"position":0},"title":"100 Be\u011feni","date":"Ekim 13, 2021","format":false,"excerpt":"Ger\u00e7ek Kullan\u0131c\u0131lardan Gelir G\u00fcnde 50-100 Be\u011feni Gelir Hesab\u0131n\u0131z Gizli Olmamal\u0131 Ba\u015fkas\u0131n\u0131 Takip Etmezsiniz \u015eifre Vermeniz Gerekmiyor %100 G\u00fcvenli 3D Korumal\u0131 Al\u0131\u015fveri\u015f EFT \u0130le \u00d6deme \u0130mkan\u0131 Dikkat Etmeniz Gerekenler \u2757 Sipari\u015fi girdikten sonra i\u015flem tamamlanmadan payla\u015f\u0131m\u0131n silinmesi, hesab\u0131n gizliye al\u0131nmas\u0131 gibi durumlarda sipari\u015finiz yanabilir ve iade yap\u0131lamaz. Ayr\u0131ca; +18, yasa d\u0131\u015f\u0131\u2026","rel":"","context":"Benzer yaz\u0131","img":{"alt_text":"","src":"https:\/\/i0.wp.com\/fenoinsta.com\/tr\/wp-content\/uploads\/2021\/10\/Twitter-Fav-100.jpg?resize=350%2C200&ssl=1","width":350,"height":200},"classes":[]},{"id":708,"url":"https:\/\/fenoinsta.com\/tr\/product\/50-begeni-2\/","url_meta":{"origin":712,"position":1},"title":"50 Be\u011feni","date":"Ekim 13, 2021","format":false,"excerpt":"Ger\u00e7ek Kullan\u0131c\u0131lardan Gelir G\u00fcnde 50-100 Be\u011feni Gelir Hesab\u0131n\u0131z Gizli Olmamal\u0131 Ba\u015fkas\u0131n\u0131 Takip Etmezsiniz \u015eifre Vermeniz Gerekmiyor %100 G\u00fcvenli 3D Korumal\u0131 Al\u0131\u015fveri\u015f EFT \u0130le \u00d6deme \u0130mkan\u0131 Dikkat Etmeniz Gerekenler \u2757 Sipari\u015fi girdikten sonra i\u015flem tamamlanmadan payla\u015f\u0131m\u0131n silinmesi, hesab\u0131n gizliye al\u0131nmas\u0131 gibi durumlarda sipari\u015finiz yanabilir ve iade yap\u0131lamaz. Ayr\u0131ca; +18, yasa d\u0131\u015f\u0131\u2026","rel":"","context":"Benzer yaz\u0131","img":{"alt_text":"","src":"https:\/\/i0.wp.com\/fenoinsta.com\/tr\/wp-content\/uploads\/2021\/10\/Twitter-Fav-50.jpg?resize=350%2C200&ssl=1","width":350,"height":200},"classes":[]},{"id":710,"url":"https:\/\/fenoinsta.com\/tr\/product\/250-begeni-2\/","url_meta":{"origin":712,"position":2},"title":"250 Be\u011feni","date":"Ekim 13, 2021","format":false,"excerpt":"Ger\u00e7ek Kullan\u0131c\u0131lardan Gelir G\u00fcnde 50-100 Be\u011feni Gelir Hesab\u0131n\u0131z Gizli Olmamal\u0131 Ba\u015fkas\u0131n\u0131 Takip Etmezsiniz \u015eifre Vermeniz Gerekmiyor %100 G\u00fcvenli 3D Korumal\u0131 Al\u0131\u015fveri\u015f EFT \u0130le \u00d6deme \u0130mkan\u0131 Dikkat Etmeniz Gerekenler \u2757 Sipari\u015fi girdikten sonra i\u015flem tamamlanmadan payla\u015f\u0131m\u0131n silinmesi, hesab\u0131n gizliye al\u0131nmas\u0131 gibi durumlarda sipari\u015finiz yanabilir ve iade yap\u0131lamaz. Ayr\u0131ca; +18, yasa d\u0131\u015f\u0131\u2026","rel":"","context":"Benzer yaz\u0131","img":{"alt_text":"","src":"https:\/\/i0.wp.com\/fenoinsta.com\/tr\/wp-content\/uploads\/2021\/10\/Twitter-Fav-250.jpg?resize=350%2C200&ssl=1","width":350,"height":200},"classes":[]},{"id":711,"url":"https:\/\/fenoinsta.com\/tr\/product\/500-begeni-2\/","url_meta":{"origin":712,"position":3},"title":"500 Be\u011feni","date":"Ekim 13, 2021","format":false,"excerpt":"Ger\u00e7ek Kullan\u0131c\u0131lardan Gelir G\u00fcnde 50-100 Be\u011feni Gelir Hesab\u0131n\u0131z Gizli Olmamal\u0131 Ba\u015fkas\u0131n\u0131 Takip Etmezsiniz \u015eifre Vermeniz Gerekmiyor %100 G\u00fcvenli 3D Korumal\u0131 Al\u0131\u015fveri\u015f EFT \u0130le \u00d6deme \u0130mkan\u0131 Dikkat Etmeniz Gerekenler \u2757 Sipari\u015fi girdikten sonra i\u015flem tamamlanmadan payla\u015f\u0131m\u0131n silinmesi, hesab\u0131n gizliye al\u0131nmas\u0131 gibi durumlarda sipari\u015finiz yanabilir ve iade yap\u0131lamaz. Ayr\u0131ca; +18, yasa d\u0131\u015f\u0131\u2026","rel":"","context":"Benzer yaz\u0131","img":{"alt_text":"","src":"https:\/\/i0.wp.com\/fenoinsta.com\/tr\/wp-content\/uploads\/2021\/10\/Twitter-Fav-500.jpg?resize=350%2C200&ssl=1","width":350,"height":200},"classes":[]},{"id":713,"url":"https:\/\/fenoinsta.com\/tr\/product\/2-500-begeni-2\/","url_meta":{"origin":712,"position":4},"title":"2.500 Be\u011feni","date":"Ekim 13, 2021","format":false,"excerpt":"Ger\u00e7ek Kullan\u0131c\u0131lardan Gelir G\u00fcnde 50-100 Be\u011feni Gelir Hesab\u0131n\u0131z Gizli Olmamal\u0131 Ba\u015fkas\u0131n\u0131 Takip Etmezsiniz \u015eifre Vermeniz Gerekmiyor %100 G\u00fcvenli 3D Korumal\u0131 Al\u0131\u015fveri\u015f EFT \u0130le \u00d6deme \u0130mkan\u0131 Dikkat Etmeniz Gerekenler \u2757 Sipari\u015fi girdikten sonra i\u015flem tamamlanmadan payla\u015f\u0131m\u0131n silinmesi, hesab\u0131n gizliye al\u0131nmas\u0131 gibi durumlarda sipari\u015finiz yanabilir ve iade yap\u0131lamaz. Ayr\u0131ca; +18, yasa d\u0131\u015f\u0131\u2026","rel":"","context":"Benzer yaz\u0131","img":{"alt_text":"","src":"https:\/\/i0.wp.com\/fenoinsta.com\/tr\/wp-content\/uploads\/2021\/10\/Twitter-Fav-2500.jpg?resize=350%2C200&ssl=1","width":350,"height":200},"classes":[]},{"id":714,"url":"https:\/\/fenoinsta.com\/tr\/product\/5-000-begeni-2\/","url_meta":{"origin":712,"position":5},"title":"5.000 Be\u011feni","date":"Ekim 13, 2021","format":false,"excerpt":"Ger\u00e7ek Kullan\u0131c\u0131lardan Gelir G\u00fcnde 50-100 Be\u011feni Gelir Hesab\u0131n\u0131z Gizli Olmamal\u0131 Ba\u015fkas\u0131n\u0131 Takip Etmezsiniz \u015eifre Vermeniz Gerekmiyor %100 G\u00fcvenli 3D Korumal\u0131 Al\u0131\u015fveri\u015f EFT \u0130le \u00d6deme \u0130mkan\u0131 Dikkat Etmeniz Gerekenler \u2757 Sipari\u015fi girdikten sonra i\u015flem tamamlanmadan payla\u015f\u0131m\u0131n silinmesi, hesab\u0131n gizliye al\u0131nmas\u0131 gibi durumlarda sipari\u015finiz yanabilir ve iade yap\u0131lamaz. Ayr\u0131ca; +18, yasa d\u0131\u015f\u0131\u2026","rel":"","context":"Benzer yaz\u0131","img":{"alt_text":"","src":"https:\/\/i0.wp.com\/fenoinsta.com\/tr\/wp-content\/uploads\/2021\/10\/Twitter-Fav-5000.jpg?resize=350%2C200&ssl=1","width":350,"height":200},"classes":[]}],"_links":{"self":[{"href":"https:\/\/fenoinsta.com\/tr\/wp-json\/wp\/v2\/product\/712","targetHints":{"allow":["GET"]}}],"collection":[{"href":"https:\/\/fenoinsta.com\/tr\/wp-json\/wp\/v2\/product"}],"about":[{"href":"https:\/\/fenoinsta.com\/tr\/wp-json\/wp\/v2\/types\/product"}],"replies":[{"embeddable":true,"href":"https:\/\/fenoinsta.com\/tr\/wp-json\/wp\/v2\/comments?post=712"}],"wp:featuredmedia":[{"embeddable":true,"href":"https:\/\/fenoinsta.com\/tr\/wp-json\/wp\/v2\/media\/742"}],"wp:attachment":[{"href":"https:\/\/fenoinsta.com\/tr\/wp-json\/wp\/v2\/media?parent=712"}],"wp:term":[{"taxonomy":"product_cat","embeddable":true,"href":"https:\/\/fenoinsta.com\/tr\/wp-json\/wp\/v2\/product_cat?post=712"},{"taxonomy":"product_tag","embeddable":true,"href":"https:\/\/fenoinsta.com\/tr\/wp-json\/wp\/v2\/product_tag?post=712"}],"curies":[{"name":"wp","href":"https:\/\/api.w.org\/{rel}","templated":true}]}}