{"id":704,"date":"2021-10-13T11:29:58","date_gmt":"2021-10-13T11:29:58","guid":{"rendered":"https:\/\/www.takipinsta.org\/?post_type=product&#038;p=704"},"modified":"2023-10-16T13:24:19","modified_gmt":"2023-10-16T13:24:19","slug":"100-takipci","status":"publish","type":"product","link":"https:\/\/fenoinsta.com\/tr\/product\/100-takipci\/","title":{"rendered":"100 T\u00fcrk Takip\u00e7i"},"content":{"rendered":"","protected":false},"excerpt":{"rendered":"<ul>\n<li>%90 Ger\u00e7ek T\u00fcrk Kullan\u0131c\u0131lar<\/li>\n<li>1 Ay \u0130\u00e7inde 2 Kez Telafi Hakk\u0131<\/li>\n<li>G\u00fcnde 100-300 Takip\u00e7i Gelir<\/li>\n<li>Hesab\u0131n\u0131z Gizli Olmamal\u0131<\/li>\n<li>Ba\u015fkas\u0131n\u0131 Takip Etmezsiniz<\/li>\n<li>\u015eifre Vermeniz Gerekmiyor<\/li>\n<li>%100 G\u00fcvenli 3D Korumal\u0131 Al\u0131\u015fveri\u015f<\/li>\n<li>EFT \u0130le \u00d6deme \u0130mkan\u0131<\/li>\n<\/ul>\n<p><strong>Dikkat Etmeniz Gerekenler \u2757<\/strong><\/p>\n<p><span style=\"font-size: 14.4px;\">Sipari\u015fi girdikten sonra i\u015flem tamamlanmadan kullan\u0131c\u0131 ad\u0131 de\u011fi\u015ftirilmesi, hesab\u0131n gizliye al\u0131nmas\u0131 gibi durumlarda sipari\u015finiz yanabilir ve iade yap\u0131lamaz.<\/span><\/p>\n<p><strong>Ayr\u0131ca;<\/strong><br \/>\n+18, yasa d\u0131\u015f\u0131 bahis, kumar ve cinsel i\u00e7erikli hesaplar i\u00e7in girilen sipari\u015fler onaylanmayacakt\u0131r.<\/p>\n","protected":false},"featured_media":2787,"comment_status":"closed","ping_status":"closed","template":"","meta":{"spay_email":""},"product_cat":[273,542],"product_tag":[275,276,277,278,279,280,281],"class_list":["post-704","product","type-product","status-publish","has-post-thumbnail","hentry","product_cat-twitter","product_cat-twitter-takipci","product_tag-twitter-gercek-takipci","product_tag-twitter-hizmetleri","product_tag-twitter-takipci","product_tag-twitter-takipci-2021","product_tag-twitter-takipci-satin-al","product_tag-twitter-turk-takipci","product_tag-twitter-turk-takipci-satin-al"],"jetpack-related-posts":[{"id":705,"url":"https:\/\/fenoinsta.com\/tr\/product\/250-takipci\/","url_meta":{"origin":704,"position":0},"title":"250 T\u00fcrk Takip\u00e7i","date":"Ekim 13, 2021","format":false,"excerpt":"%90 Ger\u00e7ek T\u00fcrk Kullan\u0131c\u0131lar 1 Ay \u0130\u00e7inde 2 Kez Telafi Hakk\u0131 G\u00fcnde 100-300 Takip\u00e7i Gelir Hesab\u0131n\u0131z Gizli Olmamal\u0131 Ba\u015fkas\u0131n\u0131 Takip Etmezsiniz \u015eifre Vermeniz Gerekmiyor %100 G\u00fcvenli 3D Korumal\u0131 Al\u0131\u015fveri\u015f EFT \u0130le \u00d6deme \u0130mkan\u0131 Dikkat Etmeniz Gerekenler \u2757 Sipari\u015fi girdikten sonra i\u015flem tamamlanmadan kullan\u0131c\u0131 ad\u0131 de\u011fi\u015ftirilmesi, hesab\u0131n gizliye al\u0131nmas\u0131 gibi durumlarda\u2026","rel":"","context":"Benzer yaz\u0131","img":{"alt_text":"","src":"https:\/\/i0.wp.com\/fenoinsta.com\/tr\/wp-content\/uploads\/2021\/10\/250-Takipci-X-twitter.png?resize=350%2C200&ssl=1","width":350,"height":200},"classes":[]},{"id":706,"url":"https:\/\/fenoinsta.com\/tr\/product\/500-takipci\/","url_meta":{"origin":704,"position":1},"title":"500 T\u00fcrk Takip\u00e7i","date":"Ekim 13, 2021","format":false,"excerpt":"%90 Ger\u00e7ek T\u00fcrk Kullan\u0131c\u0131lar 1 Ay \u0130\u00e7inde 2 Kez Telafi Hakk\u0131 G\u00fcnde 100-300 Takip\u00e7i Gelir Hesab\u0131n\u0131z Gizli Olmamal\u0131 Ba\u015fkas\u0131n\u0131 Takip Etmezsiniz \u015eifre Vermeniz Gerekmiyor %100 G\u00fcvenli 3D Korumal\u0131 Al\u0131\u015fveri\u015f EFT \u0130le \u00d6deme \u0130mkan\u0131 Dikkat Etmeniz Gerekenler \u2757 Sipari\u015fi girdikten sonra i\u015flem tamamlanmadan kullan\u0131c\u0131 ad\u0131 de\u011fi\u015ftirilmesi, hesab\u0131n gizliye al\u0131nmas\u0131 gibi durumlarda\u2026","rel":"","context":"Benzer yaz\u0131","img":{"alt_text":"","src":"https:\/\/i0.wp.com\/fenoinsta.com\/tr\/wp-content\/uploads\/2021\/10\/500-Takipci-X-twitter.png?resize=350%2C200&ssl=1","width":350,"height":200},"classes":[]},{"id":707,"url":"https:\/\/fenoinsta.com\/tr\/product\/1-000-takipci\/","url_meta":{"origin":704,"position":2},"title":"1.000 T\u00fcrk Takip\u00e7i","date":"Ekim 13, 2021","format":false,"excerpt":"%90 Ger\u00e7ek T\u00fcrk Kullan\u0131c\u0131lar 1 Ay \u0130\u00e7inde 2 Kez Telafi Hakk\u0131 G\u00fcnde 100-300 Takip\u00e7i Gelir Hesab\u0131n\u0131z Gizli Olmamal\u0131 Ba\u015fkas\u0131n\u0131 Takip Etmezsiniz \u015eifre Vermeniz Gerekmiyor %100 G\u00fcvenli 3D Korumal\u0131 Al\u0131\u015fveri\u015f EFT \u0130le \u00d6deme \u0130mkan\u0131 Dikkat Etmeniz Gerekenler \u2757 Sipari\u015fi girdikten sonra i\u015flem tamamlanmadan kullan\u0131c\u0131 ad\u0131 de\u011fi\u015ftirilmesi, hesab\u0131n gizliye al\u0131nmas\u0131 gibi durumlarda\u2026","rel":"","context":"Benzer yaz\u0131","img":{"alt_text":"","src":"https:\/\/i0.wp.com\/fenoinsta.com\/tr\/wp-content\/uploads\/2021\/10\/1000-Takipci-X-twitter.png?resize=350%2C200&ssl=1","width":350,"height":200},"classes":[]},{"id":1797,"url":"https:\/\/fenoinsta.com\/tr\/product\/750-gercek-turk-takipci\/","url_meta":{"origin":704,"position":3},"title":"750 Ger\u00e7ek T\u00fcrk Takip\u00e7i","date":"Mart 28, 2022","format":false,"excerpt":"D\u00fcnya Piyasas\u0131ndaki En Kaliteli T\u00fcrk Servisidir Ba\u015fkas\u0131n\u0131 Takip Etmek Yok \u015eifre Vermek Yok SMS ve Mail Onayl\u0131 Ger\u00e7ek Kullan\u0131c\u0131lar Olas\u0131 D\u00fc\u015f\u00fc\u015flerde 90 G\u00fcn Boyunca SINIRSIZ Telafi Hakk\u0131 WhatsApp ve Site \u00dczerinden Sipari\u015f Takibi %100 G\u00fcvenli 3D Korumal\u0131 Al\u0131\u015fveri\u015f EFT \u0130le \u00d6deme \u0130mkan\u0131 \u00a0 Dikkat Etmeniz Gerekenler De\u011ferli M\u00fc\u015fterimiz, Sipari\u015f \u00f6ncesinde\u2026","rel":"","context":"Benzer yaz\u0131","img":{"alt_text":"","src":"https:\/\/i0.wp.com\/fenoinsta.com\/tr\/wp-content\/uploads\/2021\/10\/Fenoinsta-Takipci-2.png?resize=350%2C200&ssl=1","width":350,"height":200},"classes":[]},{"id":354,"url":"https:\/\/fenoinsta.com\/tr\/product\/500-gercek-turk-takipci\/","url_meta":{"origin":704,"position":4},"title":"500 Ger\u00e7ek T\u00fcrk Takip\u00e7i","date":"Ekim 13, 2021","format":false,"excerpt":"D\u00fcnya Piyasas\u0131ndaki En Kaliteli T\u00fcrk Servisidir Ba\u015fkas\u0131n\u0131 Takip Etmek Yok \u015eifre Vermek Yok SMS ve Mail Onayl\u0131 Ger\u00e7ek Kullan\u0131c\u0131lar Olas\u0131 D\u00fc\u015f\u00fc\u015flerde 90 G\u00fcn Boyunca SINIRSIZ Telafi Hakk\u0131 WhatsApp ve Site \u00dczerinden Sipari\u015f Takibi %100 G\u00fcvenli 3D Korumal\u0131 Al\u0131\u015fveri\u015f EFT \u0130le \u00d6deme \u0130mkan\u0131 \u00a0 Dikkat Etmeniz Gerekenler De\u011ferli M\u00fc\u015fterimiz, Sipari\u015f \u00f6ncesinde\u2026","rel":"","context":"Benzer yaz\u0131","img":{"alt_text":"","src":"https:\/\/i0.wp.com\/fenoinsta.com\/tr\/wp-content\/uploads\/2021\/10\/Fenoinsta-Takipci-1.png?resize=350%2C200&ssl=1","width":350,"height":200},"classes":[]},{"id":356,"url":"https:\/\/fenoinsta.com\/tr\/product\/5-000-gercek-turk-takipci\/","url_meta":{"origin":704,"position":5},"title":"5.000 Ger\u00e7ek T\u00fcrk Takip\u00e7i","date":"Ekim 13, 2021","format":false,"excerpt":"D\u00fcnya Piyasas\u0131ndaki En Kaliteli T\u00fcrk Servisidir Ba\u015fkas\u0131n\u0131 Takip Etmek Yok \u015eifre Vermek Yok SMS ve Mail Onayl\u0131 Ger\u00e7ek Kullan\u0131c\u0131lar Olas\u0131 D\u00fc\u015f\u00fc\u015flerde 90 G\u00fcn Boyunca SINIRSIZ Telafi Hakk\u0131 WhatsApp ve Site \u00dczerinden Sipari\u015f Takibi %100 G\u00fcvenli 3D Korumal\u0131 Al\u0131\u015fveri\u015f EFT \u0130le \u00d6deme \u0130mkan\u0131 \u00a0 Dikkat Etmeniz Gerekenler De\u011ferli M\u00fc\u015fterimiz, Sipari\u015f \u00f6ncesinde\u2026","rel":"","context":"Benzer yaz\u0131","img":{"alt_text":"","src":"https:\/\/i0.wp.com\/fenoinsta.com\/tr\/wp-content\/uploads\/2021\/10\/Fenoinsta-Takipci-5.png?resize=350%2C200&ssl=1","width":350,"height":200},"classes":[]}],"_links":{"self":[{"href":"https:\/\/fenoinsta.com\/tr\/wp-json\/wp\/v2\/product\/704","targetHints":{"allow":["GET"]}}],"collection":[{"href":"https:\/\/fenoinsta.com\/tr\/wp-json\/wp\/v2\/product"}],"about":[{"href":"https:\/\/fenoinsta.com\/tr\/wp-json\/wp\/v2\/types\/product"}],"replies":[{"embeddable":true,"href":"https:\/\/fenoinsta.com\/tr\/wp-json\/wp\/v2\/comments?post=704"}],"wp:featuredmedia":[{"embeddable":true,"href":"https:\/\/fenoinsta.com\/tr\/wp-json\/wp\/v2\/media\/2787"}],"wp:attachment":[{"href":"https:\/\/fenoinsta.com\/tr\/wp-json\/wp\/v2\/media?parent=704"}],"wp:term":[{"taxonomy":"product_cat","embeddable":true,"href":"https:\/\/fenoinsta.com\/tr\/wp-json\/wp\/v2\/product_cat?post=704"},{"taxonomy":"product_tag","embeddable":true,"href":"https:\/\/fenoinsta.com\/tr\/wp-json\/wp\/v2\/product_tag?post=704"}],"curies":[{"name":"wp","href":"https:\/\/api.w.org\/{rel}","templated":true}]}}