{"id":701,"date":"2021-10-13T11:29:58","date_gmt":"2021-10-13T11:29:58","guid":{"rendered":"https:\/\/www.takipinsta.org\/?post_type=product&amp;p=701"},"modified":"2021-10-13T11:29:58","modified_gmt":"2021-10-13T11:29:58","slug":"1-000-canli-yayin-izlenme-2","status":"publish","type":"product","link":"https:\/\/fenoinsta.com\/tr\/product\/1-000-canli-yayin-izlenme-2\/","title":{"rendered":"1.000 Canl\u0131 Yay\u0131n \u0130zlenme"},"content":{"rendered":"","protected":false},"excerpt":{"rendered":"<ul>\n<li>Ger\u00e7ek Global Kullan\u0131c\u0131lar<\/li>\n<li>Birka\u00e7 Dakika \u0130\u00e7inde Kat\u0131l\u0131mlar Ba\u015flar<\/li>\n<li>1-2 Saat Yay\u0131nda Kal\u0131rlar<\/li>\n<li>Hi\u00e7bir Kanal\u0131 Takip Etmezsiniz<\/li>\n<li>\u015eifre Vermeniz Gerekmiyor<\/li>\n<li>%100 G\u00fcvenli 3D Korumal\u0131 Al\u0131\u015fveri\u015f<\/li>\n<li>EFT \u0130le \u00d6deme Se\u00e7ene\u011fi<\/li>\n<\/ul>\n<p><strong>Dikkat Etmeniz Gerekenler\u00a0<img decoding=\"async\" class=\"emoji\" role=\"img\" draggable=\"false\" src=\"https:\/\/s.w.org\/images\/core\/emoji\/13.0.1\/svg\/2757.svg\" alt=\"\u2757\" \/><\/strong><\/p>\n<p>Yay\u0131n t\u00fcm \u00fclkelere a\u00e7\u0131k olmal\u0131d\u0131r. Yay\u0131n kapan\u0131rsa sorumluluk kullan\u0131c\u0131ya aittir. \u0130zleyiciler ger\u00e7ek kullan\u0131c\u0131lar olduklar\u0131 i\u00e7in s\u00fcrekli giri\u015f \u00e7\u0131k\u0131\u015flar olacakt\u0131r. \u0130zleyici say\u0131s\u0131 sabit kalmaz. Gelen izleyici say\u0131s\u0131 yay\u0131n\u0131n kalitesine g\u00f6re azal\u0131p artabilir. Ortalama izleyici say\u0131s\u0131 300-400 civar\u0131d\u0131r.<\/p>\n","protected":false},"featured_media":731,"comment_status":"closed","ping_status":"closed","template":"","meta":{"spay_email":""},"product_cat":[520],"product_tag":[263,264,265,266,267,268,269,270,271,272],"class_list":["post-701","product","type-product","status-publish","has-post-thumbnail","hentry","product_cat-youtube-canli-yayin-izlenme","product_tag-youtube-canli-yayin","product_tag-youtube-canli-yayin-hizmeti","product_tag-youtube-canli-yayin-izlenme","product_tag-youtube-canli-yayin-izleyici","product_tag-youtube-canli-yayin-izleyici-satin-al","product_tag-youtube-canli-yayin-katilimci","product_tag-youtube-canli-yayin-katilimci-satin-al","product_tag-youtube-canli-yayin-satin-al","product_tag-youtube-canli-yayin-seyirci","product_tag-youtube-canli-yayin-seyirci-satin-al"],"jetpack-related-posts":[{"id":702,"url":"https:\/\/fenoinsta.com\/tr\/product\/2-500-canli-yayin-izlenme-2\/","url_meta":{"origin":701,"position":0},"title":"2.500 Canl\u0131 Yay\u0131n \u0130zlenme","date":"Ekim 13, 2021","format":false,"excerpt":"Ger\u00e7ek Global Kullan\u0131c\u0131lar Birka\u00e7 Dakika \u0130\u00e7inde Kat\u0131l\u0131mlar Ba\u015flar 1-2 Saat Yay\u0131nda Kal\u0131rlar Hi\u00e7bir Kanal\u0131 Takip Etmezsiniz \u015eifre Vermeniz Gerekmiyor %100 G\u00fcvenli 3D Korumal\u0131 Al\u0131\u015fveri\u015f EFT \u0130le \u00d6deme Se\u00e7ene\u011fi Dikkat Etmeniz Gerekenler\u00a0 Yay\u0131n t\u00fcm \u00fclkelere a\u00e7\u0131k olmal\u0131d\u0131r. Yay\u0131n kapan\u0131rsa sorumluluk kullan\u0131c\u0131ya aittir. \u0130zleyiciler ger\u00e7ek kullan\u0131c\u0131lar olduklar\u0131 i\u00e7in s\u00fcrekli giri\u015f \u00e7\u0131k\u0131\u015flar olacakt\u0131r.\u2026","rel":"","context":"Benzer yaz\u0131","img":{"alt_text":"","src":"https:\/\/i0.wp.com\/fenoinsta.com\/tr\/wp-content\/uploads\/2021\/10\/Youtube-Canli-Yayin-2500.jpg?resize=350%2C200&ssl=1","width":350,"height":200},"classes":[]},{"id":703,"url":"https:\/\/fenoinsta.com\/tr\/product\/5-000-canli-yayin-izlenme-2\/","url_meta":{"origin":701,"position":1},"title":"5.000 Canl\u0131 Yay\u0131n \u0130zlenme","date":"Ekim 13, 2021","format":false,"excerpt":"Ger\u00e7ek Global Kullan\u0131c\u0131lar Birka\u00e7 Dakika \u0130\u00e7inde Kat\u0131l\u0131mlar Ba\u015flar 1-2 Saat Yay\u0131nda Kal\u0131rlar Hi\u00e7bir Kanal\u0131 Takip Etmezsiniz \u015eifre Vermeniz Gerekmiyor %100 G\u00fcvenli 3D Korumal\u0131 Al\u0131\u015fveri\u015f EFT \u0130le \u00d6deme Se\u00e7ene\u011fi Dikkat Etmeniz Gerekenler\u00a0 Yay\u0131n t\u00fcm \u00fclkelere a\u00e7\u0131k olmal\u0131d\u0131r. Yay\u0131n kapan\u0131rsa sorumluluk kullan\u0131c\u0131ya aittir. \u0130zleyiciler ger\u00e7ek kullan\u0131c\u0131lar olduklar\u0131 i\u00e7in s\u00fcrekli giri\u015f \u00e7\u0131k\u0131\u015flar olacakt\u0131r.\u2026","rel":"","context":"Benzer yaz\u0131","img":{"alt_text":"","src":"https:\/\/i0.wp.com\/fenoinsta.com\/tr\/wp-content\/uploads\/2021\/10\/Youtube-Canli-Yayin-5000.jpg?resize=350%2C200&ssl=1","width":350,"height":200},"classes":[]},{"id":548,"url":"https:\/\/fenoinsta.com\/tr\/product\/50-canli-yayin-izlenme\/","url_meta":{"origin":701,"position":2},"title":"50 Canl\u0131 Yay\u0131n \u0130zlenme","date":"Ekim 13, 2021","format":false,"excerpt":"Canl\u0131 Yay\u0131na En Az 50 Kat\u0131l\u0131mc\u0131 Gelir 30 Dakika Yay\u0131nda Kal\u0131rlar 0-5 Dakika \u0130\u00e7inde Yay\u0131na Kat\u0131l\u0131rlar %95 T\u00fcrk Kullan\u0131c\u0131lar Hesab\u0131n\u0131z Gizli Olmamal\u0131 Ba\u015fkas\u0131n\u0131 Takip Etmezsiniz \u015eifre Vermeniz Gerekmiyor %100 G\u00fcvenli 3D Korumal\u0131 Al\u0131\u015fveri\u015f EFT \u0130le \u00d6deme \u0130mkan\u0131 Dikkat Etmeniz Gerekenler \u2757 Sipari\u015f bilgi k\u0131sm\u0131na kullan\u0131c\u0131 ad\u0131n\u0131z\u0131 girmeniz gerekmektedir. Canl\u0131 yay\u0131n,\u2026","rel":"","context":"Benzer yaz\u0131","img":{"alt_text":"","src":"https:\/\/i0.wp.com\/fenoinsta.com\/tr\/wp-content\/uploads\/2021\/10\/Instagram-Canli-Yayin-50.jpg?resize=350%2C200&ssl=1","width":350,"height":200},"classes":[]},{"id":549,"url":"https:\/\/fenoinsta.com\/tr\/product\/100-canli-yayin-izlenme\/","url_meta":{"origin":701,"position":3},"title":"100 Canl\u0131 Yay\u0131n \u0130zlenme","date":"Ekim 13, 2021","format":false,"excerpt":"Canl\u0131 Yay\u0131na En Az 100 Kat\u0131l\u0131mc\u0131 Gelir 30 Dakika Yay\u0131nda Kal\u0131rlar 0-5 Dakika \u0130\u00e7inde Yay\u0131na Kat\u0131l\u0131rlar %95 T\u00fcrk Kullan\u0131c\u0131lar Hesab\u0131n\u0131z Gizli Olmamal\u0131 Ba\u015fkas\u0131n\u0131 Takip Etmezsiniz \u015eifre Vermeniz Gerekmiyor %100 G\u00fcvenli 3D Korumal\u0131 Al\u0131\u015fveri\u015f EFT \u0130le \u00d6deme \u0130mkan\u0131 Dikkat Etmeniz Gerekenler \u2757 Sipari\u015f bilgi k\u0131sm\u0131na kullan\u0131c\u0131 ad\u0131n\u0131z\u0131 girmeniz gerekmektedir. Canl\u0131 yay\u0131n,\u2026","rel":"","context":"Benzer yaz\u0131","img":{"alt_text":"","src":"https:\/\/i0.wp.com\/fenoinsta.com\/tr\/wp-content\/uploads\/2021\/10\/Instagram-Canli-Yayin-100.jpg?resize=350%2C200&ssl=1","width":350,"height":200},"classes":[]},{"id":550,"url":"https:\/\/fenoinsta.com\/tr\/product\/250-canli-yayin-izlenme\/","url_meta":{"origin":701,"position":4},"title":"250 Canl\u0131 Yay\u0131n \u0130zlenme","date":"Ekim 13, 2021","format":false,"excerpt":"Canl\u0131 Yay\u0131na En Az 250 Kat\u0131l\u0131mc\u0131 Gelir 30 Dakika Yay\u0131nda Kal\u0131rlar 0-5 Dakika \u0130\u00e7inde Yay\u0131na Kat\u0131l\u0131rlar %95 T\u00fcrk Kullan\u0131c\u0131lar Hesab\u0131n\u0131z Gizli Olmamal\u0131 Ba\u015fkas\u0131n\u0131 Takip Etmezsiniz \u015eifre Vermeniz Gerekmiyor %100 G\u00fcvenli 3D Korumal\u0131 Al\u0131\u015fveri\u015f EFT \u0130le \u00d6deme \u0130mkan\u0131 Dikkat Etmeniz Gerekenler \u2757 Sipari\u015f bilgi k\u0131sm\u0131na kullan\u0131c\u0131 ad\u0131n\u0131z\u0131 girmeniz gerekmektedir. Canl\u0131 yay\u0131n,\u2026","rel":"","context":"Benzer yaz\u0131","img":{"alt_text":"","src":"https:\/\/i0.wp.com\/fenoinsta.com\/tr\/wp-content\/uploads\/2021\/10\/Instagram-Canli-Yayin-250.jpg?resize=350%2C200&ssl=1","width":350,"height":200},"classes":[]},{"id":581,"url":"https:\/\/fenoinsta.com\/tr\/product\/500-canli-yayin-izlenme\/","url_meta":{"origin":701,"position":5},"title":"500 Canl\u0131 Yay\u0131n \u0130zlenme","date":"Ekim 13, 2021","format":false,"excerpt":"Canl\u0131 Yay\u0131na En Az 500 Kat\u0131l\u0131mc\u0131 Gelir 30 Dakika Yay\u0131nda Kal\u0131rlar 0-5 Dakika \u0130\u00e7inde Yay\u0131na Kat\u0131l\u0131rlar %95 T\u00fcrk Kullan\u0131c\u0131lar Hesab\u0131n\u0131z Gizli Olmamal\u0131 Ba\u015fkas\u0131n\u0131 Takip Etmezsiniz \u015eifre Vermeniz Gerekmiyor %100 G\u00fcvenli 3D Korumal\u0131 Al\u0131\u015fveri\u015f EFT \u0130le \u00d6deme \u0130mkan\u0131 Dikkat Etmeniz Gerekenler \u2757 Sipari\u015f bilgi k\u0131sm\u0131na kullan\u0131c\u0131 ad\u0131n\u0131z\u0131 girmeniz gerekmektedir. Canl\u0131 yay\u0131n,\u2026","rel":"","context":"Benzer yaz\u0131","img":{"alt_text":"","src":"https:\/\/i0.wp.com\/fenoinsta.com\/tr\/wp-content\/uploads\/2021\/10\/Instagram-Canli-Yayin-500.jpg?resize=350%2C200&ssl=1","width":350,"height":200},"classes":[]}],"_links":{"self":[{"href":"https:\/\/fenoinsta.com\/tr\/wp-json\/wp\/v2\/product\/701","targetHints":{"allow":["GET"]}}],"collection":[{"href":"https:\/\/fenoinsta.com\/tr\/wp-json\/wp\/v2\/product"}],"about":[{"href":"https:\/\/fenoinsta.com\/tr\/wp-json\/wp\/v2\/types\/product"}],"replies":[{"embeddable":true,"href":"https:\/\/fenoinsta.com\/tr\/wp-json\/wp\/v2\/comments?post=701"}],"wp:featuredmedia":[{"embeddable":true,"href":"https:\/\/fenoinsta.com\/tr\/wp-json\/wp\/v2\/media\/731"}],"wp:attachment":[{"href":"https:\/\/fenoinsta.com\/tr\/wp-json\/wp\/v2\/media?parent=701"}],"wp:term":[{"taxonomy":"product_cat","embeddable":true,"href":"https:\/\/fenoinsta.com\/tr\/wp-json\/wp\/v2\/product_cat?post=701"},{"taxonomy":"product_tag","embeddable":true,"href":"https:\/\/fenoinsta.com\/tr\/wp-json\/wp\/v2\/product_tag?post=701"}],"curies":[{"name":"wp","href":"https:\/\/api.w.org\/{rel}","templated":true}]}}