{"id":668,"date":"2021-10-13T11:29:42","date_gmt":"2021-10-13T11:29:42","guid":{"rendered":"https:\/\/www.takipinsta.org\/?post_type=product&amp;p=668"},"modified":"2021-10-13T11:29:42","modified_gmt":"2021-10-13T11:29:42","slug":"100-yorum","status":"publish","type":"product","link":"https:\/\/fenoinsta.com\/tr\/product\/100-yorum\/","title":{"rendered":"100 Yorum"},"content":{"rendered":"","protected":false},"excerpt":{"rendered":"<ul>\n<li>Yorumlar Ger\u00e7ek T\u00fcrk Kullan\u0131c\u0131lardan Gelir<\/li>\n<li>1 Ay Telafi Garantili<\/li>\n<li>0-4 Saat Ba\u015flama S\u00fcresi<\/li>\n<li>Hi\u00e7bir Kanal\u0131 Takip Etmezsiniz<\/li>\n<li>\u015eifre Vermeniz Gerekmiyor<\/li>\n<li>%100 G\u00fcvenli 3D Korumal\u0131 Al\u0131\u015fveri\u015f<\/li>\n<li>EFT \u0130le \u00d6deme Se\u00e7ene\u011fi<\/li>\n<\/ul>\n<p><strong>Dikkat Etmeniz Gerekenler\u00a0<img decoding=\"async\" class=\"emoji\" role=\"img\" draggable=\"false\" src=\"https:\/\/s.w.org\/images\/core\/emoji\/13.0.1\/svg\/2757.svg\" alt=\"\u2757\" \/><\/strong><\/p>\n<p>Videonuz gizli olmamal\u0131&#8230; Yorumlar\u0131n m\u00fc\u015fteriler taraf\u0131ndan alt alta yaz\u0131lm\u0131\u015f olarak WhatsApp Destek Hatt\u0131\u2019ndan ya da sipari\u015f k\u0131sm\u0131ndan bildirilmesi gerekir. Bildirilmeyen sipari\u015fler beklemede kal\u0131r.<\/p>\n<p><strong>Ayr\u0131ca;<\/strong><br \/>\n+18, yasa d\u0131\u015f\u0131 bahis, kumar ve cinsel i\u00e7erikli hesaplar i\u00e7in girilen sipari\u015fler onaylanmayacakt\u0131r.<\/p>\n","protected":false},"featured_media":698,"comment_status":"closed","ping_status":"closed","template":"","meta":{"spay_email":""},"product_cat":[550],"product_tag":[231,258,259,260,261],"class_list":["post-668","product","type-product","status-publish","has-post-thumbnail","hentry","product_cat-youtube-yorum","product_tag-youtube-hizmetleri","product_tag-youtube-turk-yorum","product_tag-youtube-turk-yorum-satin-al","product_tag-youtube-yorum","product_tag-youtube-yorum-satin-al"],"jetpack-related-posts":[{"id":535,"url":"https:\/\/fenoinsta.com\/tr\/product\/100-yabanci-yorum\/","url_meta":{"origin":668,"position":0},"title":"100 Yabanc\u0131 Yorum","date":"Ekim 13, 2021","format":false,"excerpt":"Tek G\u00f6nderi \u0130\u00e7indir Global Kullan\u0131c\u0131lar 0-3 saat \u0130\u015fleme Ba\u015flama S\u00fcresi Hesab\u0131n\u0131z Gizli Olmamal\u0131 Ba\u015fkas\u0131n\u0131 Takip Etmezsiniz \u015eifre Vermeniz Gerekmiyor %100 G\u00fcvenli 3D Korumal\u0131 Al\u0131\u015fveri\u015f EFT \u0130le \u00d6deme \u0130mkan\u0131 Dikkat Etmeniz Gerekenler \u2757 Yorumlar orta kalite hesaplardan gelmektedir. Yani profil fotosuz hesaplardan da yorum gelebiliyor. Bunun bilincinde sipari\u015f veriniz. Yorumlar m\u00fc\u015fteriler\u2026","rel":"","context":"Benzer yaz\u0131","img":{"alt_text":"","src":"https:\/\/i0.wp.com\/fenoinsta.com\/tr\/wp-content\/uploads\/2021\/10\/Instagram-Yorum-Yabanci-100.jpg?resize=350%2C200&ssl=1","width":350,"height":200},"classes":[]},{"id":532,"url":"https:\/\/fenoinsta.com\/tr\/product\/100-kadin-yorum\/","url_meta":{"origin":668,"position":1},"title":"100 Kad\u0131n Yorum","date":"Ekim 13, 2021","format":false,"excerpt":"Tek G\u00f6nderi \u0130\u00e7indir %90 Ger\u00e7ek T\u00fcrk Kad\u0131n Kullan\u0131c\u0131lar 0-3 saat \u0130\u015fleme Ba\u015flama S\u00fcresi Hesab\u0131n\u0131z Gizli Olmamal\u0131 Ba\u015fkas\u0131n\u0131 Takip Etmezsiniz \u015eifre Vermeniz Gerekmiyor %100 G\u00fcvenli 3D Korumal\u0131 Al\u0131\u015fveri\u015f EFT \u0130le \u00d6deme \u0130mkan\u0131 Dikkat Etmeniz Gerekenler \u2757 Yorumlar\u0131n m\u00fc\u015fteriler taraf\u0131ndan alt alta yaz\u0131lm\u0131\u015f olarak WhatsApp Destek Hatt\u0131'ndan ya da sipari\u015f k\u0131sm\u0131ndan bildirilmesi\u2026","rel":"","context":"Benzer yaz\u0131","img":{"alt_text":"","src":"https:\/\/i0.wp.com\/fenoinsta.com\/tr\/wp-content\/uploads\/2021\/10\/Instagram-Yorum-Kadin-100.jpg?resize=350%2C200&ssl=1","width":350,"height":200},"classes":[]},{"id":521,"url":"https:\/\/fenoinsta.com\/tr\/product\/100-turk-yorum\/","url_meta":{"origin":668,"position":2},"title":"100 T\u00fcrk Yorum","date":"Ekim 13, 2021","format":false,"excerpt":"Tek G\u00f6nderi \u0130\u00e7indir %90 Ger\u00e7ek T\u00fcrk Kullan\u0131c\u0131lar 0-3 saat \u0130\u015fleme Ba\u015flama S\u00fcresi Hesab\u0131n\u0131z Gizli Olmamal\u0131 Ba\u015fkas\u0131n\u0131 Takip Etmezsiniz \u015eifre Vermeniz Gerekmiyor %100 G\u00fcvenli 3D Korumal\u0131 Al\u0131\u015fveri\u015f EFT \u0130le \u00d6deme \u0130mkan\u0131 Dikkat Etmeniz Gerekenler \u2757 Yorumlar\u0131n m\u00fc\u015fteriler taraf\u0131ndan alt alta yaz\u0131lm\u0131\u015f olarak WhatsApp Destek Hatt\u0131'ndan ya da sipari\u015f k\u0131sm\u0131ndan bildirilmesi gerekir.\u2026","rel":"","context":"Benzer yaz\u0131","img":{"alt_text":"","src":"https:\/\/i0.wp.com\/fenoinsta.com\/tr\/wp-content\/uploads\/2021\/10\/Instagram-Yorum-100.jpg?resize=350%2C200&ssl=1","width":350,"height":200},"classes":[]},{"id":541,"url":"https:\/\/fenoinsta.com\/tr\/product\/100-yorum-begenisi\/","url_meta":{"origin":668,"position":3},"title":"100 Yorum Be\u011fenisi","date":"Ekim 13, 2021","format":false,"excerpt":"Be\u011feniler Foto\u011frafl\u0131 Bot Hesaplardan Gelir D\u00fc\u015f\u00fc\u015f Ya\u015fanmaz 0-12 Saat \u0130\u015fleme Ba\u015flama S\u00fcresi Ba\u015fkas\u0131n\u0131 Takip Etmezsiniz \u015eifre Vermeniz Gerekmiyor %100 G\u00fcvenli 3D Korumal\u0131 Al\u0131\u015fveri\u015f EFT \u0130le \u00d6deme \u0130mkan\u0131 Dikkat Etmeniz Gerekenler \u2757 Sipari\u015f a\u015famas\u0131nda yorumun yap\u0131ld\u0131\u011f\u0131 g\u00f6nderinin linkini ve yorum yapan hesab\u0131n kullan\u0131c\u0131 ad\u0131n\u0131 belirtmeniz gerekir. Ayr\u0131ca; +18, yasa d\u0131\u015f\u0131 bahis,\u2026","rel":"","context":"Benzer yaz\u0131","img":{"alt_text":"","src":"https:\/\/i0.wp.com\/fenoinsta.com\/tr\/wp-content\/uploads\/2021\/10\/Instagram-Yorum-Begeni-100.jpg?resize=350%2C200&ssl=1","width":350,"height":200},"classes":[]},{"id":488,"url":"https:\/\/fenoinsta.com\/tr\/product\/10-yabanci-yorum\/","url_meta":{"origin":668,"position":4},"title":"10 Yabanc\u0131 Yorum","date":"Ekim 13, 2021","format":false,"excerpt":"Tek G\u00f6nderi \u0130\u00e7indir Global Kullan\u0131c\u0131lar 0-3 saat \u0130\u015fleme Ba\u015flama S\u00fcresi Hesab\u0131n\u0131z Gizli Olmamal\u0131 Ba\u015fkas\u0131n\u0131 Takip Etmezsiniz \u015eifre Vermeniz Gerekmiyor %100 G\u00fcvenli 3D Korumal\u0131 Al\u0131\u015fveri\u015f EFT \u0130le \u00d6deme \u0130mkan\u0131 Dikkat Etmeniz Gerekenler \u2757 Yorumlar orta kalite hesaplardan gelmektedir. Yani profil fotosuz hesaplardan da yorum gelebiliyor. Bunun bilincinde sipari\u015f veriniz. Yorumlar m\u00fc\u015fteriler\u2026","rel":"","context":"Benzer yaz\u0131","img":{"alt_text":"","src":"https:\/\/i0.wp.com\/fenoinsta.com\/tr\/wp-content\/uploads\/2021\/10\/Instagram-Yorum-Yabanci-10.jpg?resize=350%2C200&ssl=1","width":350,"height":200},"classes":[]},{"id":533,"url":"https:\/\/fenoinsta.com\/tr\/product\/25-yabanci-yorum\/","url_meta":{"origin":668,"position":5},"title":"25 Yabanc\u0131 Yorum","date":"Ekim 13, 2021","format":false,"excerpt":"Tek G\u00f6nderi \u0130\u00e7indir Global Kullan\u0131c\u0131lar 0-3 saat \u0130\u015fleme Ba\u015flama S\u00fcresi Hesab\u0131n\u0131z Gizli Olmamal\u0131 Ba\u015fkas\u0131n\u0131 Takip Etmezsiniz \u015eifre Vermeniz Gerekmiyor %100 G\u00fcvenli 3D Korumal\u0131 Al\u0131\u015fveri\u015f EFT \u0130le \u00d6deme \u0130mkan\u0131 Dikkat Etmeniz Gerekenler \u2757 Yorumlar orta kalite hesaplardan gelmektedir. Yani profil fotosuz hesaplardan da yorum gelebiliyor. Bunun bilincinde sipari\u015f veriniz. Yorumlar m\u00fc\u015fteriler\u2026","rel":"","context":"Benzer yaz\u0131","img":{"alt_text":"","src":"https:\/\/i0.wp.com\/fenoinsta.com\/tr\/wp-content\/uploads\/2021\/10\/Instagram-Yorum-Yabanci-25.jpg?resize=350%2C200&ssl=1","width":350,"height":200},"classes":[]}],"_links":{"self":[{"href":"https:\/\/fenoinsta.com\/tr\/wp-json\/wp\/v2\/product\/668","targetHints":{"allow":["GET"]}}],"collection":[{"href":"https:\/\/fenoinsta.com\/tr\/wp-json\/wp\/v2\/product"}],"about":[{"href":"https:\/\/fenoinsta.com\/tr\/wp-json\/wp\/v2\/types\/product"}],"replies":[{"embeddable":true,"href":"https:\/\/fenoinsta.com\/tr\/wp-json\/wp\/v2\/comments?post=668"}],"wp:featuredmedia":[{"embeddable":true,"href":"https:\/\/fenoinsta.com\/tr\/wp-json\/wp\/v2\/media\/698"}],"wp:attachment":[{"href":"https:\/\/fenoinsta.com\/tr\/wp-json\/wp\/v2\/media?parent=668"}],"wp:term":[{"taxonomy":"product_cat","embeddable":true,"href":"https:\/\/fenoinsta.com\/tr\/wp-json\/wp\/v2\/product_cat?post=668"},{"taxonomy":"product_tag","embeddable":true,"href":"https:\/\/fenoinsta.com\/tr\/wp-json\/wp\/v2\/product_tag?post=668"}],"curies":[{"name":"wp","href":"https:\/\/api.w.org\/{rel}","templated":true}]}}