{"id":663,"date":"2021-10-13T11:29:41","date_gmt":"2021-10-13T11:29:41","guid":{"rendered":"https:\/\/www.takipinsta.org\/?post_type=product&amp;p=663"},"modified":"2021-10-13T11:29:41","modified_gmt":"2021-10-13T11:29:41","slug":"2-500-dislike","status":"publish","type":"product","link":"https:\/\/fenoinsta.com\/tr\/product\/2-500-dislike\/","title":{"rendered":"2.500 Dislike"},"content":{"rendered":"","protected":false},"excerpt":{"rendered":"<ul>\n<li>Dislikelar Ger\u00e7ek Kullan\u0131c\u0131lardan Gelir<\/li>\n<li>1 Ay Telafi Garantili<\/li>\n<li>0-4 Saat Ba\u015flama S\u00fcresi<\/li>\n<li>Hi\u00e7bir Kanal\u0131 Takip Etmezsiniz<\/li>\n<li>\u015eifre Vermeniz Gerekmiyor<\/li>\n<li>%100 G\u00fcvenli 3D Korumal\u0131 Al\u0131\u015fveri\u015f<\/li>\n<li>EFT \u0130le \u00d6deme Se\u00e7ene\u011fi<\/li>\n<\/ul>\n<p><strong>Dikkat Etmeniz Gerekenler \u2757<br \/>\n<\/strong>Videonuz gizli olmamal\u0131d\u0131r.<\/p>\n","protected":false},"featured_media":693,"comment_status":"closed","ping_status":"closed","template":"","meta":{"spay_email":""},"product_cat":[524],"product_tag":[253,254,255,256,231],"class_list":["post-663","product","type-product","status-publish","has-post-thumbnail","hentry","product_cat-youtube-dislike","product_tag-youtube-dislike","product_tag-youtube-dislike-satin-al","product_tag-youtube-disslike","product_tag-youtube-disslike-satin-al","product_tag-youtube-hizmetleri"],"jetpack-related-posts":[],"_links":{"self":[{"href":"https:\/\/fenoinsta.com\/tr\/wp-json\/wp\/v2\/product\/663","targetHints":{"allow":["GET"]}}],"collection":[{"href":"https:\/\/fenoinsta.com\/tr\/wp-json\/wp\/v2\/product"}],"about":[{"href":"https:\/\/fenoinsta.com\/tr\/wp-json\/wp\/v2\/types\/product"}],"replies":[{"embeddable":true,"href":"https:\/\/fenoinsta.com\/tr\/wp-json\/wp\/v2\/comments?post=663"}],"wp:featuredmedia":[{"embeddable":true,"href":"https:\/\/fenoinsta.com\/tr\/wp-json\/wp\/v2\/media\/693"}],"wp:attachment":[{"href":"https:\/\/fenoinsta.com\/tr\/wp-json\/wp\/v2\/media?parent=663"}],"wp:term":[{"taxonomy":"product_cat","embeddable":true,"href":"https:\/\/fenoinsta.com\/tr\/wp-json\/wp\/v2\/product_cat?post=663"},{"taxonomy":"product_tag","embeddable":true,"href":"https:\/\/fenoinsta.com\/tr\/wp-json\/wp\/v2\/product_tag?post=663"}],"curies":[{"name":"wp","href":"https:\/\/api.w.org\/{rel}","templated":true}]}}