{"id":651,"date":"2021-10-13T11:29:40","date_gmt":"2021-10-13T11:29:40","guid":{"rendered":"https:\/\/www.takipinsta.org\/?post_type=product&amp;p=651"},"modified":"2021-10-13T11:29:40","modified_gmt":"2021-10-13T11:29:40","slug":"250-begeni","status":"publish","type":"product","link":"https:\/\/fenoinsta.com\/tr\/product\/250-begeni\/","title":{"rendered":"250 Be\u011feni"},"content":{"rendered":"","protected":false},"excerpt":{"rendered":"<ul>\n<li>Be\u011feniler Ger\u00e7ek Kullan\u0131c\u0131lardan Gelir<\/li>\n<li>1 Ay Telafi Garantili<\/li>\n<li>0-2 Saat Ba\u015flama S\u00fcresi<\/li>\n<li>Hi\u00e7bir Kanal\u0131 Takip Etmezsiniz<\/li>\n<li>\u015eifre Vermeniz Gerekmiyor<\/li>\n<li>%100 G\u00fcvenli 3D Korumal\u0131 Al\u0131\u015fveri\u015f<\/li>\n<li>EFT \u0130le \u00d6deme Se\u00e7ene\u011fi<\/li>\n<\/ul>\n<p><strong>Dikkat Etmeniz Gerekenler \u2757<br \/>\n<\/strong>Videonuz gizli olmamal\u0131d\u0131r.<\/p>\n","protected":false},"featured_media":681,"comment_status":"closed","ping_status":"closed","template":"","meta":{"spay_email":""},"product_cat":[537],"product_tag":[248,249,231,250,251],"class_list":["post-651","product","type-product","status-publish","has-post-thumbnail","hentry","product_cat-youtube-like","product_tag-youtube-begeni","product_tag-youtube-begeni-satin-al","product_tag-youtube-hizmetleri","product_tag-youtube-like","product_tag-youtube-like-satin-al"],"jetpack-related-posts":[],"_links":{"self":[{"href":"https:\/\/fenoinsta.com\/tr\/wp-json\/wp\/v2\/product\/651","targetHints":{"allow":["GET"]}}],"collection":[{"href":"https:\/\/fenoinsta.com\/tr\/wp-json\/wp\/v2\/product"}],"about":[{"href":"https:\/\/fenoinsta.com\/tr\/wp-json\/wp\/v2\/types\/product"}],"replies":[{"embeddable":true,"href":"https:\/\/fenoinsta.com\/tr\/wp-json\/wp\/v2\/comments?post=651"}],"wp:featuredmedia":[{"embeddable":true,"href":"https:\/\/fenoinsta.com\/tr\/wp-json\/wp\/v2\/media\/681"}],"wp:attachment":[{"href":"https:\/\/fenoinsta.com\/tr\/wp-json\/wp\/v2\/media?parent=651"}],"wp:term":[{"taxonomy":"product_cat","embeddable":true,"href":"https:\/\/fenoinsta.com\/tr\/wp-json\/wp\/v2\/product_cat?post=651"},{"taxonomy":"product_tag","embeddable":true,"href":"https:\/\/fenoinsta.com\/tr\/wp-json\/wp\/v2\/product_tag?post=651"}],"curies":[{"name":"wp","href":"https:\/\/api.w.org\/{rel}","templated":true}]}}