{"id":650,"date":"2021-10-13T11:29:40","date_gmt":"2021-10-13T11:29:40","guid":{"rendered":"https:\/\/www.takipinsta.org\/?post_type=product&amp;p=650"},"modified":"2021-10-13T11:29:40","modified_gmt":"2021-10-13T11:29:40","slug":"100-begeni","status":"publish","type":"product","link":"https:\/\/fenoinsta.com\/tr\/product\/100-begeni\/","title":{"rendered":"100 Be\u011feni"},"content":{"rendered":"","protected":false},"excerpt":{"rendered":"<ul>\n<li>Be\u011feniler Ger\u00e7ek Kullan\u0131c\u0131lardan Gelir<\/li>\n<li>1 Ay Telafi Garantili<\/li>\n<li>0-2 Saat Ba\u015flama S\u00fcresi<\/li>\n<li>Hi\u00e7bir Kanal\u0131 Takip Etmezsiniz<\/li>\n<li>\u015eifre Vermeniz Gerekmiyor<\/li>\n<li>%100 G\u00fcvenli 3D Korumal\u0131 Al\u0131\u015fveri\u015f<\/li>\n<li>EFT \u0130le \u00d6deme Se\u00e7ene\u011fi<\/li>\n<\/ul>\n<p><strong>Dikkat Etmeniz Gerekenler \u2757<br \/>\n<\/strong>Videonuz gizli olmamal\u0131d\u0131r.<\/p>\n","protected":false},"featured_media":680,"comment_status":"closed","ping_status":"closed","template":"","meta":{"spay_email":""},"product_cat":[537],"product_tag":[248,249,231,250,251],"class_list":["post-650","product","type-product","status-publish","has-post-thumbnail","hentry","product_cat-youtube-like","product_tag-youtube-begeni","product_tag-youtube-begeni-satin-al","product_tag-youtube-hizmetleri","product_tag-youtube-like","product_tag-youtube-like-satin-al"],"jetpack-related-posts":[{"id":715,"url":"https:\/\/fenoinsta.com\/tr\/product\/100-retweet\/","url_meta":{"origin":650,"position":0},"title":"100 Retweet","date":"Ekim 13, 2021","format":false,"excerpt":"Ger\u00e7ek Kullan\u0131c\u0131lardan Gelir G\u00fcnde 100-300 Retweet Gelir Hesab\u0131n\u0131z Gizli Olmamal\u0131 Ba\u015fkas\u0131n\u0131 Takip Etmezsiniz \u015eifre Vermeniz Gerekmiyor %100 G\u00fcvenli 3D Korumal\u0131 Al\u0131\u015fveri\u015f EFT \u0130le \u00d6deme \u0130mkan\u0131 Dikkat Etmeniz Gerekenler\u00a0 Sipari\u015fi girdikten sonra i\u015flem tamamlanmadan payla\u015f\u0131m\u0131n silinmesi, hesab\u0131n gizliye al\u0131nmas\u0131 gibi durumlarda sipari\u015finiz yanabilir ve iade yap\u0131lamaz. Ayr\u0131ca; +18, yasa d\u0131\u015f\u0131 bahis,\u2026","rel":"","context":"Benzer yaz\u0131","img":{"alt_text":"","src":"https:\/\/i0.wp.com\/fenoinsta.com\/tr\/wp-content\/uploads\/2021\/10\/Twitter-Retweet-100.jpg?resize=350%2C200&ssl=1","width":350,"height":200},"classes":[]},{"id":709,"url":"https:\/\/fenoinsta.com\/tr\/product\/100-begeni-2\/","url_meta":{"origin":650,"position":1},"title":"100 Be\u011feni","date":"Ekim 13, 2021","format":false,"excerpt":"Ger\u00e7ek Kullan\u0131c\u0131lardan Gelir G\u00fcnde 50-100 Be\u011feni Gelir Hesab\u0131n\u0131z Gizli Olmamal\u0131 Ba\u015fkas\u0131n\u0131 Takip Etmezsiniz \u015eifre Vermeniz Gerekmiyor %100 G\u00fcvenli 3D Korumal\u0131 Al\u0131\u015fveri\u015f EFT \u0130le \u00d6deme \u0130mkan\u0131 Dikkat Etmeniz Gerekenler \u2757 Sipari\u015fi girdikten sonra i\u015flem tamamlanmadan payla\u015f\u0131m\u0131n silinmesi, hesab\u0131n gizliye al\u0131nmas\u0131 gibi durumlarda sipari\u015finiz yanabilir ve iade yap\u0131lamaz. Ayr\u0131ca; +18, yasa d\u0131\u015f\u0131\u2026","rel":"","context":"Benzer yaz\u0131","img":{"alt_text":"","src":"https:\/\/i0.wp.com\/fenoinsta.com\/tr\/wp-content\/uploads\/2021\/10\/Twitter-Fav-100.jpg?resize=350%2C200&ssl=1","width":350,"height":200},"classes":[]},{"id":704,"url":"https:\/\/fenoinsta.com\/tr\/product\/100-takipci\/","url_meta":{"origin":650,"position":2},"title":"100 T\u00fcrk Takip\u00e7i","date":"Ekim 13, 2021","format":false,"excerpt":"%90 Ger\u00e7ek T\u00fcrk Kullan\u0131c\u0131lar 1 Ay \u0130\u00e7inde 2 Kez Telafi Hakk\u0131 G\u00fcnde 100-300 Takip\u00e7i Gelir Hesab\u0131n\u0131z Gizli Olmamal\u0131 Ba\u015fkas\u0131n\u0131 Takip Etmezsiniz \u015eifre Vermeniz Gerekmiyor %100 G\u00fcvenli 3D Korumal\u0131 Al\u0131\u015fveri\u015f EFT \u0130le \u00d6deme \u0130mkan\u0131 Dikkat Etmeniz Gerekenler \u2757 Sipari\u015fi girdikten sonra i\u015flem tamamlanmadan kullan\u0131c\u0131 ad\u0131 de\u011fi\u015ftirilmesi, hesab\u0131n gizliye al\u0131nmas\u0131 gibi durumlarda\u2026","rel":"","context":"Benzer yaz\u0131","img":{"alt_text":"","src":"https:\/\/i0.wp.com\/fenoinsta.com\/tr\/wp-content\/uploads\/2021\/10\/100-Takipci-X-twitter.png?resize=350%2C200&ssl=1","width":350,"height":200},"classes":[]},{"id":658,"url":"https:\/\/fenoinsta.com\/tr\/product\/100-dislike\/","url_meta":{"origin":650,"position":3},"title":"100 Dislike","date":"Ekim 13, 2021","format":false,"excerpt":"Dislikelar Ger\u00e7ek Kullan\u0131c\u0131lardan Gelir 1 Ay Telafi Garantili 0-4 Saat Ba\u015flama S\u00fcresi Hi\u00e7bir Kanal\u0131 Takip Etmezsiniz \u015eifre Vermeniz Gerekmiyor %100 G\u00fcvenli 3D Korumal\u0131 Al\u0131\u015fveri\u015f EFT \u0130le \u00d6deme Se\u00e7ene\u011fi Dikkat Etmeniz Gerekenler \u2757 Videonuz gizli olmamal\u0131d\u0131r.","rel":"","context":"Benzer yaz\u0131","img":{"alt_text":"","src":"https:\/\/i0.wp.com\/fenoinsta.com\/tr\/wp-content\/uploads\/2021\/10\/Youtube-Dislike-100.jpg?resize=350%2C200&ssl=1","width":350,"height":200},"classes":[]},{"id":668,"url":"https:\/\/fenoinsta.com\/tr\/product\/100-yorum\/","url_meta":{"origin":650,"position":4},"title":"100 Yorum","date":"Ekim 13, 2021","format":false,"excerpt":"Yorumlar Ger\u00e7ek T\u00fcrk Kullan\u0131c\u0131lardan Gelir 1 Ay Telafi Garantili 0-4 Saat Ba\u015flama S\u00fcresi Hi\u00e7bir Kanal\u0131 Takip Etmezsiniz \u015eifre Vermeniz Gerekmiyor %100 G\u00fcvenli 3D Korumal\u0131 Al\u0131\u015fveri\u015f EFT \u0130le \u00d6deme Se\u00e7ene\u011fi Dikkat Etmeniz Gerekenler\u00a0 Videonuz gizli olmamal\u0131... Yorumlar\u0131n m\u00fc\u015fteriler taraf\u0131ndan alt alta yaz\u0131lm\u0131\u015f olarak WhatsApp Destek Hatt\u0131\u2019ndan ya da sipari\u015f k\u0131sm\u0131ndan bildirilmesi\u2026","rel":"","context":"Benzer yaz\u0131","img":{"alt_text":"","src":"https:\/\/i0.wp.com\/fenoinsta.com\/tr\/wp-content\/uploads\/2021\/10\/Youtube-Yorum-100.jpg?resize=350%2C200&ssl=1","width":350,"height":200},"classes":[]},{"id":836,"url":"https:\/\/fenoinsta.com\/tr\/product\/100-begeni-3\/","url_meta":{"origin":650,"position":5},"title":"100 Be\u011feni","date":"Ekim 13, 2021","format":false,"excerpt":"Ger\u00e7ek Global Kullan\u0131c\u0131lar 0-1 Saat \u0130\u015flem S\u00fcresi Tek Payla\u015f\u0131m \u0130\u00e7indir Hesab\u0131n\u0131z Gizli Olmamal\u0131 Ba\u015fkas\u0131n\u0131 Takip Etmezsiniz \u015eifre Vermeniz Gerekmiyor %100 G\u00fcvenli 3D Korumal\u0131 Al\u0131\u015fveri\u015f Dikkat Etmeniz Gerekenler \u2757 Be\u011feniler tek g\u00f6nderi i\u00e7indir. Daha fazla g\u00f6nderilere payla\u015ft\u0131r\u0131lamaz. Sipari\u015fi girdikten sonra i\u015flem tamamlanmadan hesab\u0131n gizliye al\u0131nmas\u0131 gibi durumlarda sipari\u015finiz yanabilir ve iade\u2026","rel":"","context":"Benzer yaz\u0131","img":{"alt_text":"","src":"https:\/\/i0.wp.com\/fenoinsta.com\/tr\/wp-content\/uploads\/2021\/10\/Tiktok-Begeni-100.jpg?resize=350%2C200&ssl=1","width":350,"height":200},"classes":[]}],"_links":{"self":[{"href":"https:\/\/fenoinsta.com\/tr\/wp-json\/wp\/v2\/product\/650","targetHints":{"allow":["GET"]}}],"collection":[{"href":"https:\/\/fenoinsta.com\/tr\/wp-json\/wp\/v2\/product"}],"about":[{"href":"https:\/\/fenoinsta.com\/tr\/wp-json\/wp\/v2\/types\/product"}],"replies":[{"embeddable":true,"href":"https:\/\/fenoinsta.com\/tr\/wp-json\/wp\/v2\/comments?post=650"}],"wp:featuredmedia":[{"embeddable":true,"href":"https:\/\/fenoinsta.com\/tr\/wp-json\/wp\/v2\/media\/680"}],"wp:attachment":[{"href":"https:\/\/fenoinsta.com\/tr\/wp-json\/wp\/v2\/media?parent=650"}],"wp:term":[{"taxonomy":"product_cat","embeddable":true,"href":"https:\/\/fenoinsta.com\/tr\/wp-json\/wp\/v2\/product_cat?post=650"},{"taxonomy":"product_tag","embeddable":true,"href":"https:\/\/fenoinsta.com\/tr\/wp-json\/wp\/v2\/product_tag?post=650"}],"curies":[{"name":"wp","href":"https:\/\/api.w.org\/{rel}","templated":true}]}}