{"id":610,"date":"2021-10-13T11:29:20","date_gmt":"2021-10-13T11:29:20","guid":{"rendered":"https:\/\/www.takipinsta.org\/?post_type=product&amp;p=610"},"modified":"2021-10-13T11:29:20","modified_gmt":"2021-10-13T11:29:20","slug":"500-izlenme-2","status":"publish","type":"product","link":"https:\/\/fenoinsta.com\/tr\/product\/500-izlenme-2\/","title":{"rendered":"500 \u0130zlenme"},"content":{"rendered":"","protected":false},"excerpt":{"rendered":"<ul>\n<li>Ger\u00e7ek Global Kullan\u0131c\u0131lar<\/li>\n<li>D\u00fc\u015f\u00fc\u015f Ya\u015fanmaz<\/li>\n<li>0-2 Saat Ba\u015flama S\u00fcresi<\/li>\n<li>Hi\u00e7bir Kanal\u0131 Takip Etmezsiniz<\/li>\n<li>\u015eifre Vermeniz Gerekmiyor<\/li>\n<li>%100 G\u00fcvenli 3D Korumal\u0131 Al\u0131\u015fveri\u015f<\/li>\n<li>EFT \u0130le \u00d6deme Se\u00e7ene\u011fi<\/li>\n<\/ul>\n<p><strong>Dikkat Etmeniz Gerekenler \u2757<br \/>\n<\/strong>Videonuz gizli olmamal\u0131d\u0131r.<\/p>\n","protected":false},"featured_media":640,"comment_status":"closed","ping_status":"closed","template":"","meta":{"spay_email":""},"product_cat":[531],"product_tag":[234,235,231,236,237,238,239],"class_list":["post-610","product","type-product","status-publish","has-post-thumbnail","hentry","product_cat-youtube-izlenme1","product_tag-youtube-goruntulenme","product_tag-youtube-goruntulenme-satin-al","product_tag-youtube-hizmetleri","product_tag-youtube-izlenme","product_tag-youtube-izlenme-satin-al","product_tag-youtube-turk-izlenme","product_tag-youtube-turk-izlenme-satin-al"],"jetpack-related-posts":[],"_links":{"self":[{"href":"https:\/\/fenoinsta.com\/tr\/wp-json\/wp\/v2\/product\/610","targetHints":{"allow":["GET"]}}],"collection":[{"href":"https:\/\/fenoinsta.com\/tr\/wp-json\/wp\/v2\/product"}],"about":[{"href":"https:\/\/fenoinsta.com\/tr\/wp-json\/wp\/v2\/types\/product"}],"replies":[{"embeddable":true,"href":"https:\/\/fenoinsta.com\/tr\/wp-json\/wp\/v2\/comments?post=610"}],"wp:featuredmedia":[{"embeddable":true,"href":"https:\/\/fenoinsta.com\/tr\/wp-json\/wp\/v2\/media\/640"}],"wp:attachment":[{"href":"https:\/\/fenoinsta.com\/tr\/wp-json\/wp\/v2\/media?parent=610"}],"wp:term":[{"taxonomy":"product_cat","embeddable":true,"href":"https:\/\/fenoinsta.com\/tr\/wp-json\/wp\/v2\/product_cat?post=610"},{"taxonomy":"product_tag","embeddable":true,"href":"https:\/\/fenoinsta.com\/tr\/wp-json\/wp\/v2\/product_tag?post=610"}],"curies":[{"name":"wp","href":"https:\/\/api.w.org\/{rel}","templated":true}]}}