{"id":606,"date":"2021-10-13T11:29:20","date_gmt":"2021-10-13T11:29:20","guid":{"rendered":"https:\/\/www.takipinsta.org\/?post_type=product&#038;p=606"},"modified":"2022-03-25T11:56:05","modified_gmt":"2022-03-25T11:56:05","slug":"1-000-abone","status":"publish","type":"product","link":"https:\/\/fenoinsta.com\/tr\/product\/1-000-abone\/","title":{"rendered":"1.000 Abone"},"content":{"rendered":"","protected":false},"excerpt":{"rendered":"<ul>\n<li>Aboneler Kesinlikle Bot De\u011fildir<\/li>\n<li>Ger\u00e7ek Global Kullan\u0131c\u0131lard\u0131r<\/li>\n<li>1 Ay Boyunca Telafi Garantilidir<\/li>\n<li>0-2 Saat Ba\u015flama S\u00fcresi<\/li>\n<li>G\u00fcnl\u00fck 10-50 Abone Gelir<\/li>\n<li>Hi\u00e7bir Kanal\u0131 Takip Etmezsiniz<\/li>\n<li>\u015eifre Vermeniz Gerekmiyor<\/li>\n<li>%100 G\u00fcvenli 3D Korumal\u0131 Al\u0131\u015fveri\u015f<\/li>\n<li>EFT \u0130le \u00d6deme Se\u00e7ene\u011fi<\/li>\n<\/ul>\n<p><strong>Dikkat Etmeniz Gerekenler \u2757<br \/>\n<\/strong>Kanal\u0131n\u0131z ve abone say\u0131n\u0131z gizli olmamal\u0131d\u0131r.<\/p>\n","protected":false},"featured_media":1772,"comment_status":"closed","ping_status":"closed","template":"","meta":{"spay_email":""},"product_cat":[508],"product_tag":[226,227,228,229,230,231],"class_list":["post-606","product","type-product","status-publish","has-post-thumbnail","hentry","product_cat-youtube-abone","product_tag-youtube-1000-abone-satin-al","product_tag-youtube-abone","product_tag-youtube-abone-satin-al","product_tag-youtube-abone-satin-alma","product_tag-youtube-guvenli-abone-satin-al","product_tag-youtube-hizmetleri"],"jetpack-related-posts":[{"id":603,"url":"https:\/\/fenoinsta.com\/tr\/product\/250-abone\/","url_meta":{"origin":606,"position":0},"title":"250 Abone","date":"Ekim 13, 2021","format":false,"excerpt":"Aboneler Kesinlikle Bot De\u011fildir Ger\u00e7ek Global Kullan\u0131c\u0131lard\u0131r 1 Ay Boyunca Telafi Garantilidir 0-2 Saat Ba\u015flama S\u00fcresi G\u00fcnl\u00fck 10-50 Abone Gelir Hi\u00e7bir Kanal\u0131 Takip Etmezsiniz \u015eifre Vermeniz Gerekmiyor %100 G\u00fcvenli 3D Korumal\u0131 Al\u0131\u015fveri\u015f EFT \u0130le \u00d6deme Se\u00e7ene\u011fi Dikkat Etmeniz Gerekenler \u2757 Kanal\u0131n\u0131z ve abone say\u0131n\u0131z gizli olmamal\u0131d\u0131r.","rel":"","context":"Benzer yaz\u0131","img":{"alt_text":"","src":"https:\/\/i0.wp.com\/fenoinsta.com\/tr\/wp-content\/uploads\/2021\/10\/shutterstock_1345872812-scaled.jpg?resize=350%2C200&ssl=1","width":350,"height":200},"classes":[]},{"id":604,"url":"https:\/\/fenoinsta.com\/tr\/product\/500-abone\/","url_meta":{"origin":606,"position":1},"title":"500 Abone","date":"Ekim 13, 2021","format":false,"excerpt":"Aboneler Kesinlikle Bot De\u011fildir Ger\u00e7ek Global Kullan\u0131c\u0131lard\u0131r 1 Ay Boyunca Telafi Garantilidir 0-2 Saat Ba\u015flama S\u00fcresi G\u00fcnl\u00fck 10-50 Abone Gelir Hi\u00e7bir Kanal\u0131 Takip Etmezsiniz \u015eifre Vermeniz Gerekmiyor %100 G\u00fcvenli 3D Korumal\u0131 Al\u0131\u015fveri\u015f EFT \u0130le \u00d6deme Se\u00e7ene\u011fi Dikkat Etmeniz Gerekenler \u2757 Kanal\u0131n\u0131z ve abone say\u0131n\u0131z gizli olmamal\u0131d\u0131r.","rel":"","context":"Benzer yaz\u0131","img":{"alt_text":"","src":"https:\/\/i0.wp.com\/fenoinsta.com\/tr\/wp-content\/uploads\/2021\/10\/shutterstock_1345872812-scaled.jpg?resize=350%2C200&ssl=1","width":350,"height":200},"classes":[]},{"id":605,"url":"https:\/\/fenoinsta.com\/tr\/product\/750-abone\/","url_meta":{"origin":606,"position":2},"title":"750 Abone","date":"Ekim 13, 2021","format":false,"excerpt":"Aboneler Kesinlikle Bot De\u011fildir Ger\u00e7ek Global Kullan\u0131c\u0131lard\u0131r 1 Ay Boyunca Telafi Garantilidir 0-2 Saat Ba\u015flama S\u00fcresi G\u00fcnl\u00fck 10-50 Abone Gelir Hi\u00e7bir Kanal\u0131 Takip Etmezsiniz \u015eifre Vermeniz Gerekmiyor %100 G\u00fcvenli 3D Korumal\u0131 Al\u0131\u015fveri\u015f EFT \u0130le \u00d6deme Se\u00e7ene\u011fi Dikkat Etmeniz Gerekenler \u2757 Kanal\u0131n\u0131z ve abone say\u0131n\u0131z gizli olmamal\u0131d\u0131r.","rel":"","context":"Benzer yaz\u0131","img":{"alt_text":"","src":"https:\/\/i0.wp.com\/fenoinsta.com\/tr\/wp-content\/uploads\/2021\/10\/shutterstock_1345872812-scaled.jpg?resize=350%2C200&ssl=1","width":350,"height":200},"classes":[]},{"id":607,"url":"https:\/\/fenoinsta.com\/tr\/product\/2-500-abone\/","url_meta":{"origin":606,"position":3},"title":"2.500 Abone","date":"Ekim 13, 2021","format":false,"excerpt":"Aboneler Kesinlikle Bot De\u011fildir Ger\u00e7ek Global Kullan\u0131c\u0131lard\u0131r 1 Ay Boyunca Telafi Garantilidir 0-2 Saat Ba\u015flama S\u00fcresi G\u00fcnl\u00fck 10-50 Abone Gelir Hi\u00e7bir Kanal\u0131 Takip Etmezsiniz \u015eifre Vermeniz Gerekmiyor %100 G\u00fcvenli 3D Korumal\u0131 Al\u0131\u015fveri\u015f EFT \u0130le \u00d6deme Se\u00e7ene\u011fi Dikkat Etmeniz Gerekenler \u2757 Kanal\u0131n\u0131z ve abone say\u0131n\u0131z gizli olmamal\u0131d\u0131r.","rel":"","context":"Benzer yaz\u0131","img":{"alt_text":"","src":"https:\/\/i0.wp.com\/fenoinsta.com\/tr\/wp-content\/uploads\/2021\/10\/shutterstock_1345872812-scaled.jpg?resize=350%2C200&ssl=1","width":350,"height":200},"classes":[]},{"id":608,"url":"https:\/\/fenoinsta.com\/tr\/product\/5-000-abone\/","url_meta":{"origin":606,"position":4},"title":"5.000 Abone","date":"Ekim 13, 2021","format":false,"excerpt":"Aboneler Kesinlikle Bot De\u011fildir Ger\u00e7ek Global Kullan\u0131c\u0131lard\u0131r 1 Ay Boyunca Telafi Garantilidir 0-2 Saat Ba\u015flama S\u00fcresi G\u00fcnl\u00fck 10-50 Abone Gelir Hi\u00e7bir Kanal\u0131 Takip Etmezsiniz \u015eifre Vermeniz Gerekmiyor %100 G\u00fcvenli 3D Korumal\u0131 Al\u0131\u015fveri\u015f EFT \u0130le \u00d6deme Se\u00e7ene\u011fi Dikkat Etmeniz Gerekenler \u2757 Kanal\u0131n\u0131z ve abone say\u0131n\u0131z gizli olmamal\u0131d\u0131r.","rel":"","context":"Benzer yaz\u0131","img":{"alt_text":"","src":"https:\/\/i0.wp.com\/fenoinsta.com\/tr\/wp-content\/uploads\/2021\/10\/shutterstock_1345872812-scaled.jpg?resize=350%2C200&ssl=1","width":350,"height":200},"classes":[]},{"id":609,"url":"https:\/\/fenoinsta.com\/tr\/product\/10-000-abone\/","url_meta":{"origin":606,"position":5},"title":"10.000 Abone","date":"Ekim 13, 2021","format":false,"excerpt":"Aboneler Kesinlikle Bot De\u011fildir Ger\u00e7ek Global Kullan\u0131c\u0131lard\u0131r 1 Ay Boyunca Telafi Garantilidir 0-2 Saat Ba\u015flama S\u00fcresi G\u00fcnl\u00fck 10-50 Abone Gelir Hi\u00e7bir Kanal\u0131 Takip Etmezsiniz \u015eifre Vermeniz Gerekmiyor %100 G\u00fcvenli 3D Korumal\u0131 Al\u0131\u015fveri\u015f EFT \u0130le \u00d6deme Se\u00e7ene\u011fi Dikkat Etmeniz Gerekenler \u2757 Kanal\u0131n\u0131z ve abone say\u0131n\u0131z gizli olmamal\u0131d\u0131r.","rel":"","context":"Benzer yaz\u0131","img":{"alt_text":"","src":"https:\/\/i0.wp.com\/fenoinsta.com\/tr\/wp-content\/uploads\/2021\/10\/shutterstock_1345872812-scaled.jpg?resize=350%2C200&ssl=1","width":350,"height":200},"classes":[]}],"_links":{"self":[{"href":"https:\/\/fenoinsta.com\/tr\/wp-json\/wp\/v2\/product\/606","targetHints":{"allow":["GET"]}}],"collection":[{"href":"https:\/\/fenoinsta.com\/tr\/wp-json\/wp\/v2\/product"}],"about":[{"href":"https:\/\/fenoinsta.com\/tr\/wp-json\/wp\/v2\/types\/product"}],"replies":[{"embeddable":true,"href":"https:\/\/fenoinsta.com\/tr\/wp-json\/wp\/v2\/comments?post=606"}],"wp:featuredmedia":[{"embeddable":true,"href":"https:\/\/fenoinsta.com\/tr\/wp-json\/wp\/v2\/media\/1772"}],"wp:attachment":[{"href":"https:\/\/fenoinsta.com\/tr\/wp-json\/wp\/v2\/media?parent=606"}],"wp:term":[{"taxonomy":"product_cat","embeddable":true,"href":"https:\/\/fenoinsta.com\/tr\/wp-json\/wp\/v2\/product_cat?post=606"},{"taxonomy":"product_tag","embeddable":true,"href":"https:\/\/fenoinsta.com\/tr\/wp-json\/wp\/v2\/product_tag?post=606"}],"curies":[{"name":"wp","href":"https:\/\/api.w.org\/{rel}","templated":true}]}}