{"id":594,"date":"2021-10-13T11:29:18","date_gmt":"2021-10-13T11:29:18","guid":{"rendered":"https:\/\/www.takipinsta.org\/?post_type=product&#038;p=594"},"modified":"2022-03-25T08:53:08","modified_gmt":"2022-03-25T08:53:08","slug":"500-profil-ziyareti-ve-etkilesim","status":"publish","type":"product","link":"https:\/\/fenoinsta.com\/tr\/product\/500-profil-ziyareti-ve-etkilesim\/","title":{"rendered":"500 Profil Ziyareti ve Etkile\u015fim"},"content":{"rendered":"","protected":false},"excerpt":{"rendered":"<ul>\n<li>Payla\u015f\u0131mlar\u0131n G\u00f6sterim De\u011ferini Art\u0131r\u0131r<\/li>\n<li>Payla\u015f\u0131mlar\u0131n Eri\u015fim De\u011ferini Art\u0131r\u0131r<\/li>\n<li>Profil Aktifli\u011fini Y\u00fckseltir<\/li>\n<li>&#8220;Ke\u015ffet&#8221; Etkilidir<\/li>\n<li>Etkile\u015fimi Art\u0131r\u0131r<\/li>\n<li>Takip\u00e7ilerin Ana Sayfas\u0131nda Daha S\u0131k Konum Ald\u0131r\u0131r<\/li>\n<li>0-1 Saat \u0130\u015fleme Ba\u015flama S\u00fcresi<\/li>\n<li>Hesab\u0131n\u0131z Gizli Olmamal\u0131<\/li>\n<li>Ba\u015fkas\u0131n\u0131 Takip Etmezsiniz<\/li>\n<li>\u015eifre Vermeniz Gerekmiyor<\/li>\n<li>%100 G\u00fcvenli 3D Korumal\u0131 Al\u0131\u015fveri\u015f<\/li>\n<li>EFT \u0130le \u00d6deme \u0130mkan\u0131<\/li>\n<\/ul>\n<p><strong>Dikkat Etmeniz Gerekenler \u2757<br \/>\n<\/strong>+18, yasa d\u0131\u015f\u0131 bahis, kumar ve cinsel i\u00e7erikli hesaplar i\u00e7in girilen sipari\u015fler onaylanmayacakt\u0131r.<\/p>\n","protected":false},"featured_media":1788,"comment_status":"closed","ping_status":"closed","template":"","meta":{"spay_email":""},"product_cat":[526],"product_tag":[210,211,212,213,214,215,77,216,217,218,219,220,221,222,223],"class_list":["post-594","product","type-product","status-publish","has-post-thumbnail","hentry","product_cat-instagram-etkilesim","product_tag-instagram-etkilesim","product_tag-instagram-etkilesim-hizmeti","product_tag-instagram-etkilesim-satin-al","product_tag-instagram-gosterim","product_tag-instagram-gosterim-hizmeti","product_tag-instagram-gosterim-satin-al","product_tag-instagram-hizmetleri","product_tag-instagram-istatistik","product_tag-instagram-istatistik-hizmeti","product_tag-instagram-kesfet","product_tag-instagram-kesfet-hizmeti","product_tag-instagram-kesfete-dusme","product_tag-instagram-profil-ziyareti","product_tag-instagram-profil-ziyareti-hizmeti","product_tag-instagram-profil-ziyareti-satin-al"],"jetpack-related-posts":[{"id":595,"url":"https:\/\/fenoinsta.com\/tr\/product\/1-000-profil-ziyareti-ve-etkilesim\/","url_meta":{"origin":594,"position":0},"title":"1.000 Profil Ziyareti ve Etkile\u015fim","date":"Ekim 13, 2021","format":false,"excerpt":"Payla\u015f\u0131mlar\u0131n G\u00f6sterim De\u011ferini Art\u0131r\u0131r Payla\u015f\u0131mlar\u0131n Eri\u015fim De\u011ferini Art\u0131r\u0131r Profil Aktifli\u011fini Y\u00fckseltir \"Ke\u015ffet\" Etkilidir Etkile\u015fimi Art\u0131r\u0131r Takip\u00e7ilerin Ana Sayfas\u0131nda Daha S\u0131k Konum Ald\u0131r\u0131r 0-1 Saat \u0130\u015fleme Ba\u015flama S\u00fcresi Hesab\u0131n\u0131z Gizli Olmamal\u0131 Ba\u015fkas\u0131n\u0131 Takip Etmezsiniz \u015eifre Vermeniz Gerekmiyor %100 G\u00fcvenli 3D Korumal\u0131 Al\u0131\u015fveri\u015f EFT \u0130le \u00d6deme \u0130mkan\u0131 Dikkat Etmeniz Gerekenler \u2757 +18,\u2026","rel":"","context":"Benzer yaz\u0131","img":{"alt_text":"","src":"https:\/\/i0.wp.com\/fenoinsta.com\/tr\/wp-content\/uploads\/2021\/10\/interaction-1.png?resize=350%2C200&ssl=1","width":350,"height":200},"classes":[]},{"id":596,"url":"https:\/\/fenoinsta.com\/tr\/product\/2-500-profil-ziyareti-ve-etkilesim\/","url_meta":{"origin":594,"position":1},"title":"2.500 Profil Ziyareti ve Etkile\u015fim","date":"Ekim 13, 2021","format":false,"excerpt":"Payla\u015f\u0131mlar\u0131n G\u00f6sterim De\u011ferini Art\u0131r\u0131r Payla\u015f\u0131mlar\u0131n Eri\u015fim De\u011ferini Art\u0131r\u0131r Profil Aktifli\u011fini Y\u00fckseltir \"Ke\u015ffet\" Etkilidir Etkile\u015fimi Art\u0131r\u0131r Takip\u00e7ilerin Ana Sayfas\u0131nda Daha S\u0131k Konum Ald\u0131r\u0131r 0-1 Saat \u0130\u015fleme Ba\u015flama S\u00fcresi Hesab\u0131n\u0131z Gizli Olmamal\u0131 Ba\u015fkas\u0131n\u0131 Takip Etmezsiniz \u015eifre Vermeniz Gerekmiyor %100 G\u00fcvenli 3D Korumal\u0131 Al\u0131\u015fveri\u015f EFT \u0130le \u00d6deme \u0130mkan\u0131 Dikkat Etmeniz Gerekenler \u2757 +18,\u2026","rel":"","context":"Benzer yaz\u0131","img":{"alt_text":"","src":"https:\/\/i0.wp.com\/fenoinsta.com\/tr\/wp-content\/uploads\/2021\/10\/interaction-1.png?resize=350%2C200&ssl=1","width":350,"height":200},"classes":[]},{"id":597,"url":"https:\/\/fenoinsta.com\/tr\/product\/5-000-profil-ziyareti-ve-etkilesim\/","url_meta":{"origin":594,"position":2},"title":"5.000 Profil Ziyareti ve Etkile\u015fim","date":"Ekim 13, 2021","format":false,"excerpt":"Payla\u015f\u0131mlar\u0131n G\u00f6sterim De\u011ferini Art\u0131r\u0131r Payla\u015f\u0131mlar\u0131n Eri\u015fim De\u011ferini Art\u0131r\u0131r Profil Aktifli\u011fini Y\u00fckseltir \"Ke\u015ffet\" Etkilidir Etkile\u015fimi Art\u0131r\u0131r Takip\u00e7ilerin Ana Sayfas\u0131nda Daha S\u0131k Konum Ald\u0131r\u0131r 0-1 Saat \u0130\u015fleme Ba\u015flama S\u00fcresi Hesab\u0131n\u0131z Gizli Olmamal\u0131 Ba\u015fkas\u0131n\u0131 Takip Etmezsiniz \u015eifre Vermeniz Gerekmiyor %100 G\u00fcvenli 3D Korumal\u0131 Al\u0131\u015fveri\u015f EFT \u0130le \u00d6deme \u0130mkan\u0131 Dikkat Etmeniz Gerekenler \u2757 +18,\u2026","rel":"","context":"Benzer yaz\u0131","img":{"alt_text":"","src":"https:\/\/i0.wp.com\/fenoinsta.com\/tr\/wp-content\/uploads\/2021\/10\/interaction-1.png?resize=350%2C200&ssl=1","width":350,"height":200},"classes":[]},{"id":598,"url":"https:\/\/fenoinsta.com\/tr\/product\/10-000-profil-ziyareti-ve-etkilesim\/","url_meta":{"origin":594,"position":3},"title":"10.000 Profil Ziyareti ve Etkile\u015fim","date":"Ekim 13, 2021","format":false,"excerpt":"Payla\u015f\u0131mlar\u0131n G\u00f6sterim De\u011ferini Art\u0131r\u0131r Payla\u015f\u0131mlar\u0131n Eri\u015fim De\u011ferini Art\u0131r\u0131r Profil Aktifli\u011fini Y\u00fckseltir \"Ke\u015ffet\" Etkilidir Etkile\u015fimi Art\u0131r\u0131r Takip\u00e7ilerin Ana Sayfas\u0131nda Daha S\u0131k Konum Ald\u0131r\u0131r 0-1 Saat \u0130\u015fleme Ba\u015flama S\u00fcresi Hesab\u0131n\u0131z Gizli Olmamal\u0131 Ba\u015fkas\u0131n\u0131 Takip Etmezsiniz \u015eifre Vermeniz Gerekmiyor %100 G\u00fcvenli 3D Korumal\u0131 Al\u0131\u015fveri\u015f EFT \u0130le \u00d6deme \u0130mkan\u0131 Dikkat Etmeniz Gerekenler \u2757 +18,\u2026","rel":"","context":"Benzer yaz\u0131","img":{"alt_text":"","src":"https:\/\/i0.wp.com\/fenoinsta.com\/tr\/wp-content\/uploads\/2021\/10\/interaction-1.png?resize=350%2C200&ssl=1","width":350,"height":200},"classes":[]},{"id":599,"url":"https:\/\/fenoinsta.com\/tr\/product\/25-000-profil-ziyareti-ve-etkilesim\/","url_meta":{"origin":594,"position":4},"title":"25.000 Profil Ziyareti ve Etkile\u015fim","date":"Ekim 13, 2021","format":false,"excerpt":"Payla\u015f\u0131mlar\u0131n G\u00f6sterim De\u011ferini Art\u0131r\u0131r Payla\u015f\u0131mlar\u0131n Eri\u015fim De\u011ferini Art\u0131r\u0131r Profil Aktifli\u011fini Y\u00fckseltir \"Ke\u015ffet\" Etkilidir Etkile\u015fimi Art\u0131r\u0131r Takip\u00e7ilerin Ana Sayfas\u0131nda Daha S\u0131k Konum Ald\u0131r\u0131r 0-1 Saat \u0130\u015fleme Ba\u015flama S\u00fcresi Hesab\u0131n\u0131z Gizli Olmamal\u0131 Ba\u015fkas\u0131n\u0131 Takip Etmezsiniz \u015eifre Vermeniz Gerekmiyor %100 G\u00fcvenli 3D Korumal\u0131 Al\u0131\u015fveri\u015f EFT \u0130le \u00d6deme \u0130mkan\u0131 Dikkat Etmeniz Gerekenler \u2757 +18,\u2026","rel":"","context":"Benzer yaz\u0131","img":{"alt_text":"","src":"https:\/\/i0.wp.com\/fenoinsta.com\/tr\/wp-content\/uploads\/2021\/10\/interaction-1.png?resize=350%2C200&ssl=1","width":350,"height":200},"classes":[]},{"id":600,"url":"https:\/\/fenoinsta.com\/tr\/product\/50-000-profil-ziyareti-ve-etkilesim\/","url_meta":{"origin":594,"position":5},"title":"50.000 Profil Ziyareti ve Etkile\u015fim","date":"Ekim 13, 2021","format":false,"excerpt":"Payla\u015f\u0131mlar\u0131n G\u00f6sterim De\u011ferini Art\u0131r\u0131r Payla\u015f\u0131mlar\u0131n Eri\u015fim De\u011ferini Art\u0131r\u0131r Profil Aktifli\u011fini Y\u00fckseltir \"Ke\u015ffet\" Etkilidir Etkile\u015fimi Art\u0131r\u0131r Takip\u00e7ilerin Ana Sayfas\u0131nda Daha S\u0131k Konum Ald\u0131r\u0131r 0-1 Saat \u0130\u015fleme Ba\u015flama S\u00fcresi Hesab\u0131n\u0131z Gizli Olmamal\u0131 Ba\u015fkas\u0131n\u0131 Takip Etmezsiniz \u015eifre Vermeniz Gerekmiyor %100 G\u00fcvenli 3D Korumal\u0131 Al\u0131\u015fveri\u015f EFT \u0130le \u00d6deme \u0130mkan\u0131 Dikkat Etmeniz Gerekenler \u2757 +18,\u2026","rel":"","context":"Benzer yaz\u0131","img":{"alt_text":"","src":"https:\/\/i0.wp.com\/fenoinsta.com\/tr\/wp-content\/uploads\/2021\/10\/interaction-1.png?resize=350%2C200&ssl=1","width":350,"height":200},"classes":[]}],"_links":{"self":[{"href":"https:\/\/fenoinsta.com\/tr\/wp-json\/wp\/v2\/product\/594","targetHints":{"allow":["GET"]}}],"collection":[{"href":"https:\/\/fenoinsta.com\/tr\/wp-json\/wp\/v2\/product"}],"about":[{"href":"https:\/\/fenoinsta.com\/tr\/wp-json\/wp\/v2\/types\/product"}],"replies":[{"embeddable":true,"href":"https:\/\/fenoinsta.com\/tr\/wp-json\/wp\/v2\/comments?post=594"}],"wp:featuredmedia":[{"embeddable":true,"href":"https:\/\/fenoinsta.com\/tr\/wp-json\/wp\/v2\/media\/1788"}],"wp:attachment":[{"href":"https:\/\/fenoinsta.com\/tr\/wp-json\/wp\/v2\/media?parent=594"}],"wp:term":[{"taxonomy":"product_cat","embeddable":true,"href":"https:\/\/fenoinsta.com\/tr\/wp-json\/wp\/v2\/product_cat?post=594"},{"taxonomy":"product_tag","embeddable":true,"href":"https:\/\/fenoinsta.com\/tr\/wp-json\/wp\/v2\/product_tag?post=594"}],"curies":[{"name":"wp","href":"https:\/\/api.w.org\/{rel}","templated":true}]}}