{"id":587,"date":"2021-10-13T11:29:17","date_gmt":"2021-10-13T11:29:17","guid":{"rendered":"https:\/\/www.takipinsta.org\/?post_type=product&amp;p=587"},"modified":"2021-10-13T11:29:17","modified_gmt":"2021-10-13T11:29:17","slug":"250-kaydet","status":"publish","type":"product","link":"https:\/\/fenoinsta.com\/tr\/product\/250-kaydet\/","title":{"rendered":"250 Kaydet"},"content":{"rendered":"","protected":false},"excerpt":{"rendered":"<ul>\n<li>&#8220;Ke\u015ffet&#8221; Etkilidir<\/li>\n<li>Etkile\u015fimi Art\u0131r\u0131r<\/li>\n<li>0-3 Saat \u0130\u015fleme Ba\u015flama S\u00fcresi<\/li>\n<li>Hesab\u0131n\u0131z Gizli Olmamal\u0131<\/li>\n<li>Ba\u015fkas\u0131n\u0131 Takip Etmezsiniz<\/li>\n<li>\u015eifre Vermeniz Gerekmiyor<\/li>\n<li>%100 G\u00fcvenli 3D Korumal\u0131 Al\u0131\u015fveri\u015f<\/li>\n<li>EFT \u0130le \u00d6deme \u0130mkan\u0131<\/li>\n<\/ul>\n<p><strong>Dikkat Etmeniz Gerekenler \u2757<\/strong><\/p>\n<p>+18, yasa d\u0131\u015f\u0131 bahis, kumar ve cinsel i\u00e7erikli hesaplar i\u00e7in girilen sipari\u015fler onaylanmayacakt\u0131r.<\/p>\n","protected":false},"featured_media":617,"comment_status":"closed","ping_status":"closed","template":"","meta":{"spay_email":""},"product_cat":[495],"product_tag":[203,204,205,206,207,208],"class_list":["post-587","product","type-product","status-publish","has-post-thumbnail","hentry","product_cat-instagram-kaydet","product_tag-instagram-kaydet","product_tag-instagram-kaydet-satin-al","product_tag-instagram-kaydetme","product_tag-instagram-kaydetme-satin-al","product_tag-kaydet-satin-al","product_tag-kaydetme-satin-al"],"jetpack-related-posts":[{"id":2676,"url":"https:\/\/fenoinsta.com\/tr\/product\/250-bot-takipci\/","url_meta":{"origin":587,"position":0},"title":"250 Bot Takip\u00e7i","date":"Temmuz 13, 2023","format":false,"excerpt":"Ba\u015fkas\u0131n\u0131 Takip Etmezsiniz \u015eifre Vermeniz Gerekmiyor T\u00fcrk Bot Hesaplar Profil Foto\u011frafl\u0131 ve Foto\u011frafs\u0131z Kar\u0131\u015f\u0131k Hesaplar %10 Fazladan Hediye Takip\u00e7i 1 Ay \u0130\u00e7inde 2 Kez Telafi Hakk\u0131 1-4 Saat \u0130\u015fleme Ba\u015flama S\u00fcresi %100 G\u00fcvenli 3D Korumal\u0131 Al\u0131\u015fveri\u015f Dikkat Etmeniz Gerekenler\u2757 -Hesab\u0131n\u0131z Gizli Olmamal\u0131d\u0131r. -Takip\u00e7iler pasiftir. \u00d6nceden a\u00e7\u0131lm\u0131\u015f bo\u015f hesaplard\u0131r. -Telafi talep\u2026","rel":"","context":"Benzer yaz\u0131","img":{"alt_text":"","src":"https:\/\/i0.wp.com\/fenoinsta.com\/tr\/wp-content\/uploads\/2023\/07\/1.png?resize=350%2C200&ssl=1","width":350,"height":200},"classes":[]},{"id":371,"url":"https:\/\/fenoinsta.com\/tr\/product\/500-bot-takipci\/","url_meta":{"origin":587,"position":1},"title":"500 Bot Takip\u00e7i","date":"Ekim 13, 2021","format":false,"excerpt":"Ba\u015fkas\u0131n\u0131 Takip Etmezsiniz \u015eifre Vermeniz Gerekmiyor Global Kullan\u0131c\u0131lar Profil Foto\u011frafl\u0131 ve Foto\u011frafs\u0131z Kar\u0131\u015f\u0131k Hesaplar %10 Fazladan Hediye Takip\u00e7i 1 Ay \u0130\u00e7inde 2 Kez Telafi Hakk\u0131 1-4 Saat \u0130\u015fleme Ba\u015flama S\u00fcresi %100 G\u00fcvenli 3D Korumal\u0131 Al\u0131\u015fveri\u015f Dikkat Etmeniz Gerekenler\u2757 -Hesab\u0131n\u0131z Gizli Olmamal\u0131d\u0131r. -Takip\u00e7iler pasiftir. \u00d6nceden a\u00e7\u0131lm\u0131\u015f bo\u015f hesaplard\u0131r. -Telafi talep edildi\u011finde\u2026","rel":"","context":"Benzer yaz\u0131","img":{"alt_text":"","src":"https:\/\/i0.wp.com\/fenoinsta.com\/tr\/wp-content\/uploads\/2023\/07\/2.png?resize=350%2C200&ssl=1","width":350,"height":200},"classes":[]},{"id":372,"url":"https:\/\/fenoinsta.com\/tr\/product\/1-000-bot-takipci\/","url_meta":{"origin":587,"position":2},"title":"1.000 Bot Takip\u00e7i","date":"Ekim 13, 2021","format":false,"excerpt":"Ba\u015fkas\u0131n\u0131 Takip Etmezsiniz \u015eifre Vermeniz Gerekmiyor Global Kullan\u0131c\u0131lar Profil Foto\u011frafl\u0131 ve Foto\u011frafs\u0131z Kar\u0131\u015f\u0131k Hesaplar %10 Fazladan Hediye Takip\u00e7i 1 Ay \u0130\u00e7inde 2 Kez Telafi Hakk\u0131 1-4 Saat \u0130\u015fleme Ba\u015flama S\u00fcresi %100 G\u00fcvenli 3D Korumal\u0131 Al\u0131\u015fveri\u015f Dikkat Etmeniz Gerekenler\u2757 -Hesab\u0131n\u0131z Gizli Olmamal\u0131d\u0131r. -Takip\u00e7iler pasiftir. \u00d6nceden a\u00e7\u0131lm\u0131\u015f bo\u015f hesaplard\u0131r. -Telafi talep edildi\u011finde\u2026","rel":"","context":"Benzer yaz\u0131","img":{"alt_text":"","src":"https:\/\/i0.wp.com\/fenoinsta.com\/tr\/wp-content\/uploads\/2023\/07\/4.png?resize=350%2C200&ssl=1","width":350,"height":200},"classes":[]},{"id":373,"url":"https:\/\/fenoinsta.com\/tr\/product\/10-000-bot-takipci\/","url_meta":{"origin":587,"position":3},"title":"10.000 Bot Takip\u00e7i","date":"Ekim 13, 2021","format":false,"excerpt":"Ba\u015fkas\u0131n\u0131 Takip Etmezsiniz \u015eifre Vermeniz Gerekmiyor Global Kullan\u0131c\u0131lar Profil Foto\u011frafl\u0131 ve Foto\u011frafs\u0131z Kar\u0131\u015f\u0131k Hesaplar %10 Fazladan Hediye Takip\u00e7i 1 Ay \u0130\u00e7inde 2 Kez Telafi Hakk\u0131 1-4 Saat \u0130\u015fleme Ba\u015flama S\u00fcresi %100 G\u00fcvenli 3D Korumal\u0131 Al\u0131\u015fveri\u015f Dikkat Etmeniz Gerekenler\u2757 -Hesab\u0131n\u0131z Gizli Olmamal\u0131d\u0131r. -Takip\u00e7iler pasiftir. \u00d6nceden a\u00e7\u0131lm\u0131\u015f bo\u015f hesaplard\u0131r. -Telafi talep edildi\u011finde\u2026","rel":"","context":"Benzer yaz\u0131","img":{"alt_text":"","src":"https:\/\/i0.wp.com\/fenoinsta.com\/tr\/wp-content\/uploads\/2021\/10\/8.png?resize=350%2C200&ssl=1","width":350,"height":200},"classes":[]},{"id":374,"url":"https:\/\/fenoinsta.com\/tr\/product\/2-500-bot-takipci\/","url_meta":{"origin":587,"position":4},"title":"2.500 Bot Takip\u00e7i","date":"Ekim 13, 2021","format":false,"excerpt":"Ba\u015fkas\u0131n\u0131 Takip Etmezsiniz \u015eifre Vermeniz Gerekmiyor Global Kullan\u0131c\u0131lar Profil Foto\u011frafl\u0131 ve Foto\u011frafs\u0131z Kar\u0131\u015f\u0131k Hesaplar %10 Fazladan Hediye Takip\u00e7i 1 Ay \u0130\u00e7inde 2 Kez Telafi Hakk\u0131 1-4 Saat \u0130\u015fleme Ba\u015flama S\u00fcresi %100 G\u00fcvenli 3D Korumal\u0131 Al\u0131\u015fveri\u015f Dikkat Etmeniz Gerekenler\u2757 -Hesab\u0131n\u0131z Gizli Olmamal\u0131d\u0131r. -Takip\u00e7iler pasiftir. \u00d6nceden a\u00e7\u0131lm\u0131\u015f bo\u015f hesaplard\u0131r. -Telafi talep edildi\u011finde\u2026","rel":"","context":"Benzer yaz\u0131","img":{"alt_text":"","src":"https:\/\/i0.wp.com\/fenoinsta.com\/tr\/wp-content\/uploads\/2023\/07\/5.png?resize=350%2C200&ssl=1","width":350,"height":200},"classes":[]},{"id":375,"url":"https:\/\/fenoinsta.com\/tr\/product\/5-000-bot-takipci\/","url_meta":{"origin":587,"position":5},"title":"5.000 Bot Takip\u00e7i","date":"Ekim 13, 2021","format":false,"excerpt":"Ba\u015fkas\u0131n\u0131 Takip Etmezsiniz \u015eifre Vermeniz Gerekmiyor Global Kullan\u0131c\u0131lar Profil Foto\u011frafl\u0131 ve Foto\u011frafs\u0131z Kar\u0131\u015f\u0131k Hesaplar %10 Fazladan Hediye Takip\u00e7i 1 Ay \u0130\u00e7inde 2 Kez Telafi Hakk\u0131 1-4 Saat \u0130\u015fleme Ba\u015flama S\u00fcresi %100 G\u00fcvenli 3D Korumal\u0131 Al\u0131\u015fveri\u015f Dikkat Etmeniz Gerekenler\u2757 -Hesab\u0131n\u0131z Gizli Olmamal\u0131d\u0131r. -Takip\u00e7iler pasiftir. \u00d6nceden a\u00e7\u0131lm\u0131\u015f bo\u015f hesaplard\u0131r. -Telafi talep edildi\u011finde\u2026","rel":"","context":"Benzer yaz\u0131","img":{"alt_text":"","src":"https:\/\/i0.wp.com\/fenoinsta.com\/tr\/wp-content\/uploads\/2023\/07\/6.png?resize=350%2C200&ssl=1","width":350,"height":200},"classes":[]}],"_links":{"self":[{"href":"https:\/\/fenoinsta.com\/tr\/wp-json\/wp\/v2\/product\/587","targetHints":{"allow":["GET"]}}],"collection":[{"href":"https:\/\/fenoinsta.com\/tr\/wp-json\/wp\/v2\/product"}],"about":[{"href":"https:\/\/fenoinsta.com\/tr\/wp-json\/wp\/v2\/types\/product"}],"replies":[{"embeddable":true,"href":"https:\/\/fenoinsta.com\/tr\/wp-json\/wp\/v2\/comments?post=587"}],"wp:featuredmedia":[{"embeddable":true,"href":"https:\/\/fenoinsta.com\/tr\/wp-json\/wp\/v2\/media\/617"}],"wp:attachment":[{"href":"https:\/\/fenoinsta.com\/tr\/wp-json\/wp\/v2\/media?parent=587"}],"wp:term":[{"taxonomy":"product_cat","embeddable":true,"href":"https:\/\/fenoinsta.com\/tr\/wp-json\/wp\/v2\/product_cat?post=587"},{"taxonomy":"product_tag","embeddable":true,"href":"https:\/\/fenoinsta.com\/tr\/wp-json\/wp\/v2\/product_tag?post=587"}],"curies":[{"name":"wp","href":"https:\/\/api.w.org\/{rel}","templated":true}]}}