{"id":543,"date":"2021-10-13T11:28:58","date_gmt":"2021-10-13T11:28:58","guid":{"rendered":"https:\/\/www.takipinsta.org\/?post_type=product&amp;p=543"},"modified":"2021-10-13T11:28:58","modified_gmt":"2021-10-13T11:28:58","slug":"500-yorum-begenisi","status":"publish","type":"product","link":"https:\/\/fenoinsta.com\/tr\/product\/500-yorum-begenisi\/","title":{"rendered":"500 Yorum Be\u011fenisi"},"content":{"rendered":"","protected":false},"excerpt":{"rendered":"<ul>\n<li>Be\u011feniler Foto\u011frafl\u0131 Bot Hesaplardan Gelir<\/li>\n<li>D\u00fc\u015f\u00fc\u015f Ya\u015fanmaz<\/li>\n<li>0-12 Saat \u0130\u015fleme Ba\u015flama S\u00fcresi<\/li>\n<li>Ba\u015fkas\u0131n\u0131 Takip Etmezsiniz<\/li>\n<li>\u015eifre Vermeniz Gerekmiyor<\/li>\n<li>%100 G\u00fcvenli 3D Korumal\u0131 Al\u0131\u015fveri\u015f<\/li>\n<li>EFT \u0130le \u00d6deme \u0130mkan\u0131<\/li>\n<\/ul>\n<p><strong>Dikkat Etmeniz Gerekenler \u2757<\/strong><\/p>\n<p>Sipari\u015f a\u015famas\u0131nda yorumun yap\u0131ld\u0131\u011f\u0131 g\u00f6nderinin linkini ve yorum yapan hesab\u0131n kullan\u0131c\u0131 ad\u0131n\u0131 belirtmeniz gerekir.<\/p>\n<p><strong>Ayr\u0131ca;<\/strong><br \/>\n+18, yasa d\u0131\u015f\u0131 bahis, kumar ve cinsel i\u00e7erikli hesaplar i\u00e7in girilen sipari\u015fler onaylanmayacakt\u0131r.<\/p>\n","protected":false},"featured_media":573,"comment_status":"closed","ping_status":"closed","template":"","meta":{"spay_email":""},"product_cat":[551],"product_tag":[185,186,187,188,189,190],"class_list":["post-543","product","type-product","status-publish","has-post-thumbnail","hentry","product_cat-instagram-yorum-begenisi","product_tag-instagram-yorum-begeni","product_tag-instagram-yorum-begeni-satin-al","product_tag-instagram-yorum-begenisi","product_tag-instagram-yorum-begenisi-satin-al","product_tag-instagram-yorum-like","product_tag-instagram-yorum-like-satin-al"],"jetpack-related-posts":[{"id":488,"url":"https:\/\/fenoinsta.com\/tr\/product\/10-yabanci-yorum\/","url_meta":{"origin":543,"position":0},"title":"10 Yabanc\u0131 Yorum","date":"Ekim 13, 2021","format":false,"excerpt":"Tek G\u00f6nderi \u0130\u00e7indir Global Kullan\u0131c\u0131lar 0-3 saat \u0130\u015fleme Ba\u015flama S\u00fcresi Hesab\u0131n\u0131z Gizli Olmamal\u0131 Ba\u015fkas\u0131n\u0131 Takip Etmezsiniz \u015eifre Vermeniz Gerekmiyor %100 G\u00fcvenli 3D Korumal\u0131 Al\u0131\u015fveri\u015f EFT \u0130le \u00d6deme \u0130mkan\u0131 Dikkat Etmeniz Gerekenler \u2757 Yorumlar orta kalite hesaplardan gelmektedir. Yani profil fotosuz hesaplardan da yorum gelebiliyor. Bunun bilincinde sipari\u015f veriniz. Yorumlar m\u00fc\u015fteriler\u2026","rel":"","context":"Benzer yaz\u0131","img":{"alt_text":"","src":"https:\/\/i0.wp.com\/fenoinsta.com\/tr\/wp-content\/uploads\/2021\/10\/Instagram-Yorum-Yabanci-10.jpg?resize=350%2C200&ssl=1","width":350,"height":200},"classes":[]},{"id":533,"url":"https:\/\/fenoinsta.com\/tr\/product\/25-yabanci-yorum\/","url_meta":{"origin":543,"position":1},"title":"25 Yabanc\u0131 Yorum","date":"Ekim 13, 2021","format":false,"excerpt":"Tek G\u00f6nderi \u0130\u00e7indir Global Kullan\u0131c\u0131lar 0-3 saat \u0130\u015fleme Ba\u015flama S\u00fcresi Hesab\u0131n\u0131z Gizli Olmamal\u0131 Ba\u015fkas\u0131n\u0131 Takip Etmezsiniz \u015eifre Vermeniz Gerekmiyor %100 G\u00fcvenli 3D Korumal\u0131 Al\u0131\u015fveri\u015f EFT \u0130le \u00d6deme \u0130mkan\u0131 Dikkat Etmeniz Gerekenler \u2757 Yorumlar orta kalite hesaplardan gelmektedir. Yani profil fotosuz hesaplardan da yorum gelebiliyor. Bunun bilincinde sipari\u015f veriniz. Yorumlar m\u00fc\u015fteriler\u2026","rel":"","context":"Benzer yaz\u0131","img":{"alt_text":"","src":"https:\/\/i0.wp.com\/fenoinsta.com\/tr\/wp-content\/uploads\/2021\/10\/Instagram-Yorum-Yabanci-25.jpg?resize=350%2C200&ssl=1","width":350,"height":200},"classes":[]},{"id":534,"url":"https:\/\/fenoinsta.com\/tr\/product\/50-yabanci-yorum\/","url_meta":{"origin":543,"position":2},"title":"50 Yabanc\u0131 Yorum","date":"Ekim 13, 2021","format":false,"excerpt":"Tek G\u00f6nderi \u0130\u00e7indir Global Kullan\u0131c\u0131lar 0-3 saat \u0130\u015fleme Ba\u015flama S\u00fcresi Hesab\u0131n\u0131z Gizli Olmamal\u0131 Ba\u015fkas\u0131n\u0131 Takip Etmezsiniz \u015eifre Vermeniz Gerekmiyor %100 G\u00fcvenli 3D Korumal\u0131 Al\u0131\u015fveri\u015f EFT \u0130le \u00d6deme \u0130mkan\u0131 Dikkat Etmeniz Gerekenler \u2757 Yorumlar orta kalite hesaplardan gelmektedir. Yani profil fotosuz hesaplardan da yorum gelebiliyor. Bunun bilincinde sipari\u015f veriniz. Yorumlar m\u00fc\u015fteriler\u2026","rel":"","context":"Benzer yaz\u0131","img":{"alt_text":"","src":"https:\/\/i0.wp.com\/fenoinsta.com\/tr\/wp-content\/uploads\/2021\/10\/Instagram-Yorum-Yabanci-50.jpg?resize=350%2C200&ssl=1","width":350,"height":200},"classes":[]},{"id":535,"url":"https:\/\/fenoinsta.com\/tr\/product\/100-yabanci-yorum\/","url_meta":{"origin":543,"position":3},"title":"100 Yabanc\u0131 Yorum","date":"Ekim 13, 2021","format":false,"excerpt":"Tek G\u00f6nderi \u0130\u00e7indir Global Kullan\u0131c\u0131lar 0-3 saat \u0130\u015fleme Ba\u015flama S\u00fcresi Hesab\u0131n\u0131z Gizli Olmamal\u0131 Ba\u015fkas\u0131n\u0131 Takip Etmezsiniz \u015eifre Vermeniz Gerekmiyor %100 G\u00fcvenli 3D Korumal\u0131 Al\u0131\u015fveri\u015f EFT \u0130le \u00d6deme \u0130mkan\u0131 Dikkat Etmeniz Gerekenler \u2757 Yorumlar orta kalite hesaplardan gelmektedir. Yani profil fotosuz hesaplardan da yorum gelebiliyor. Bunun bilincinde sipari\u015f veriniz. Yorumlar m\u00fc\u015fteriler\u2026","rel":"","context":"Benzer yaz\u0131","img":{"alt_text":"","src":"https:\/\/i0.wp.com\/fenoinsta.com\/tr\/wp-content\/uploads\/2021\/10\/Instagram-Yorum-Yabanci-100.jpg?resize=350%2C200&ssl=1","width":350,"height":200},"classes":[]},{"id":536,"url":"https:\/\/fenoinsta.com\/tr\/product\/250-yabanci-yorum\/","url_meta":{"origin":543,"position":4},"title":"250 Yabanc\u0131 Yorum","date":"Ekim 13, 2021","format":false,"excerpt":"Tek G\u00f6nderi \u0130\u00e7indir Global Kullan\u0131c\u0131lar 0-3 saat \u0130\u015fleme Ba\u015flama S\u00fcresi Hesab\u0131n\u0131z Gizli Olmamal\u0131 Ba\u015fkas\u0131n\u0131 Takip Etmezsiniz \u015eifre Vermeniz Gerekmiyor %100 G\u00fcvenli 3D Korumal\u0131 Al\u0131\u015fveri\u015f EFT \u0130le \u00d6deme \u0130mkan\u0131 Dikkat Etmeniz Gerekenler \u2757 Yorumlar orta kalite hesaplardan gelmektedir. Yani profil fotosuz hesaplardan da yorum gelebiliyor. Bunun bilincinde sipari\u015f veriniz. Yorumlar m\u00fc\u015fteriler\u2026","rel":"","context":"Benzer yaz\u0131","img":{"alt_text":"","src":"https:\/\/i0.wp.com\/fenoinsta.com\/tr\/wp-content\/uploads\/2021\/10\/Instagram-Yorum-Yabanci-250.jpg?resize=350%2C200&ssl=1","width":350,"height":200},"classes":[]},{"id":537,"url":"https:\/\/fenoinsta.com\/tr\/product\/500-yabanci-yorum\/","url_meta":{"origin":543,"position":5},"title":"500 Yabanc\u0131 Yorum","date":"Ekim 13, 2021","format":false,"excerpt":"Tek G\u00f6nderi \u0130\u00e7indir Global Kullan\u0131c\u0131lar 0-3 saat \u0130\u015fleme Ba\u015flama S\u00fcresi Hesab\u0131n\u0131z Gizli Olmamal\u0131 Ba\u015fkas\u0131n\u0131 Takip Etmezsiniz \u015eifre Vermeniz Gerekmiyor %100 G\u00fcvenli 3D Korumal\u0131 Al\u0131\u015fveri\u015f EFT \u0130le \u00d6deme \u0130mkan\u0131 Dikkat Etmeniz Gerekenler \u2757 Yorumlar orta kalite hesaplardan gelmektedir. Yani profil fotosuz hesaplardan da yorum gelebiliyor. Bunun bilincinde sipari\u015f veriniz. Yorumlar m\u00fc\u015fteriler\u2026","rel":"","context":"Benzer yaz\u0131","img":{"alt_text":"","src":"https:\/\/i0.wp.com\/fenoinsta.com\/tr\/wp-content\/uploads\/2021\/10\/Instagram-Yorum-Yabanci-500.jpg?resize=350%2C200&ssl=1","width":350,"height":200},"classes":[]}],"_links":{"self":[{"href":"https:\/\/fenoinsta.com\/tr\/wp-json\/wp\/v2\/product\/543","targetHints":{"allow":["GET"]}}],"collection":[{"href":"https:\/\/fenoinsta.com\/tr\/wp-json\/wp\/v2\/product"}],"about":[{"href":"https:\/\/fenoinsta.com\/tr\/wp-json\/wp\/v2\/types\/product"}],"replies":[{"embeddable":true,"href":"https:\/\/fenoinsta.com\/tr\/wp-json\/wp\/v2\/comments?post=543"}],"wp:featuredmedia":[{"embeddable":true,"href":"https:\/\/fenoinsta.com\/tr\/wp-json\/wp\/v2\/media\/573"}],"wp:attachment":[{"href":"https:\/\/fenoinsta.com\/tr\/wp-json\/wp\/v2\/media?parent=543"}],"wp:term":[{"taxonomy":"product_cat","embeddable":true,"href":"https:\/\/fenoinsta.com\/tr\/wp-json\/wp\/v2\/product_cat?post=543"},{"taxonomy":"product_tag","embeddable":true,"href":"https:\/\/fenoinsta.com\/tr\/wp-json\/wp\/v2\/product_tag?post=543"}],"curies":[{"name":"wp","href":"https:\/\/api.w.org\/{rel}","templated":true}]}}