{"id":481,"date":"2021-10-13T11:28:33","date_gmt":"2021-10-13T11:28:33","guid":{"rendered":"https:\/\/www.takipinsta.org\/?post_type=product&amp;p=481"},"modified":"2021-10-13T11:28:33","modified_gmt":"2021-10-13T11:28:33","slug":"10-000-oto-izlenme","status":"publish","type":"product","link":"https:\/\/fenoinsta.com\/tr\/product\/10-000-oto-izlenme\/","title":{"rendered":"10.000 Oto \u0130zlenme"},"content":{"rendered":"","protected":false},"excerpt":{"rendered":"<ul>\n<li>30 G\u00fcn Boyunca T\u00fcm Payla\u015f\u0131mlar\u0131n\u0131za En Az 10.000&#8217;er \u0130zlenme Gelir<\/li>\n<li>Payla\u015f\u0131m S\u0131n\u0131r\u0131 Yoktur<\/li>\n<li>\u0130zlenmeler Ger\u00e7ek T\u00fcrk Kullan\u0131c\u0131lardan Gelir<\/li>\n<li>Reels Videolar\u0131 \u0130\u00e7in Uygundur<\/li>\n<li>IGTV Videolar\u0131 \u0130\u00e7in Uygundur<\/li>\n<li>D\u00fc\u015f\u00fc\u015f Ya\u015fanmaz<\/li>\n<li>Hesab\u0131n\u0131z Gizli Olmamal\u0131<\/li>\n<li>Ba\u015fkas\u0131n\u0131 Takip Etmezsiniz<\/li>\n<li>\u015eifre Vermeniz Gerekmiyor<\/li>\n<li>%100 G\u00fcvenli 3D Korumal\u0131 Al\u0131\u015fveri\u015f<\/li>\n<li>EFT \u0130le \u00d6deme \u0130mkan\u0131<\/li>\n<\/ul>\n<p><strong>Dikkat Etmeniz Gerekenler \u2757<\/strong><\/p>\n<p>Oto izlenme s\u00fcresi dolmadan kullan\u0131c\u0131 ad\u0131n\u0131z\u0131 de\u011fi\u015ftirdi\u011finizde oto izlenmeler otomatikman iptal olur. Bu gibi durumlarda bize bilgi vermeniz gerekmektedir.<\/p>\n<p><strong>Ayr\u0131ca;<\/strong><br \/>\n+18, yasa d\u0131\u015f\u0131 bahis, kumar ve cinsel i\u00e7erikli hesaplar i\u00e7in girilen sipari\u015fler onaylanmayacakt\u0131r.<\/p>\n","protected":false},"featured_media":511,"comment_status":"closed","ping_status":"closed","template":"","meta":{"spay_email":""},"product_cat":[512],"product_tag":[151,152,153,154,125,126,77,131,132,155,156,137,138,157,158],"class_list":["post-481","product","type-product","status-publish","has-post-thumbnail","hentry","product_cat-instagram-aylik-oto-izlenme","product_tag-aylik-instagram-izlenme","product_tag-aylik-oto-izlenme","product_tag-aylik-otomatik-izlenme","product_tag-instagram-aylik-oto-izlenme","product_tag-instagram-goruntulenme","product_tag-instagram-goruntulenme-satin-al","product_tag-instagram-hizmetleri","product_tag-instagram-izlenme","product_tag-instagram-izlenme-satin-al","product_tag-instagram-oto-izlenme","product_tag-instagram-otomatik-izlenme","product_tag-instagram-turk-izlenme","product_tag-instagram-turk-izlenme-satin-al","product_tag-oto-izlenme","product_tag-otomatik-izlenme"],"jetpack-related-posts":[{"id":476,"url":"https:\/\/fenoinsta.com\/tr\/product\/250-oto-izlenme\/","url_meta":{"origin":481,"position":0},"title":"250 Oto \u0130zlenme","date":"Ekim 13, 2021","format":false,"excerpt":"30 G\u00fcn Boyunca T\u00fcm Payla\u015f\u0131mlar\u0131n\u0131za En Az 250'\u015fer \u0130zlenme Gelir Payla\u015f\u0131m S\u0131n\u0131r\u0131 Yoktur \u0130zlenmeler Ger\u00e7ek T\u00fcrk Kullan\u0131c\u0131lardan Gelir Reels Videolar\u0131 \u0130\u00e7in Uygundur IGTV Videolar\u0131 \u0130\u00e7in Uygundur D\u00fc\u015f\u00fc\u015f Ya\u015fanmaz Hesab\u0131n\u0131z Gizli Olmamal\u0131 Ba\u015fkas\u0131n\u0131 Takip Etmezsiniz \u015eifre Vermeniz Gerekmiyor %100 G\u00fcvenli 3D Korumal\u0131 Al\u0131\u015fveri\u015f EFT \u0130le \u00d6deme \u0130mkan\u0131 Dikkat Etmeniz Gerekenler \u2757\u2026","rel":"","context":"Benzer yaz\u0131","img":{"alt_text":"","src":"https:\/\/i0.wp.com\/fenoinsta.com\/tr\/wp-content\/uploads\/2021\/10\/Instagram-Aylik-Oto-Izlenme-250.jpg?resize=350%2C200&ssl=1","width":350,"height":200},"classes":[]},{"id":477,"url":"https:\/\/fenoinsta.com\/tr\/product\/500-oto-izlenme\/","url_meta":{"origin":481,"position":1},"title":"500 Oto \u0130zlenme","date":"Ekim 13, 2021","format":false,"excerpt":"30 G\u00fcn Boyunca T\u00fcm Payla\u015f\u0131mlar\u0131n\u0131za En Az 500'er \u0130zlenme Gelir Payla\u015f\u0131m S\u0131n\u0131r\u0131 Yoktur \u0130zlenmeler Ger\u00e7ek T\u00fcrk Kullan\u0131c\u0131lardan Gelir Reels Videolar\u0131 \u0130\u00e7in Uygundur IGTV Videolar\u0131 \u0130\u00e7in Uygundur D\u00fc\u015f\u00fc\u015f Ya\u015fanmaz Hesab\u0131n\u0131z Gizli Olmamal\u0131 Ba\u015fkas\u0131n\u0131 Takip Etmezsiniz \u015eifre Vermeniz Gerekmiyor %100 G\u00fcvenli 3D Korumal\u0131 Al\u0131\u015fveri\u015f EFT \u0130le \u00d6deme \u0130mkan\u0131 Dikkat Etmeniz Gerekenler \u2757\u2026","rel":"","context":"Benzer yaz\u0131","img":{"alt_text":"","src":"https:\/\/i0.wp.com\/fenoinsta.com\/tr\/wp-content\/uploads\/2021\/10\/Instagram-Aylik-Oto-Izlenme-500.jpg?resize=350%2C200&ssl=1","width":350,"height":200},"classes":[]},{"id":478,"url":"https:\/\/fenoinsta.com\/tr\/product\/1-000-oto-izlenme\/","url_meta":{"origin":481,"position":2},"title":"1.000 Oto \u0130zlenme","date":"Ekim 13, 2021","format":false,"excerpt":"30 G\u00fcn Boyunca T\u00fcm Payla\u015f\u0131mlar\u0131n\u0131za En Az 1.000'er \u0130zlenme Gelir Payla\u015f\u0131m S\u0131n\u0131r\u0131 Yoktur \u0130zlenmeler Ger\u00e7ek T\u00fcrk Kullan\u0131c\u0131lardan Gelir Reels Videolar\u0131 \u0130\u00e7in Uygundur IGTV Videolar\u0131 \u0130\u00e7in Uygundur D\u00fc\u015f\u00fc\u015f Ya\u015fanmaz Hesab\u0131n\u0131z Gizli Olmamal\u0131 Ba\u015fkas\u0131n\u0131 Takip Etmezsiniz \u015eifre Vermeniz Gerekmiyor %100 G\u00fcvenli 3D Korumal\u0131 Al\u0131\u015fveri\u015f EFT \u0130le \u00d6deme \u0130mkan\u0131 Dikkat Etmeniz Gerekenler \u2757\u2026","rel":"","context":"Benzer yaz\u0131","img":{"alt_text":"","src":"https:\/\/i0.wp.com\/fenoinsta.com\/tr\/wp-content\/uploads\/2021\/10\/Instagram-Aylik-Oto-Izlenme-1000.jpg?resize=350%2C200&ssl=1","width":350,"height":200},"classes":[]},{"id":479,"url":"https:\/\/fenoinsta.com\/tr\/product\/2-500-oto-izlenme\/","url_meta":{"origin":481,"position":3},"title":"2.500 Oto \u0130zlenme","date":"Ekim 13, 2021","format":false,"excerpt":"30 G\u00fcn Boyunca T\u00fcm Payla\u015f\u0131mlar\u0131n\u0131za En Az 2.500'er \u0130zlenme Gelir Payla\u015f\u0131m S\u0131n\u0131r\u0131 Yoktur \u0130zlenmeler Ger\u00e7ek T\u00fcrk Kullan\u0131c\u0131lardan Gelir Reels Videolar\u0131 \u0130\u00e7in Uygundur IGTV Videolar\u0131 \u0130\u00e7in Uygundur D\u00fc\u015f\u00fc\u015f Ya\u015fanmaz Hesab\u0131n\u0131z Gizli Olmamal\u0131 Ba\u015fkas\u0131n\u0131 Takip Etmezsiniz \u015eifre Vermeniz Gerekmiyor %100 G\u00fcvenli 3D Korumal\u0131 Al\u0131\u015fveri\u015f EFT \u0130le \u00d6deme \u0130mkan\u0131 Dikkat Etmeniz Gerekenler \u2757\u2026","rel":"","context":"Benzer yaz\u0131","img":{"alt_text":"","src":"https:\/\/i0.wp.com\/fenoinsta.com\/tr\/wp-content\/uploads\/2021\/10\/Instagram-Aylik-Oto-Izlenme-2500.jpg?resize=350%2C200&ssl=1","width":350,"height":200},"classes":[]},{"id":480,"url":"https:\/\/fenoinsta.com\/tr\/product\/5-000-oto-izlenme\/","url_meta":{"origin":481,"position":4},"title":"5.000 Oto \u0130zlenme","date":"Ekim 13, 2021","format":false,"excerpt":"30 G\u00fcn Boyunca T\u00fcm Payla\u015f\u0131mlar\u0131n\u0131za En Az 5.000'er \u0130zlenme Gelir Payla\u015f\u0131m S\u0131n\u0131r\u0131 Yoktur \u0130zlenmeler Ger\u00e7ek T\u00fcrk Kullan\u0131c\u0131lardan Gelir Reels Videolar\u0131 \u0130\u00e7in Uygundur IGTV Videolar\u0131 \u0130\u00e7in Uygundur D\u00fc\u015f\u00fc\u015f Ya\u015fanmaz Hesab\u0131n\u0131z Gizli Olmamal\u0131 Ba\u015fkas\u0131n\u0131 Takip Etmezsiniz \u015eifre Vermeniz Gerekmiyor %100 G\u00fcvenli 3D Korumal\u0131 Al\u0131\u015fveri\u015f EFT \u0130le \u00d6deme \u0130mkan\u0131 Dikkat Etmeniz Gerekenler \u2757\u2026","rel":"","context":"Benzer yaz\u0131","img":{"alt_text":"","src":"https:\/\/i0.wp.com\/fenoinsta.com\/tr\/wp-content\/uploads\/2021\/10\/Instagram-Aylik-Oto-Izlenme-5000.jpg?resize=350%2C200&ssl=1","width":350,"height":200},"classes":[]},{"id":463,"url":"https:\/\/fenoinsta.com\/tr\/product\/10-000-izlenme\/","url_meta":{"origin":481,"position":5},"title":"10.000 \u0130zlenme","date":"Ekim 13, 2021","format":false,"excerpt":"Tek G\u00f6nderi \u0130\u00e7indir Ger\u00e7ek ve Aktif Kullan\u0131c\u0131lar \u0130zler D\u00fc\u015f\u00fc\u015f Ya\u015fanmaz IGTV Videolar\u0131 \u0130\u00e7in Uygundur Reels Videolar\u0131 \u0130\u00e7in Uygundur 0-1 Saat \u0130\u015fleme Ba\u015flama S\u00fcresi Hesab\u0131n\u0131z Gizli Olmamal\u0131 Ba\u015fkas\u0131n\u0131 Takip Etmezsiniz \u015eifre Vermeniz Gerekmiyor %100 G\u00fcvenli 3D Korumal\u0131 Al\u0131\u015fveri\u015f EFT \u0130le \u00d6deme \u0130mkan\u0131 Dikkat Etmeniz Gerekenler \u2757 \u0130zlenmeler sadece 1 g\u00f6nderi i\u00e7indir.\u2026","rel":"","context":"Benzer yaz\u0131","img":{"alt_text":"","src":"https:\/\/i0.wp.com\/fenoinsta.com\/tr\/wp-content\/uploads\/2021\/10\/Fenoinsta-Instagram-Izlenme-7.png?resize=350%2C200&ssl=1","width":350,"height":200},"classes":[]}],"_links":{"self":[{"href":"https:\/\/fenoinsta.com\/tr\/wp-json\/wp\/v2\/product\/481","targetHints":{"allow":["GET"]}}],"collection":[{"href":"https:\/\/fenoinsta.com\/tr\/wp-json\/wp\/v2\/product"}],"about":[{"href":"https:\/\/fenoinsta.com\/tr\/wp-json\/wp\/v2\/types\/product"}],"replies":[{"embeddable":true,"href":"https:\/\/fenoinsta.com\/tr\/wp-json\/wp\/v2\/comments?post=481"}],"wp:featuredmedia":[{"embeddable":true,"href":"https:\/\/fenoinsta.com\/tr\/wp-json\/wp\/v2\/media\/511"}],"wp:attachment":[{"href":"https:\/\/fenoinsta.com\/tr\/wp-json\/wp\/v2\/media?parent=481"}],"wp:term":[{"taxonomy":"product_cat","embeddable":true,"href":"https:\/\/fenoinsta.com\/tr\/wp-json\/wp\/v2\/product_cat?post=481"},{"taxonomy":"product_tag","embeddable":true,"href":"https:\/\/fenoinsta.com\/tr\/wp-json\/wp\/v2\/product_tag?post=481"}],"curies":[{"name":"wp","href":"https:\/\/api.w.org\/{rel}","templated":true}]}}