{"id":465,"date":"2021-10-13T11:28:31","date_gmt":"2021-10-13T11:28:31","guid":{"rendered":"https:\/\/www.takipinsta.org\/?post_type=product&#038;p=465"},"modified":"2023-11-06T14:03:43","modified_gmt":"2023-11-06T14:03:43","slug":"50-000-izlenme","status":"publish","type":"product","link":"https:\/\/fenoinsta.com\/tr\/product\/50-000-izlenme\/","title":{"rendered":"50.000 \u0130zlenme"},"content":{"rendered":"","protected":false},"excerpt":{"rendered":"<ul>\n<li>Tek G\u00f6nderi \u0130\u00e7indir<\/li>\n<li>Ger\u00e7ek ve Aktif Kullan\u0131c\u0131lar \u0130zler<\/li>\n<li>D\u00fc\u015f\u00fc\u015f Ya\u015fanmaz<\/li>\n<li>IGTV Videolar\u0131 \u0130\u00e7in Uygundur<\/li>\n<li>Reels Videolar\u0131 \u0130\u00e7in Uygundur<\/li>\n<li>0-1 Saat \u0130\u015fleme Ba\u015flama S\u00fcresi<\/li>\n<li>Hesab\u0131n\u0131z Gizli Olmamal\u0131<\/li>\n<li>Ba\u015fkas\u0131n\u0131 Takip Etmezsiniz<\/li>\n<li>\u015eifre Vermeniz Gerekmiyor<\/li>\n<li>%100 G\u00fcvenli 3D Korumal\u0131 Al\u0131\u015fveri\u015f<\/li>\n<li>EFT \u0130le \u00d6deme \u0130mkan\u0131<\/li>\n<\/ul>\n<p><strong>Dikkat Etmeniz Gerekenler \u2757<\/strong><\/p>\n<p>\u0130zlenmeler sadece 1 g\u00f6nderi i\u00e7indir. Daha fazla g\u00f6nderilere payla\u015ft\u0131r\u0131lamaz.<\/p>\n<p><strong>Ayr\u0131ca;<\/strong><br \/>\n+18, yasa d\u0131\u015f\u0131 bahis, kumar ve cinsel i\u00e7erikli hesaplar i\u00e7in girilen sipari\u015fler onaylanmayacakt\u0131r.<\/p>\n","protected":false},"featured_media":2835,"comment_status":"closed","ping_status":"closed","template":"","meta":{"spay_email":""},"product_cat":[68,557,504],"product_tag":[121,122,123,124,125,126,77,127,128,129,130,131,132,133,134,135,136,137,138,139,140,141,142],"class_list":["post-465","product","type-product","status-publish","has-post-thumbnail","hentry","product_cat-instagram","product_cat-instagram-izlenme","product_cat-instagram-turk-izlenme","product_tag-igtv-goruntulenme","product_tag-igtv-goruntulenme-satin-al","product_tag-igtv-izlenme","product_tag-igtv-izlenme-satin-al","product_tag-instagram-goruntulenme","product_tag-instagram-goruntulenme-satin-al","product_tag-instagram-hizmetleri","product_tag-instagram-igtv-goruntulenme","product_tag-instagram-igtv-goruntulenme-satin-al","product_tag-instagram-igtv-izlenme","product_tag-instagram-igtv-izlenme-satin-al","product_tag-instagram-izlenme","product_tag-instagram-izlenme-satin-al","product_tag-instagram-reels-goruntulenme","product_tag-instagram-reels-goruntulenme-satin-al","product_tag-instagram-reels-izlenme","product_tag-instagram-reels-izlenme-satin-al","product_tag-instagram-turk-izlenme","product_tag-instagram-turk-izlenme-satin-al","product_tag-reels-goruntulenme","product_tag-reels-goruntulenme-satin-al","product_tag-reels-izlenme","product_tag-reels-izlenme-satin-al"],"jetpack-related-posts":[{"id":436,"url":"https:\/\/fenoinsta.com\/tr\/product\/1-000-izlenme\/","url_meta":{"origin":465,"position":0},"title":"1.000 \u0130zlenme","date":"Ekim 13, 2021","format":false,"excerpt":"Tek G\u00f6nderi \u0130\u00e7indir Ger\u00e7ek ve Aktif Kullan\u0131c\u0131lar \u0130zler D\u00fc\u015f\u00fc\u015f Ya\u015fanmaz IGTV Videolar\u0131 \u0130\u00e7in Uygundur Reels Videolar\u0131 \u0130\u00e7in Uygundur 0-1 Saat \u0130\u015fleme Ba\u015flama S\u00fcresi Hesab\u0131n\u0131z Gizli Olmamal\u0131 Ba\u015fkas\u0131n\u0131 Takip Etmezsiniz \u015eifre Vermeniz Gerekmiyor %100 G\u00fcvenli 3D Korumal\u0131 Al\u0131\u015fveri\u015f EFT \u0130le \u00d6deme \u0130mkan\u0131 Dikkat Etmeniz Gerekenler \u2757 \u0130zlenmeler sadece 1 g\u00f6nderi i\u00e7indir.\u2026","rel":"","context":"Benzer yaz\u0131","img":{"alt_text":"","src":"https:\/\/i0.wp.com\/fenoinsta.com\/tr\/wp-content\/uploads\/2021\/10\/Fenoinsta-Instagram-Izlenme-4.png?resize=350%2C200&ssl=1","width":350,"height":200},"classes":[]},{"id":434,"url":"https:\/\/fenoinsta.com\/tr\/product\/250-izlenme\/","url_meta":{"origin":465,"position":1},"title":"250 \u0130zlenme","date":"Ekim 13, 2021","format":false,"excerpt":"Tek G\u00f6nderi \u0130\u00e7indir Ger\u00e7ek ve Aktif Kullan\u0131c\u0131lar \u0130zler D\u00fc\u015f\u00fc\u015f Ya\u015fanmaz IGTV Videolar\u0131 \u0130\u00e7in Uygundur Reels Videolar\u0131 \u0130\u00e7in Uygundur 0-1 Saat \u0130\u015fleme Ba\u015flama S\u00fcresi Hesab\u0131n\u0131z Gizli Olmamal\u0131 Ba\u015fkas\u0131n\u0131 Takip Etmezsiniz \u015eifre Vermeniz Gerekmiyor %100 G\u00fcvenli 3D Korumal\u0131 Al\u0131\u015fveri\u015f EFT \u0130le \u00d6deme \u0130mkan\u0131 Dikkat Etmeniz Gerekenler \u2757 \u0130zlenmeler sadece 1 g\u00f6nderi i\u00e7indir.\u2026","rel":"","context":"Benzer yaz\u0131","img":{"alt_text":"","src":"https:\/\/i0.wp.com\/fenoinsta.com\/tr\/wp-content\/uploads\/2021\/10\/Fenoinsta-Instagram-Izlenme.png?resize=350%2C200&ssl=1","width":350,"height":200},"classes":[]},{"id":435,"url":"https:\/\/fenoinsta.com\/tr\/product\/500-izlenme\/","url_meta":{"origin":465,"position":2},"title":"500 \u0130zlenme","date":"Ekim 13, 2021","format":false,"excerpt":"Tek G\u00f6nderi \u0130\u00e7indir Ger\u00e7ek ve Aktif Kullan\u0131c\u0131lar \u0130zler D\u00fc\u015f\u00fc\u015f Ya\u015fanmaz IGTV Videolar\u0131 \u0130\u00e7in Uygundur Reels Videolar\u0131 \u0130\u00e7in Uygundur 0-1 Saat \u0130\u015fleme Ba\u015flama S\u00fcresi Hesab\u0131n\u0131z Gizli Olmamal\u0131 Ba\u015fkas\u0131n\u0131 Takip Etmezsiniz \u015eifre Vermeniz Gerekmiyor %100 G\u00fcvenli 3D Korumal\u0131 Al\u0131\u015fveri\u015f EFT \u0130le \u00d6deme \u0130mkan\u0131 Dikkat Etmeniz Gerekenler \u2757 \u0130zlenmeler sadece 1 g\u00f6nderi i\u00e7indir.\u2026","rel":"","context":"Benzer yaz\u0131","img":{"alt_text":"","src":"https:\/\/i0.wp.com\/fenoinsta.com\/tr\/wp-content\/uploads\/2021\/10\/Fenoinsta-Instagram-Izlenme-3.png?resize=350%2C200&ssl=1","width":350,"height":200},"classes":[]},{"id":461,"url":"https:\/\/fenoinsta.com\/tr\/product\/2-500-izlenme\/","url_meta":{"origin":465,"position":3},"title":"2.500 \u0130zlenme","date":"Ekim 13, 2021","format":false,"excerpt":"Tek G\u00f6nderi \u0130\u00e7indir Ger\u00e7ek ve Aktif Kullan\u0131c\u0131lar \u0130zler D\u00fc\u015f\u00fc\u015f Ya\u015fanmaz IGTV Videolar\u0131 \u0130\u00e7in Uygundur Reels Videolar\u0131 \u0130\u00e7in Uygundur 0-1 Saat \u0130\u015fleme Ba\u015flama S\u00fcresi Hesab\u0131n\u0131z Gizli Olmamal\u0131 Ba\u015fkas\u0131n\u0131 Takip Etmezsiniz \u015eifre Vermeniz Gerekmiyor %100 G\u00fcvenli 3D Korumal\u0131 Al\u0131\u015fveri\u015f EFT \u0130le \u00d6deme \u0130mkan\u0131 Dikkat Etmeniz Gerekenler \u2757 \u0130zlenmeler sadece 1 g\u00f6nderi i\u00e7indir.\u2026","rel":"","context":"Benzer yaz\u0131","img":{"alt_text":"","src":"https:\/\/i0.wp.com\/fenoinsta.com\/tr\/wp-content\/uploads\/2021\/10\/Fenoinsta-Instagram-Izlenme-5.png?resize=350%2C200&ssl=1","width":350,"height":200},"classes":[]},{"id":462,"url":"https:\/\/fenoinsta.com\/tr\/product\/5-000-izlenme\/","url_meta":{"origin":465,"position":4},"title":"5.000 \u0130zlenme","date":"Ekim 13, 2021","format":false,"excerpt":"Tek G\u00f6nderi \u0130\u00e7indir Ger\u00e7ek ve Aktif Kullan\u0131c\u0131lar \u0130zler D\u00fc\u015f\u00fc\u015f Ya\u015fanmaz IGTV Videolar\u0131 \u0130\u00e7in Uygundur Reels Videolar\u0131 \u0130\u00e7in Uygundur 0-1 Saat \u0130\u015fleme Ba\u015flama S\u00fcresi Hesab\u0131n\u0131z Gizli Olmamal\u0131 Ba\u015fkas\u0131n\u0131 Takip Etmezsiniz \u015eifre Vermeniz Gerekmiyor %100 G\u00fcvenli 3D Korumal\u0131 Al\u0131\u015fveri\u015f EFT \u0130le \u00d6deme \u0130mkan\u0131 Dikkat Etmeniz Gerekenler \u2757 \u0130zlenmeler sadece 1 g\u00f6nderi i\u00e7indir.\u2026","rel":"","context":"Benzer yaz\u0131","img":{"alt_text":"","src":"https:\/\/i0.wp.com\/fenoinsta.com\/tr\/wp-content\/uploads\/2021\/10\/Fenoinsta-Instagram-Izlenme-6.png?resize=350%2C200&ssl=1","width":350,"height":200},"classes":[]},{"id":463,"url":"https:\/\/fenoinsta.com\/tr\/product\/10-000-izlenme\/","url_meta":{"origin":465,"position":5},"title":"10.000 \u0130zlenme","date":"Ekim 13, 2021","format":false,"excerpt":"Tek G\u00f6nderi \u0130\u00e7indir Ger\u00e7ek ve Aktif Kullan\u0131c\u0131lar \u0130zler D\u00fc\u015f\u00fc\u015f Ya\u015fanmaz IGTV Videolar\u0131 \u0130\u00e7in Uygundur Reels Videolar\u0131 \u0130\u00e7in Uygundur 0-1 Saat \u0130\u015fleme Ba\u015flama S\u00fcresi Hesab\u0131n\u0131z Gizli Olmamal\u0131 Ba\u015fkas\u0131n\u0131 Takip Etmezsiniz \u015eifre Vermeniz Gerekmiyor %100 G\u00fcvenli 3D Korumal\u0131 Al\u0131\u015fveri\u015f EFT \u0130le \u00d6deme \u0130mkan\u0131 Dikkat Etmeniz Gerekenler \u2757 \u0130zlenmeler sadece 1 g\u00f6nderi i\u00e7indir.\u2026","rel":"","context":"Benzer yaz\u0131","img":{"alt_text":"","src":"https:\/\/i0.wp.com\/fenoinsta.com\/tr\/wp-content\/uploads\/2021\/10\/Fenoinsta-Instagram-Izlenme-7.png?resize=350%2C200&ssl=1","width":350,"height":200},"classes":[]}],"_links":{"self":[{"href":"https:\/\/fenoinsta.com\/tr\/wp-json\/wp\/v2\/product\/465","targetHints":{"allow":["GET"]}}],"collection":[{"href":"https:\/\/fenoinsta.com\/tr\/wp-json\/wp\/v2\/product"}],"about":[{"href":"https:\/\/fenoinsta.com\/tr\/wp-json\/wp\/v2\/types\/product"}],"replies":[{"embeddable":true,"href":"https:\/\/fenoinsta.com\/tr\/wp-json\/wp\/v2\/comments?post=465"}],"wp:featuredmedia":[{"embeddable":true,"href":"https:\/\/fenoinsta.com\/tr\/wp-json\/wp\/v2\/media\/2835"}],"wp:attachment":[{"href":"https:\/\/fenoinsta.com\/tr\/wp-json\/wp\/v2\/media?parent=465"}],"wp:term":[{"taxonomy":"product_cat","embeddable":true,"href":"https:\/\/fenoinsta.com\/tr\/wp-json\/wp\/v2\/product_cat?post=465"},{"taxonomy":"product_tag","embeddable":true,"href":"https:\/\/fenoinsta.com\/tr\/wp-json\/wp\/v2\/product_tag?post=465"}],"curies":[{"name":"wp","href":"https:\/\/api.w.org\/{rel}","templated":true}]}}