{"id":426,"date":"2021-10-13T11:28:10","date_gmt":"2021-10-13T11:28:10","guid":{"rendered":"https:\/\/www.takipinsta.org\/?post_type=product&#038;p=426"},"modified":"2025-10-12T15:07:19","modified_gmt":"2025-10-12T15:07:19","slug":"250-oto-begeni","status":"publish","type":"product","link":"https:\/\/fenoinsta.com\/tr\/product\/250-oto-begeni\/","title":{"rendered":"100 Oto Be\u011feni"},"content":{"rendered":"","protected":false},"excerpt":{"rendered":"<ul>\n<li>30 G\u00fcn Boyunca T\u00fcm Payla\u015f\u0131mlar\u0131n\u0131za En Az 100&#8217;er Be\u011feni Gelir<\/li>\n<li>Payla\u015f\u0131m S\u0131n\u0131r\u0131 Yoktur<\/li>\n<li>Be\u011feniler Ger\u00e7ek ve Aktif Kullan\u0131c\u0131lardan Gelir<\/li>\n<li>IGTV Payla\u015f\u0131mlar\u0131 \u0130\u00e7in Uygundur<\/li>\n<li>Reels Payla\u015f\u0131mlar\u0131 \u0130\u00e7in Uygundur<\/li>\n<li>D\u00fc\u015f\u00fc\u015f Ya\u015fanmaz<\/li>\n<li>Hesab\u0131n\u0131z Gizli Olmamal\u0131<\/li>\n<li>Ba\u015fkas\u0131n\u0131 Takip Etmezsiniz<\/li>\n<li>\u015eifre Vermeniz Gerekmiyor<\/li>\n<li>%100 G\u00fcvenli 3D Korumal\u0131 Al\u0131\u015fveri\u015f<\/li>\n<li>EFT \u0130le \u00d6deme \u0130mkan\u0131<\/li>\n<\/ul>\n<p><strong>Dikkat Etmeniz Gerekenler \u2757<\/strong><\/p>\n<p>Ayl\u0131k oto be\u011feniler ge\u00e7mi\u015f g\u00f6nderileri kapsamaz. Yaln\u0131zca sipari\u015ften sonra 30 g\u00fcn i\u00e7inde payla\u015f\u0131lan g\u00f6nderiler i\u00e7indir. Oto be\u011feni s\u00fcresi dolmadan kullan\u0131c\u0131 ad\u0131n\u0131z\u0131 de\u011fi\u015ftirdi\u011finizde oto be\u011feniler otomatikman iptal olur. Bu gibi durumlarda bize bilgi vermeniz gerekmektedir.<\/p>\n<p><strong>Ayr\u0131ca;<\/strong><br \/>\n+18, yasa d\u0131\u015f\u0131 bahis, kumar ve cinsel i\u00e7erikli hesaplar i\u00e7in girilen sipari\u015fler onaylanmayacakt\u0131r.<\/p>\n","protected":false},"featured_media":2888,"comment_status":"closed","ping_status":"closed","template":"","meta":{"spay_email":""},"product_cat":[500,513,553],"product_tag":[111,112,113,114,98,99,77,100,101,115,116,102,103,117,118],"class_list":["post-426","product","type-product","status-publish","has-post-thumbnail","hentry","product_cat-instagram-takipci","product_cat-instagram-begeni","product_cat-instagram-aylik-oto-begeni","product_tag-aylik-instagram-begenisi","product_tag-aylik-oto-begeni","product_tag-aylik-otomatik-begeni","product_tag-instagram-aylik-oto-begeni","product_tag-instagram-begeni","product_tag-instagram-begeni-satin-al","product_tag-instagram-hizmetleri","product_tag-instagram-like","product_tag-instagram-like-satin-al","product_tag-instagram-oto-begeni","product_tag-instagram-otomatik-begeni","product_tag-instagram-turk-begeni","product_tag-instagram-turk-begeni-satin-al","product_tag-oto-begeni","product_tag-otomatik-begeni"],"jetpack-related-posts":[{"id":424,"url":"https:\/\/fenoinsta.com\/tr\/product\/100-oto-begeni\/","url_meta":{"origin":426,"position":0},"title":"50 Oto Be\u011feni","date":"Ekim 13, 2021","format":false,"excerpt":"30 G\u00fcn Boyunca T\u00fcm Payla\u015f\u0131mlar\u0131n\u0131za En Az 50'\u015fer Be\u011feni Gelir Payla\u015f\u0131m S\u0131n\u0131r\u0131 Yoktur Be\u011feniler Ger\u00e7ek ve Aktif Kullan\u0131c\u0131lardan Gelir IGTV Payla\u015f\u0131mlar\u0131 \u0130\u00e7in Uygundur Reels Payla\u015f\u0131mlar\u0131 \u0130\u00e7in Uygundur D\u00fc\u015f\u00fc\u015f Ya\u015fanmaz Hesab\u0131n\u0131z Gizli Olmamal\u0131 Ba\u015fkas\u0131n\u0131 Takip Etmezsiniz \u015eifre Vermeniz Gerekmiyor %100 G\u00fcvenli 3D Korumal\u0131 Al\u0131\u015fveri\u015f EFT \u0130le \u00d6deme \u0130mkan\u0131 Dikkat Etmeniz Gerekenler\u2026","rel":"","context":"Benzer yaz\u0131","img":{"alt_text":"","src":"https:\/\/i0.wp.com\/fenoinsta.com\/tr\/wp-content\/uploads\/2021\/10\/Fenoinsta-Otobegeni-2.png?resize=350%2C200&ssl=1","width":350,"height":200},"classes":[]},{"id":422,"url":"https:\/\/fenoinsta.com\/tr\/product\/50-oto-begeni\/","url_meta":{"origin":426,"position":1},"title":"25 Oto Be\u011feni","date":"Ekim 13, 2021","format":false,"excerpt":"30 G\u00fcn Boyunca T\u00fcm Payla\u015f\u0131mlar\u0131n\u0131za En Az 25'er Be\u011feni Gelir Payla\u015f\u0131m S\u0131n\u0131r\u0131 Yoktur Be\u011feniler Ger\u00e7ek ve Aktif Kullan\u0131c\u0131lardan Gelir IGTV Payla\u015f\u0131mlar\u0131 \u0130\u00e7in Uygundur Reels Payla\u015f\u0131mlar\u0131 \u0130\u00e7in Uygundur D\u00fc\u015f\u00fc\u015f Ya\u015fanmaz Hesab\u0131n\u0131z Gizli Olmamal\u0131 Ba\u015fkas\u0131n\u0131 Takip Etmezsiniz \u015eifre Vermeniz Gerekmiyor %100 G\u00fcvenli 3D Korumal\u0131 Al\u0131\u015fveri\u015f EFT \u0130le \u00d6deme \u0130mkan\u0131 Dikkat Etmeniz Gerekenler\u2026","rel":"","context":"Benzer yaz\u0131","img":{"alt_text":"","src":"https:\/\/i0.wp.com\/fenoinsta.com\/tr\/wp-content\/uploads\/2021\/10\/Fenoinsta-Otobegeni-1.png?resize=350%2C200&ssl=1","width":350,"height":200},"classes":[]},{"id":428,"url":"https:\/\/fenoinsta.com\/tr\/product\/500-oto-begeni\/","url_meta":{"origin":426,"position":2},"title":"250 Oto Be\u011feni","date":"Ekim 13, 2021","format":false,"excerpt":"30 G\u00fcn Boyunca T\u00fcm Payla\u015f\u0131mlar\u0131n\u0131za En Az 250'\u015fer Be\u011feni Gelir Payla\u015f\u0131m S\u0131n\u0131r\u0131 Yoktur Be\u011feniler Ger\u00e7ek ve Aktif Kullan\u0131c\u0131lardan Gelir IGTV Payla\u015f\u0131mlar\u0131 \u0130\u00e7in Uygundur Reels Payla\u015f\u0131mlar\u0131 \u0130\u00e7in Uygundur D\u00fc\u015f\u00fc\u015f Ya\u015fanmaz Hesab\u0131n\u0131z Gizli Olmamal\u0131 Ba\u015fkas\u0131n\u0131 Takip Etmezsiniz \u015eifre Vermeniz Gerekmiyor %100 G\u00fcvenli 3D Korumal\u0131 Al\u0131\u015fveri\u015f EFT \u0130le \u00d6deme \u0130mkan\u0131 Dikkat Etmeniz Gerekenler\u2026","rel":"","context":"Benzer yaz\u0131","img":{"alt_text":"","src":"https:\/\/i0.wp.com\/fenoinsta.com\/tr\/wp-content\/uploads\/2021\/10\/Fenoinsta-Otobegeni-4.png?resize=350%2C200&ssl=1","width":350,"height":200},"classes":[]},{"id":430,"url":"https:\/\/fenoinsta.com\/tr\/product\/750-oto-begeni\/","url_meta":{"origin":426,"position":3},"title":"500 Oto Be\u011feni","date":"Ekim 13, 2021","format":false,"excerpt":"30 G\u00fcn Boyunca T\u00fcm Payla\u015f\u0131mlar\u0131n\u0131za En Az 500'er Be\u011feni Gelir Payla\u015f\u0131m S\u0131n\u0131r\u0131 Yoktur Be\u011feniler Ger\u00e7ek ve Aktif Kullan\u0131c\u0131lardan Gelir IGTV Payla\u015f\u0131mlar\u0131 \u0130\u00e7in Uygundur Reels Payla\u015f\u0131mlar\u0131 \u0130\u00e7in Uygundur D\u00fc\u015f\u00fc\u015f Ya\u015fanmaz Hesab\u0131n\u0131z Gizli Olmamal\u0131 Ba\u015fkas\u0131n\u0131 Takip Etmezsiniz \u015eifre Vermeniz Gerekmiyor %100 G\u00fcvenli 3D Korumal\u0131 Al\u0131\u015fveri\u015f EFT \u0130le \u00d6deme \u0130mkan\u0131 Dikkat Etmeniz Gerekenler\u2026","rel":"","context":"Benzer yaz\u0131","img":{"alt_text":"","src":"https:\/\/i0.wp.com\/fenoinsta.com\/tr\/wp-content\/uploads\/2021\/10\/Fenoinsta-Otobegeni-5.png?resize=350%2C200&ssl=1","width":350,"height":200},"classes":[]},{"id":432,"url":"https:\/\/fenoinsta.com\/tr\/product\/1-000-oto-begeni\/","url_meta":{"origin":426,"position":4},"title":"1.000 Oto Be\u011feni","date":"Ekim 13, 2021","format":false,"excerpt":"30 G\u00fcn Boyunca T\u00fcm Payla\u015f\u0131mlar\u0131n\u0131za En Az 1.000'er Be\u011feni Gelir Payla\u015f\u0131m S\u0131n\u0131r\u0131 Yoktur Be\u011feniler Ger\u00e7ek ve Aktif Kullan\u0131c\u0131lardan Gelir IGTV Payla\u015f\u0131mlar\u0131 \u0130\u00e7in Uygundur Reels Payla\u015f\u0131mlar\u0131 \u0130\u00e7in Uygundur D\u00fc\u015f\u00fc\u015f Ya\u015fanmaz Hesab\u0131n\u0131z Gizli Olmamal\u0131 Ba\u015fkas\u0131n\u0131 Takip Etmezsiniz \u015eifre Vermeniz Gerekmiyor %100 G\u00fcvenli 3D Korumal\u0131 Al\u0131\u015fveri\u015f EFT \u0130le \u00d6deme \u0130mkan\u0131 Dikkat Etmeniz Gerekenler\u2026","rel":"","context":"Benzer yaz\u0131","img":{"alt_text":"","src":"https:\/\/i0.wp.com\/fenoinsta.com\/tr\/wp-content\/uploads\/2021\/10\/Fenoinsta-Otobegeni-6.png?resize=350%2C200&ssl=1","width":350,"height":200},"classes":[]},{"id":476,"url":"https:\/\/fenoinsta.com\/tr\/product\/250-oto-izlenme\/","url_meta":{"origin":426,"position":5},"title":"250 Oto \u0130zlenme","date":"Ekim 13, 2021","format":false,"excerpt":"30 G\u00fcn Boyunca T\u00fcm Payla\u015f\u0131mlar\u0131n\u0131za En Az 250'\u015fer \u0130zlenme Gelir Payla\u015f\u0131m S\u0131n\u0131r\u0131 Yoktur \u0130zlenmeler Ger\u00e7ek T\u00fcrk Kullan\u0131c\u0131lardan Gelir Reels Videolar\u0131 \u0130\u00e7in Uygundur IGTV Videolar\u0131 \u0130\u00e7in Uygundur D\u00fc\u015f\u00fc\u015f Ya\u015fanmaz Hesab\u0131n\u0131z Gizli Olmamal\u0131 Ba\u015fkas\u0131n\u0131 Takip Etmezsiniz \u015eifre Vermeniz Gerekmiyor %100 G\u00fcvenli 3D Korumal\u0131 Al\u0131\u015fveri\u015f EFT \u0130le \u00d6deme \u0130mkan\u0131 Dikkat Etmeniz Gerekenler \u2757\u2026","rel":"","context":"Benzer yaz\u0131","img":{"alt_text":"","src":"https:\/\/i0.wp.com\/fenoinsta.com\/tr\/wp-content\/uploads\/2021\/10\/Instagram-Aylik-Oto-Izlenme-250.jpg?resize=350%2C200&ssl=1","width":350,"height":200},"classes":[]}],"_links":{"self":[{"href":"https:\/\/fenoinsta.com\/tr\/wp-json\/wp\/v2\/product\/426","targetHints":{"allow":["GET"]}}],"collection":[{"href":"https:\/\/fenoinsta.com\/tr\/wp-json\/wp\/v2\/product"}],"about":[{"href":"https:\/\/fenoinsta.com\/tr\/wp-json\/wp\/v2\/types\/product"}],"replies":[{"embeddable":true,"href":"https:\/\/fenoinsta.com\/tr\/wp-json\/wp\/v2\/comments?post=426"}],"wp:featuredmedia":[{"embeddable":true,"href":"https:\/\/fenoinsta.com\/tr\/wp-json\/wp\/v2\/media\/2888"}],"wp:attachment":[{"href":"https:\/\/fenoinsta.com\/tr\/wp-json\/wp\/v2\/media?parent=426"}],"wp:term":[{"taxonomy":"product_cat","embeddable":true,"href":"https:\/\/fenoinsta.com\/tr\/wp-json\/wp\/v2\/product_cat?post=426"},{"taxonomy":"product_tag","embeddable":true,"href":"https:\/\/fenoinsta.com\/tr\/wp-json\/wp\/v2\/product_tag?post=426"}],"curies":[{"name":"wp","href":"https:\/\/api.w.org\/{rel}","templated":true}]}}