{"id":421,"date":"2021-10-13T11:28:10","date_gmt":"2021-10-13T11:28:10","guid":{"rendered":"https:\/\/www.takipinsta.org\/?post_type=product&#038;p=421"},"modified":"2025-10-12T15:11:12","modified_gmt":"2025-10-12T15:11:12","slug":"100-kadin-begeni","status":"publish","type":"product","link":"https:\/\/fenoinsta.com\/tr\/product\/100-kadin-begeni\/","title":{"rendered":"100 Kad\u0131n Be\u011feni"},"content":{"rendered":"","protected":false},"excerpt":{"rendered":"<ul>\n<li>Tek G\u00f6nderi \u0130\u00e7indir<\/li>\n<li>Be\u011fenilerin %80&#8217;i Kad\u0131n Kullan\u0131c\u0131lardan Gelir<\/li>\n<li>D\u00fc\u015f\u00fc\u015f Ya\u015fanmaz<\/li>\n<li>0-1 Saat \u0130\u015fleme Ba\u015flama S\u00fcresi<\/li>\n<li>Hesab\u0131n\u0131z Gizli Olmamal\u0131<\/li>\n<li>Ba\u015fkas\u0131n\u0131 Takip Etmezsiniz<\/li>\n<li>\u015eifre Vermeniz Gerekmiyor<\/li>\n<li>%100 G\u00fcvenli 3D Korumal\u0131 Al\u0131\u015fveri\u015f<\/li>\n<li>EFT \u0130le \u00d6deme \u0130mkan\u0131<\/li>\n<\/ul>\n<p><strong>Dikkat Etmeniz Gerekenler \u2757<\/strong><\/p>\n<p>Be\u011feniler tek g\u00f6nderi i\u00e7indir. Daha fazla g\u00f6nderilere payla\u015ft\u0131r\u0131lamaz.<\/p>\n<p><strong>Ayr\u0131ca;<\/strong><br \/>\n+18, yasa d\u0131\u015f\u0131 bahis, kumar ve cinsel i\u00e7erikli hesaplar i\u00e7in girilen sipari\u015fler onaylanmayacakt\u0131r.<\/p>\n","protected":false},"featured_media":1762,"comment_status":"closed","ping_status":"closed","template":"","meta":{"spay_email":""},"product_cat":[535],"product_tag":[98,99,77,108,109,100,101,102,103],"class_list":["post-421","product","type-product","status-publish","has-post-thumbnail","hentry","product_cat-instagram-kadin-begeni","product_tag-instagram-begeni","product_tag-instagram-begeni-satin-al","product_tag-instagram-hizmetleri","product_tag-instagram-kadin-begeni","product_tag-instagram-kadin-begeni-satin-al","product_tag-instagram-like","product_tag-instagram-like-satin-al","product_tag-instagram-turk-begeni","product_tag-instagram-turk-begeni-satin-al"],"jetpack-related-posts":[{"id":532,"url":"https:\/\/fenoinsta.com\/tr\/product\/100-kadin-yorum\/","url_meta":{"origin":421,"position":0},"title":"100 Kad\u0131n Yorum","date":"Ekim 13, 2021","format":false,"excerpt":"Tek G\u00f6nderi \u0130\u00e7indir %90 Ger\u00e7ek T\u00fcrk Kad\u0131n Kullan\u0131c\u0131lar 0-3 saat \u0130\u015fleme Ba\u015flama S\u00fcresi Hesab\u0131n\u0131z Gizli Olmamal\u0131 Ba\u015fkas\u0131n\u0131 Takip Etmezsiniz \u015eifre Vermeniz Gerekmiyor %100 G\u00fcvenli 3D Korumal\u0131 Al\u0131\u015fveri\u015f EFT \u0130le \u00d6deme \u0130mkan\u0131 Dikkat Etmeniz Gerekenler \u2757 Yorumlar\u0131n m\u00fc\u015fteriler taraf\u0131ndan alt alta yaz\u0131lm\u0131\u015f olarak WhatsApp Destek Hatt\u0131'ndan ya da sipari\u015f k\u0131sm\u0131ndan bildirilmesi\u2026","rel":"","context":"Benzer yaz\u0131","img":{"alt_text":"","src":"https:\/\/i0.wp.com\/fenoinsta.com\/tr\/wp-content\/uploads\/2021\/10\/Instagram-Yorum-Kadin-100.jpg?resize=350%2C200&ssl=1","width":350,"height":200},"classes":[]},{"id":521,"url":"https:\/\/fenoinsta.com\/tr\/product\/100-turk-yorum\/","url_meta":{"origin":421,"position":1},"title":"100 T\u00fcrk Yorum","date":"Ekim 13, 2021","format":false,"excerpt":"Tek G\u00f6nderi \u0130\u00e7indir %90 Ger\u00e7ek T\u00fcrk Kullan\u0131c\u0131lar 0-3 saat \u0130\u015fleme Ba\u015flama S\u00fcresi Hesab\u0131n\u0131z Gizli Olmamal\u0131 Ba\u015fkas\u0131n\u0131 Takip Etmezsiniz \u015eifre Vermeniz Gerekmiyor %100 G\u00fcvenli 3D Korumal\u0131 Al\u0131\u015fveri\u015f EFT \u0130le \u00d6deme \u0130mkan\u0131 Dikkat Etmeniz Gerekenler \u2757 Yorumlar\u0131n m\u00fc\u015fteriler taraf\u0131ndan alt alta yaz\u0131lm\u0131\u015f olarak WhatsApp Destek Hatt\u0131'ndan ya da sipari\u015f k\u0131sm\u0131ndan bildirilmesi gerekir.\u2026","rel":"","context":"Benzer yaz\u0131","img":{"alt_text":"","src":"https:\/\/i0.wp.com\/fenoinsta.com\/tr\/wp-content\/uploads\/2021\/10\/Instagram-Yorum-100.jpg?resize=350%2C200&ssl=1","width":350,"height":200},"classes":[]},{"id":527,"url":"https:\/\/fenoinsta.com\/tr\/product\/5-kadin-yorum\/","url_meta":{"origin":421,"position":2},"title":"5 Kad\u0131n Yorum","date":"Ekim 13, 2021","format":false,"excerpt":"Tek G\u00f6nderi \u0130\u00e7indir %90 Ger\u00e7ek T\u00fcrk Kad\u0131n Kullan\u0131c\u0131lar 0-3 saat \u0130\u015fleme Ba\u015flama S\u00fcresi Hesab\u0131n\u0131z Gizli Olmamal\u0131 Ba\u015fkas\u0131n\u0131 Takip Etmezsiniz \u015eifre Vermeniz Gerekmiyor %100 G\u00fcvenli 3D Korumal\u0131 Al\u0131\u015fveri\u015f EFT \u0130le \u00d6deme \u0130mkan\u0131 Dikkat Etmeniz Gerekenler \u2757 Yorumlar\u0131n m\u00fc\u015fteriler taraf\u0131ndan alt alta yaz\u0131lm\u0131\u015f olarak WhatsApp Destek Hatt\u0131'ndan ya da sipari\u015f k\u0131sm\u0131ndan bildirilmesi\u2026","rel":"","context":"Benzer yaz\u0131","img":{"alt_text":"","src":"https:\/\/i0.wp.com\/fenoinsta.com\/tr\/wp-content\/uploads\/2021\/10\/Instagram-Yorum-Kadin-5.jpg?resize=350%2C200&ssl=1","width":350,"height":200},"classes":[]},{"id":528,"url":"https:\/\/fenoinsta.com\/tr\/product\/10-kadin-yorum\/","url_meta":{"origin":421,"position":3},"title":"10 Kad\u0131n Yorum","date":"Ekim 13, 2021","format":false,"excerpt":"Tek G\u00f6nderi \u0130\u00e7indir %90 Ger\u00e7ek T\u00fcrk Kad\u0131n Kullan\u0131c\u0131lar 0-3 saat \u0130\u015fleme Ba\u015flama S\u00fcresi Hesab\u0131n\u0131z Gizli Olmamal\u0131 Ba\u015fkas\u0131n\u0131 Takip Etmezsiniz \u015eifre Vermeniz Gerekmiyor %100 G\u00fcvenli 3D Korumal\u0131 Al\u0131\u015fveri\u015f EFT \u0130le \u00d6deme \u0130mkan\u0131 Dikkat Etmeniz Gerekenler \u2757 Yorumlar\u0131n m\u00fc\u015fteriler taraf\u0131ndan alt alta yaz\u0131lm\u0131\u015f olarak WhatsApp Destek Hatt\u0131'ndan ya da sipari\u015f k\u0131sm\u0131ndan bildirilmesi\u2026","rel":"","context":"Benzer yaz\u0131","img":{"alt_text":"","src":"https:\/\/i0.wp.com\/fenoinsta.com\/tr\/wp-content\/uploads\/2021\/10\/Instagram-Yorum-Kadin-10.jpg?resize=350%2C200&ssl=1","width":350,"height":200},"classes":[]},{"id":529,"url":"https:\/\/fenoinsta.com\/tr\/product\/25-kadin-yorum\/","url_meta":{"origin":421,"position":4},"title":"25 Kad\u0131n Yorum","date":"Ekim 13, 2021","format":false,"excerpt":"Tek G\u00f6nderi \u0130\u00e7indir %90 Ger\u00e7ek T\u00fcrk Kad\u0131n Kullan\u0131c\u0131lar 0-3 saat \u0130\u015fleme Ba\u015flama S\u00fcresi Hesab\u0131n\u0131z Gizli Olmamal\u0131 Ba\u015fkas\u0131n\u0131 Takip Etmezsiniz \u015eifre Vermeniz Gerekmiyor %100 G\u00fcvenli 3D Korumal\u0131 Al\u0131\u015fveri\u015f EFT \u0130le \u00d6deme \u0130mkan\u0131 Dikkat Etmeniz Gerekenler \u2757 Yorumlar\u0131n m\u00fc\u015fteriler taraf\u0131ndan alt alta yaz\u0131lm\u0131\u015f olarak WhatsApp Destek Hatt\u0131'ndan ya da sipari\u015f k\u0131sm\u0131ndan bildirilmesi\u2026","rel":"","context":"Benzer yaz\u0131","img":{"alt_text":"","src":"https:\/\/i0.wp.com\/fenoinsta.com\/tr\/wp-content\/uploads\/2021\/10\/Instagram-Yorum-Kadin-25.jpg?resize=350%2C200&ssl=1","width":350,"height":200},"classes":[]},{"id":530,"url":"https:\/\/fenoinsta.com\/tr\/product\/50-kadin-yorum\/","url_meta":{"origin":421,"position":5},"title":"50 Kad\u0131n Yorum","date":"Ekim 13, 2021","format":false,"excerpt":"Tek G\u00f6nderi \u0130\u00e7indir %90 Ger\u00e7ek T\u00fcrk Kad\u0131n Kullan\u0131c\u0131lar 0-3 saat \u0130\u015fleme Ba\u015flama S\u00fcresi Hesab\u0131n\u0131z Gizli Olmamal\u0131 Ba\u015fkas\u0131n\u0131 Takip Etmezsiniz \u015eifre Vermeniz Gerekmiyor %100 G\u00fcvenli 3D Korumal\u0131 Al\u0131\u015fveri\u015f EFT \u0130le \u00d6deme \u0130mkan\u0131 Dikkat Etmeniz Gerekenler \u2757 Yorumlar\u0131n m\u00fc\u015fteriler taraf\u0131ndan alt alta yaz\u0131lm\u0131\u015f olarak WhatsApp Destek Hatt\u0131'ndan ya da sipari\u015f k\u0131sm\u0131ndan bildirilmesi\u2026","rel":"","context":"Benzer yaz\u0131","img":{"alt_text":"","src":"https:\/\/i0.wp.com\/fenoinsta.com\/tr\/wp-content\/uploads\/2021\/10\/Instagram-Yorum-Kadin-50.jpg?resize=350%2C200&ssl=1","width":350,"height":200},"classes":[]}],"_links":{"self":[{"href":"https:\/\/fenoinsta.com\/tr\/wp-json\/wp\/v2\/product\/421","targetHints":{"allow":["GET"]}}],"collection":[{"href":"https:\/\/fenoinsta.com\/tr\/wp-json\/wp\/v2\/product"}],"about":[{"href":"https:\/\/fenoinsta.com\/tr\/wp-json\/wp\/v2\/types\/product"}],"replies":[{"embeddable":true,"href":"https:\/\/fenoinsta.com\/tr\/wp-json\/wp\/v2\/comments?post=421"}],"wp:featuredmedia":[{"embeddable":true,"href":"https:\/\/fenoinsta.com\/tr\/wp-json\/wp\/v2\/media\/1762"}],"wp:attachment":[{"href":"https:\/\/fenoinsta.com\/tr\/wp-json\/wp\/v2\/media?parent=421"}],"wp:term":[{"taxonomy":"product_cat","embeddable":true,"href":"https:\/\/fenoinsta.com\/tr\/wp-json\/wp\/v2\/product_cat?post=421"},{"taxonomy":"product_tag","embeddable":true,"href":"https:\/\/fenoinsta.com\/tr\/wp-json\/wp\/v2\/product_tag?post=421"}],"curies":[{"name":"wp","href":"https:\/\/api.w.org\/{rel}","templated":true}]}}