{"id":415,"date":"2021-10-13T11:28:09","date_gmt":"2021-10-13T11:28:09","guid":{"rendered":"https:\/\/www.takipinsta.org\/?post_type=product&#038;p=415"},"modified":"2025-10-12T15:09:28","modified_gmt":"2025-10-12T15:09:28","slug":"500-yabanci-begeni","status":"publish","type":"product","link":"https:\/\/fenoinsta.com\/tr\/product\/500-yabanci-begeni\/","title":{"rendered":"500 Yabanc\u0131 Be\u011feni"},"content":{"rendered":"","protected":false},"excerpt":{"rendered":"<ul>\n<li>Ger\u00e7ek ve Aktif Kullan\u0131c\u0131lardan Gelir<\/li>\n<li>\u00dclke Bazl\u0131 Sipari\u015flerde \u00dclkeye G\u00f6re Fiyatlar De\u011fi\u015fmektedir.<strong> WhatsApp \u00fczerinden bilgi alabilirsiniz.<\/strong><\/li>\n<li>0-1 Saat \u0130\u015fleme Ba\u015flama S\u00fcresi<\/li>\n<li>Hesab\u0131n\u0131z Gizli Olmamal\u0131<\/li>\n<li>Ba\u015fkas\u0131n\u0131 Takip Etmezsiniz<\/li>\n<li>\u015eifre Vermeniz Gerekmiyor<\/li>\n<li>%100 G\u00fcvenli 3D Korumal\u0131 Al\u0131\u015fveri\u015f<\/li>\n<li>EFT \u0130le \u00d6deme \u0130mkan\u0131<\/li>\n<li style=\"list-style-type: none;\"><\/li>\n<\/ul>\n","protected":false},"featured_media":2878,"comment_status":"closed","ping_status":"closed","template":"","meta":{"spay_email":""},"product_cat":[68,513,548],"product_tag":[98,99,77,100,101,105,106],"class_list":["post-415","product","type-product","status-publish","has-post-thumbnail","hentry","product_cat-instagram","product_cat-instagram-begeni","product_cat-instagram-yabanci-begeni","product_tag-instagram-begeni","product_tag-instagram-begeni-satin-al","product_tag-instagram-hizmetleri","product_tag-instagram-like","product_tag-instagram-like-satin-al","product_tag-instagram-yabanci-begeni","product_tag-instagram-yabanci-begeni-satin-al"],"jetpack-related-posts":[{"id":410,"url":"https:\/\/fenoinsta.com\/tr\/product\/250-yabanci-begeni\/","url_meta":{"origin":415,"position":0},"title":"250 Yabanc\u0131 Be\u011feni","date":"Ekim 13, 2021","format":false,"excerpt":"Ger\u00e7ek ve Aktif Kullan\u0131c\u0131lardan Gelir \u00dclke Bazl\u0131 Sipari\u015flerde \u00dclkeye G\u00f6re Fiyatlar De\u011fi\u015fmektedir. WhatsApp \u00fczerinden bilgi alabilirsiniz. 0-1 Saat \u0130\u015fleme Ba\u015flama S\u00fcresi Hesab\u0131n\u0131z Gizli Olmamal\u0131 Ba\u015fkas\u0131n\u0131 Takip Etmezsiniz \u015eifre Vermeniz Gerekmiyor %100 G\u00fcvenli 3D Korumal\u0131 Al\u0131\u015fveri\u015f EFT \u0130le \u00d6deme \u0130mkan\u0131 Dikkat Etmeniz Gerekenler \u2757 Be\u011feniler en fazla 3 g\u00f6nderi i\u00e7indir. Daha\u2026","rel":"","context":"Benzer yaz\u0131","img":{"alt_text":"","src":"https:\/\/i0.wp.com\/fenoinsta.com\/tr\/wp-content\/uploads\/2021\/10\/Yabanci-Begeni-Fenoinsta-2.png?resize=350%2C200&ssl=1","width":350,"height":200},"classes":[]},{"id":412,"url":"https:\/\/fenoinsta.com\/tr\/product\/5-000-yabanci-begeni\/","url_meta":{"origin":415,"position":1},"title":"5.000 Yabanc\u0131 Be\u011feni","date":"Ekim 13, 2021","format":false,"excerpt":"Ger\u00e7ek ve Aktif Kullan\u0131c\u0131lardan Gelir \u00dclke Bazl\u0131 Sipari\u015flerde \u00dclkeye G\u00f6re Fiyatlar De\u011fi\u015fmektedir. WhatsApp \u00fczerinden bilgi alabilirsiniz. 0-1 Saat \u0130\u015fleme Ba\u015flama S\u00fcresi Hesab\u0131n\u0131z Gizli Olmamal\u0131 Ba\u015fkas\u0131n\u0131 Takip Etmezsiniz \u015eifre Vermeniz Gerekmiyor %100 G\u00fcvenli 3D Korumal\u0131 Al\u0131\u015fveri\u015f EFT \u0130le \u00d6deme \u0130mkan\u0131 Dikkat Etmeniz Gerekenler \u2757 Be\u011feniler en fazla 3 g\u00f6nderi i\u00e7indir. Daha\u2026","rel":"","context":"Benzer yaz\u0131","img":{"alt_text":"","src":"https:\/\/i0.wp.com\/fenoinsta.com\/tr\/wp-content\/uploads\/2021\/10\/Yabanci-Begeni-Fenoinsta-6.png?resize=350%2C200&ssl=1","width":350,"height":200},"classes":[]},{"id":413,"url":"https:\/\/fenoinsta.com\/tr\/product\/2-500-yabanci-begeni\/","url_meta":{"origin":415,"position":2},"title":"2.500 Yabanc\u0131 Be\u011feni","date":"Ekim 13, 2021","format":false,"excerpt":"Ger\u00e7ek ve Aktif Kullan\u0131c\u0131lardan Gelir \u00dclke Bazl\u0131 Sipari\u015flerde \u00dclkeye G\u00f6re Fiyatlar De\u011fi\u015fmektedir. WhatsApp \u00fczerinden bilgi alabilirsiniz. 0-1 Saat \u0130\u015fleme Ba\u015flama S\u00fcresi Hesab\u0131n\u0131z Gizli Olmamal\u0131 Ba\u015fkas\u0131n\u0131 Takip Etmezsiniz \u015eifre Vermeniz Gerekmiyor %100 G\u00fcvenli 3D Korumal\u0131 Al\u0131\u015fveri\u015f EFT \u0130le \u00d6deme \u0130mkan\u0131 Dikkat Etmeniz Gerekenler \u2757 Be\u011feniler en fazla 3 g\u00f6nderi i\u00e7indir. Daha\u2026","rel":"","context":"Benzer yaz\u0131","img":{"alt_text":"","src":"https:\/\/i0.wp.com\/fenoinsta.com\/tr\/wp-content\/uploads\/2021\/10\/Yabanci-Begeni-Fenoinsta-5.png?resize=350%2C200&ssl=1","width":350,"height":200},"classes":[]},{"id":414,"url":"https:\/\/fenoinsta.com\/tr\/product\/1-000-yabanci-begeni\/","url_meta":{"origin":415,"position":3},"title":"1.000 Yabanc\u0131 Be\u011feni","date":"Ekim 13, 2021","format":false,"excerpt":"Ger\u00e7ek ve Aktif Kullan\u0131c\u0131lardan Gelir \u00dclke Bazl\u0131 Sipari\u015flerde \u00dclkeye G\u00f6re Fiyatlar De\u011fi\u015fmektedir. WhatsApp \u00fczerinden bilgi alabilirsiniz. 0-1 Saat \u0130\u015fleme Ba\u015flama S\u00fcresi Hesab\u0131n\u0131z Gizli Olmamal\u0131 Ba\u015fkas\u0131n\u0131 Takip Etmezsiniz \u015eifre Vermeniz Gerekmiyor %100 G\u00fcvenli 3D Korumal\u0131 Al\u0131\u015fveri\u015f EFT \u0130le \u00d6deme \u0130mkan\u0131 Dikkat Etmeniz Gerekenler \u2757 Be\u011feniler en fazla 3 g\u00f6nderi i\u00e7indir. Daha\u2026","rel":"","context":"Benzer yaz\u0131","img":{"alt_text":"","src":"https:\/\/i0.wp.com\/fenoinsta.com\/tr\/wp-content\/uploads\/2021\/10\/Yabanci-Begeni-Fenoinsta-4.png?resize=350%2C200&ssl=1","width":350,"height":200},"classes":[]},{"id":701,"url":"https:\/\/fenoinsta.com\/tr\/product\/1-000-canli-yayin-izlenme-2\/","url_meta":{"origin":415,"position":4},"title":"1.000 Canl\u0131 Yay\u0131n \u0130zlenme","date":"Ekim 13, 2021","format":false,"excerpt":"Ger\u00e7ek Global Kullan\u0131c\u0131lar Birka\u00e7 Dakika \u0130\u00e7inde Kat\u0131l\u0131mlar Ba\u015flar 1-2 Saat Yay\u0131nda Kal\u0131rlar Hi\u00e7bir Kanal\u0131 Takip Etmezsiniz \u015eifre Vermeniz Gerekmiyor %100 G\u00fcvenli 3D Korumal\u0131 Al\u0131\u015fveri\u015f EFT \u0130le \u00d6deme Se\u00e7ene\u011fi Dikkat Etmeniz Gerekenler\u00a0 Yay\u0131n t\u00fcm \u00fclkelere a\u00e7\u0131k olmal\u0131d\u0131r. Yay\u0131n kapan\u0131rsa sorumluluk kullan\u0131c\u0131ya aittir. \u0130zleyiciler ger\u00e7ek kullan\u0131c\u0131lar olduklar\u0131 i\u00e7in s\u00fcrekli giri\u015f \u00e7\u0131k\u0131\u015flar olacakt\u0131r.\u2026","rel":"","context":"Benzer yaz\u0131","img":{"alt_text":"","src":"https:\/\/i0.wp.com\/fenoinsta.com\/tr\/wp-content\/uploads\/2021\/10\/Youtube-Canli-Yayin-1000.jpg?resize=350%2C200&ssl=1","width":350,"height":200},"classes":[]},{"id":702,"url":"https:\/\/fenoinsta.com\/tr\/product\/2-500-canli-yayin-izlenme-2\/","url_meta":{"origin":415,"position":5},"title":"2.500 Canl\u0131 Yay\u0131n \u0130zlenme","date":"Ekim 13, 2021","format":false,"excerpt":"Ger\u00e7ek Global Kullan\u0131c\u0131lar Birka\u00e7 Dakika \u0130\u00e7inde Kat\u0131l\u0131mlar Ba\u015flar 1-2 Saat Yay\u0131nda Kal\u0131rlar Hi\u00e7bir Kanal\u0131 Takip Etmezsiniz \u015eifre Vermeniz Gerekmiyor %100 G\u00fcvenli 3D Korumal\u0131 Al\u0131\u015fveri\u015f EFT \u0130le \u00d6deme Se\u00e7ene\u011fi Dikkat Etmeniz Gerekenler\u00a0 Yay\u0131n t\u00fcm \u00fclkelere a\u00e7\u0131k olmal\u0131d\u0131r. Yay\u0131n kapan\u0131rsa sorumluluk kullan\u0131c\u0131ya aittir. \u0130zleyiciler ger\u00e7ek kullan\u0131c\u0131lar olduklar\u0131 i\u00e7in s\u00fcrekli giri\u015f \u00e7\u0131k\u0131\u015flar olacakt\u0131r.\u2026","rel":"","context":"Benzer yaz\u0131","img":{"alt_text":"","src":"https:\/\/i0.wp.com\/fenoinsta.com\/tr\/wp-content\/uploads\/2021\/10\/Youtube-Canli-Yayin-2500.jpg?resize=350%2C200&ssl=1","width":350,"height":200},"classes":[]}],"_links":{"self":[{"href":"https:\/\/fenoinsta.com\/tr\/wp-json\/wp\/v2\/product\/415","targetHints":{"allow":["GET"]}}],"collection":[{"href":"https:\/\/fenoinsta.com\/tr\/wp-json\/wp\/v2\/product"}],"about":[{"href":"https:\/\/fenoinsta.com\/tr\/wp-json\/wp\/v2\/types\/product"}],"replies":[{"embeddable":true,"href":"https:\/\/fenoinsta.com\/tr\/wp-json\/wp\/v2\/comments?post=415"}],"wp:featuredmedia":[{"embeddable":true,"href":"https:\/\/fenoinsta.com\/tr\/wp-json\/wp\/v2\/media\/2878"}],"wp:attachment":[{"href":"https:\/\/fenoinsta.com\/tr\/wp-json\/wp\/v2\/media?parent=415"}],"wp:term":[{"taxonomy":"product_cat","embeddable":true,"href":"https:\/\/fenoinsta.com\/tr\/wp-json\/wp\/v2\/product_cat?post=415"},{"taxonomy":"product_tag","embeddable":true,"href":"https:\/\/fenoinsta.com\/tr\/wp-json\/wp\/v2\/product_tag?post=415"}],"curies":[{"name":"wp","href":"https:\/\/api.w.org\/{rel}","templated":true}]}}