{"id":414,"date":"2021-10-13T11:28:09","date_gmt":"2021-10-13T11:28:09","guid":{"rendered":"https:\/\/www.takipinsta.org\/?post_type=product&#038;p=414"},"modified":"2025-10-12T15:09:37","modified_gmt":"2025-10-12T15:09:37","slug":"1-000-yabanci-begeni","status":"publish","type":"product","link":"https:\/\/fenoinsta.com\/tr\/product\/1-000-yabanci-begeni\/","title":{"rendered":"1.000 Yabanc\u0131 Be\u011feni"},"content":{"rendered":"","protected":false},"excerpt":{"rendered":"<ul>\n<li>Ger\u00e7ek ve Aktif Kullan\u0131c\u0131lardan Gelir<\/li>\n<li>\u00dclke Bazl\u0131 Sipari\u015flerde \u00dclkeye G\u00f6re Fiyatlar De\u011fi\u015fmektedir.<strong> WhatsApp \u00fczerinden bilgi alabilirsiniz.<\/strong><\/li>\n<li>0-1 Saat \u0130\u015fleme Ba\u015flama S\u00fcresi<\/li>\n<li>Hesab\u0131n\u0131z Gizli Olmamal\u0131<\/li>\n<li>Ba\u015fkas\u0131n\u0131 Takip Etmezsiniz<\/li>\n<li>\u015eifre Vermeniz Gerekmiyor<\/li>\n<li>%100 G\u00fcvenli 3D Korumal\u0131 Al\u0131\u015fveri\u015f<\/li>\n<li>EFT \u0130le \u00d6deme \u0130mkan\u0131<\/li>\n<\/ul>\n<p><strong>Dikkat Etmeniz Gerekenler \u2757<\/strong><\/p>\n<p>Be\u011feniler en fazla 3 g\u00f6nderi i\u00e7indir. Daha fazla g\u00f6nderilere payla\u015ft\u0131r\u0131lamaz. <span style=\"font-size: 14.4px;\">Yabanc\u0131 be\u011fenilerde d\u00fc\u015f\u00fc\u015f olabiliyor. Bu y\u00fczden %20 fazladan be\u011feni g\u00f6nderilir.<\/span><\/p>\n<p><strong>Ayr\u0131ca;<\/strong><br \/>\n+18, yasa d\u0131\u015f\u0131 bahis, kumar ve cinsel i\u00e7erikli hesaplar i\u00e7in girilen sipari\u015fler onaylanmayacakt\u0131r.<\/p>\n","protected":false},"featured_media":2879,"comment_status":"closed","ping_status":"closed","template":"","meta":{"spay_email":""},"product_cat":[68,513,548],"product_tag":[98,99,77,100,101,105,106],"class_list":["post-414","product","type-product","status-publish","has-post-thumbnail","hentry","product_cat-instagram","product_cat-instagram-begeni","product_cat-instagram-yabanci-begeni","product_tag-instagram-begeni","product_tag-instagram-begeni-satin-al","product_tag-instagram-hizmetleri","product_tag-instagram-like","product_tag-instagram-like-satin-al","product_tag-instagram-yabanci-begeni","product_tag-instagram-yabanci-begeni-satin-al"],"jetpack-related-posts":[{"id":410,"url":"https:\/\/fenoinsta.com\/tr\/product\/250-yabanci-begeni\/","url_meta":{"origin":414,"position":0},"title":"250 Yabanc\u0131 Be\u011feni","date":"Ekim 13, 2021","format":false,"excerpt":"Ger\u00e7ek ve Aktif Kullan\u0131c\u0131lardan Gelir \u00dclke Bazl\u0131 Sipari\u015flerde \u00dclkeye G\u00f6re Fiyatlar De\u011fi\u015fmektedir. WhatsApp \u00fczerinden bilgi alabilirsiniz. 0-1 Saat \u0130\u015fleme Ba\u015flama S\u00fcresi Hesab\u0131n\u0131z Gizli Olmamal\u0131 Ba\u015fkas\u0131n\u0131 Takip Etmezsiniz \u015eifre Vermeniz Gerekmiyor %100 G\u00fcvenli 3D Korumal\u0131 Al\u0131\u015fveri\u015f EFT \u0130le \u00d6deme \u0130mkan\u0131 Dikkat Etmeniz Gerekenler \u2757 Be\u011feniler en fazla 3 g\u00f6nderi i\u00e7indir. Daha\u2026","rel":"","context":"Benzer yaz\u0131","img":{"alt_text":"","src":"https:\/\/i0.wp.com\/fenoinsta.com\/tr\/wp-content\/uploads\/2021\/10\/Yabanci-Begeni-Fenoinsta-2.png?resize=350%2C200&ssl=1","width":350,"height":200},"classes":[]},{"id":412,"url":"https:\/\/fenoinsta.com\/tr\/product\/5-000-yabanci-begeni\/","url_meta":{"origin":414,"position":1},"title":"5.000 Yabanc\u0131 Be\u011feni","date":"Ekim 13, 2021","format":false,"excerpt":"Ger\u00e7ek ve Aktif Kullan\u0131c\u0131lardan Gelir \u00dclke Bazl\u0131 Sipari\u015flerde \u00dclkeye G\u00f6re Fiyatlar De\u011fi\u015fmektedir. WhatsApp \u00fczerinden bilgi alabilirsiniz. 0-1 Saat \u0130\u015fleme Ba\u015flama S\u00fcresi Hesab\u0131n\u0131z Gizli Olmamal\u0131 Ba\u015fkas\u0131n\u0131 Takip Etmezsiniz \u015eifre Vermeniz Gerekmiyor %100 G\u00fcvenli 3D Korumal\u0131 Al\u0131\u015fveri\u015f EFT \u0130le \u00d6deme \u0130mkan\u0131 Dikkat Etmeniz Gerekenler \u2757 Be\u011feniler en fazla 3 g\u00f6nderi i\u00e7indir. Daha\u2026","rel":"","context":"Benzer yaz\u0131","img":{"alt_text":"","src":"https:\/\/i0.wp.com\/fenoinsta.com\/tr\/wp-content\/uploads\/2021\/10\/Yabanci-Begeni-Fenoinsta-6.png?resize=350%2C200&ssl=1","width":350,"height":200},"classes":[]},{"id":413,"url":"https:\/\/fenoinsta.com\/tr\/product\/2-500-yabanci-begeni\/","url_meta":{"origin":414,"position":2},"title":"2.500 Yabanc\u0131 Be\u011feni","date":"Ekim 13, 2021","format":false,"excerpt":"Ger\u00e7ek ve Aktif Kullan\u0131c\u0131lardan Gelir \u00dclke Bazl\u0131 Sipari\u015flerde \u00dclkeye G\u00f6re Fiyatlar De\u011fi\u015fmektedir. WhatsApp \u00fczerinden bilgi alabilirsiniz. 0-1 Saat \u0130\u015fleme Ba\u015flama S\u00fcresi Hesab\u0131n\u0131z Gizli Olmamal\u0131 Ba\u015fkas\u0131n\u0131 Takip Etmezsiniz \u015eifre Vermeniz Gerekmiyor %100 G\u00fcvenli 3D Korumal\u0131 Al\u0131\u015fveri\u015f EFT \u0130le \u00d6deme \u0130mkan\u0131 Dikkat Etmeniz Gerekenler \u2757 Be\u011feniler en fazla 3 g\u00f6nderi i\u00e7indir. Daha\u2026","rel":"","context":"Benzer yaz\u0131","img":{"alt_text":"","src":"https:\/\/i0.wp.com\/fenoinsta.com\/tr\/wp-content\/uploads\/2021\/10\/Yabanci-Begeni-Fenoinsta-5.png?resize=350%2C200&ssl=1","width":350,"height":200},"classes":[]},{"id":411,"url":"https:\/\/fenoinsta.com\/tr\/product\/10-000-yabanci-begeni\/","url_meta":{"origin":414,"position":3},"title":"10.000 Yabanc\u0131 Be\u011feni","date":"Ekim 13, 2021","format":false,"excerpt":"En Fazla 100 G\u00f6nderiye Payla\u015ft\u0131r\u0131labilir Ger\u00e7ek ve Aktif Kullan\u0131c\u0131lardan Gelir 0-1 Saat \u0130\u015fleme Ba\u015flama S\u00fcresi Hesab\u0131n\u0131z Gizli Olmamal\u0131 Ba\u015fkas\u0131n\u0131 Takip Etmezsiniz \u015eifre Vermeniz Gerekmiyor %100 G\u00fcvenli 3D Korumal\u0131 Al\u0131\u015fveri\u015f EFT \u0130le \u00d6deme \u0130mkan\u0131 Dikkat Etmeniz Gerekenler \u2757 Be\u011feniler en fazla 100 g\u00f6nderi i\u00e7indir. Daha fazla g\u00f6nderilere payla\u015ft\u0131r\u0131lamaz. Yabanc\u0131 be\u011fenilerde d\u00fc\u015f\u00fc\u015f\u2026","rel":"","context":"Benzer yaz\u0131","img":{"alt_text":"","src":"https:\/\/i0.wp.com\/fenoinsta.com\/tr\/wp-content\/uploads\/2021\/10\/Yabanci-Begeni-Fenoinsta-1.png?resize=350%2C200&ssl=1","width":350,"height":200},"classes":[]},{"id":415,"url":"https:\/\/fenoinsta.com\/tr\/product\/500-yabanci-begeni\/","url_meta":{"origin":414,"position":4},"title":"500 Yabanc\u0131 Be\u011feni","date":"Ekim 13, 2021","format":false,"excerpt":"Ger\u00e7ek ve Aktif Kullan\u0131c\u0131lardan Gelir \u00dclke Bazl\u0131 Sipari\u015flerde \u00dclkeye G\u00f6re Fiyatlar De\u011fi\u015fmektedir. WhatsApp \u00fczerinden bilgi alabilirsiniz. 0-1 Saat \u0130\u015fleme Ba\u015flama S\u00fcresi Hesab\u0131n\u0131z Gizli Olmamal\u0131 Ba\u015fkas\u0131n\u0131 Takip Etmezsiniz \u015eifre Vermeniz Gerekmiyor %100 G\u00fcvenli 3D Korumal\u0131 Al\u0131\u015fveri\u015f EFT \u0130le \u00d6deme \u0130mkan\u0131","rel":"","context":"Benzer yaz\u0131","img":{"alt_text":"","src":"https:\/\/i0.wp.com\/fenoinsta.com\/tr\/wp-content\/uploads\/2021\/10\/Yabanci-Begeni-Fenoinsta-3.png?resize=350%2C200&ssl=1","width":350,"height":200},"classes":[]},{"id":837,"url":"https:\/\/fenoinsta.com\/tr\/product\/250-begeni-3\/","url_meta":{"origin":414,"position":5},"title":"250 Be\u011feni","date":"Ekim 13, 2021","format":false,"excerpt":"Ger\u00e7ek Global Kullan\u0131c\u0131lar 0-1 Saat \u0130\u015flem S\u00fcresi En Fazla 3 G\u00f6nderiye Payla\u015ft\u0131r\u0131labilir Hesab\u0131n\u0131z Gizli Olmamal\u0131 Ba\u015fkas\u0131n\u0131 Takip Etmezsiniz \u015eifre Vermeniz Gerekmiyor %100 G\u00fcvenli 3D Korumal\u0131 Al\u0131\u015fveri\u015f Dikkat Etmeniz Gerekenler \u2757 Be\u011feniler en fazla 3 g\u00f6nderi i\u00e7indir. Daha fazla g\u00f6nderilere payla\u015ft\u0131r\u0131lamaz. Sipari\u015fi girdikten sonra i\u015flem tamamlanmadan hesab\u0131n gizliye al\u0131nmas\u0131 gibi durumlarda\u2026","rel":"","context":"Benzer yaz\u0131","img":{"alt_text":"","src":"https:\/\/i0.wp.com\/fenoinsta.com\/tr\/wp-content\/uploads\/2021\/10\/Tiktok-Begeni-250.jpg?resize=350%2C200&ssl=1","width":350,"height":200},"classes":[]}],"_links":{"self":[{"href":"https:\/\/fenoinsta.com\/tr\/wp-json\/wp\/v2\/product\/414","targetHints":{"allow":["GET"]}}],"collection":[{"href":"https:\/\/fenoinsta.com\/tr\/wp-json\/wp\/v2\/product"}],"about":[{"href":"https:\/\/fenoinsta.com\/tr\/wp-json\/wp\/v2\/types\/product"}],"replies":[{"embeddable":true,"href":"https:\/\/fenoinsta.com\/tr\/wp-json\/wp\/v2\/comments?post=414"}],"wp:featuredmedia":[{"embeddable":true,"href":"https:\/\/fenoinsta.com\/tr\/wp-json\/wp\/v2\/media\/2879"}],"wp:attachment":[{"href":"https:\/\/fenoinsta.com\/tr\/wp-json\/wp\/v2\/media?parent=414"}],"wp:term":[{"taxonomy":"product_cat","embeddable":true,"href":"https:\/\/fenoinsta.com\/tr\/wp-json\/wp\/v2\/product_cat?post=414"},{"taxonomy":"product_tag","embeddable":true,"href":"https:\/\/fenoinsta.com\/tr\/wp-json\/wp\/v2\/product_tag?post=414"}],"curies":[{"name":"wp","href":"https:\/\/api.w.org\/{rel}","templated":true}]}}