{"id":408,"date":"2021-10-13T11:28:08","date_gmt":"2021-10-13T11:28:08","guid":{"rendered":"https:\/\/www.takipinsta.org\/?post_type=product&#038;p=408"},"modified":"2025-12-26T12:50:04","modified_gmt":"2025-12-26T12:50:04","slug":"25-000-turk-begeni","status":"publish","type":"product","link":"https:\/\/fenoinsta.com\/tr\/product\/25-000-turk-begeni\/","title":{"rendered":"25.000 T\u00fcrk Be\u011feni"},"content":{"rendered":"","protected":false},"excerpt":{"rendered":"<ul>\n<li>Her payla\u015f\u0131ma en fazla 100 gelecek \u015fekilde payla\u015ft\u0131r\u0131labilir<\/li>\n<li>Reels G\u00f6nderileri \u0130\u00e7in Uygundur<\/li>\n<li>IGTV G\u00f6nderileri \u0130\u00e7in Uygundur<\/li>\n<li>Ger\u00e7ek ve Aktif Kullan\u0131c\u0131lardan Gelir<\/li>\n<li>D\u00fc\u015f\u00fc\u015f Ya\u015fanmaz<\/li>\n<li>0-1 Saat \u0130\u015fleme Ba\u015flama S\u00fcresi<\/li>\n<li>Ba\u015fkas\u0131n\u0131 Takip Etmezsiniz<\/li>\n<li>\u015eifre Vermeniz Gerekmiyor<\/li>\n<li>%100 G\u00fcvenli 3D Korumal\u0131 Al\u0131\u015fveri\u015f<\/li>\n<\/ul>\n<p><strong>Dikkat Etmeniz Gerekenler \u2757<\/strong><\/p>\n<p>Hesab\u0131n\u0131z gizli olmamal\u0131d\u0131r.<\/p>\n<p><strong>Ayr\u0131ca;<\/strong><br \/>\n+18, yasa d\u0131\u015f\u0131 bahis, kumar ve cinsel i\u00e7erikli hesaplar i\u00e7in girilen sipari\u015fler onaylanmayacakt\u0131r.<\/p>\n","protected":false},"featured_media":2780,"comment_status":"closed","ping_status":"closed","template":"","meta":{"spay_email":""},"product_cat":[68,513,545],"product_tag":[98,99,77,100,101,102,103],"class_list":["post-408","product","type-product","status-publish","has-post-thumbnail","hentry","product_cat-instagram","product_cat-instagram-begeni","product_cat-instagram-turk-begeni","product_tag-instagram-begeni","product_tag-instagram-begeni-satin-al","product_tag-instagram-hizmetleri","product_tag-instagram-like","product_tag-instagram-like-satin-al","product_tag-instagram-turk-begeni","product_tag-instagram-turk-begeni-satin-al"],"jetpack-related-posts":[{"id":377,"url":"https:\/\/fenoinsta.com\/tr\/product\/100-turk-begeni\/","url_meta":{"origin":408,"position":0},"title":"100 T\u00fcrk Be\u011feni","date":"Ekim 13, 2021","format":false,"excerpt":"Tek G\u00f6nderi \u0130\u00e7indir Reels G\u00f6nderileri \u0130\u00e7in Uygundur IGTV G\u00f6nderileri \u0130\u00e7in Uygundur Ger\u00e7ek ve Aktif Kullan\u0131c\u0131lardan Gelir D\u00fc\u015f\u00fc\u015f Ya\u015fanmaz 0-1 Saat \u0130\u015fleme Ba\u015flama S\u00fcresi Hesab\u0131n\u0131z Gizli Olmamal\u0131 Ba\u015fkas\u0131n\u0131 Takip Etmezsiniz \u015eifre Vermeniz Gerekmiyor %100 G\u00fcvenli 3D Korumal\u0131 Al\u0131\u015fveri\u015f Dikkat Etmeniz Gerekenler \u2757 Be\u011feniler sadece 1 g\u00f6nderi i\u00e7indir. Daha fazla g\u00f6nderilere payla\u015ft\u0131r\u0131lamaz.\u2026","rel":"","context":"Benzer yaz\u0131","img":{"alt_text":"","src":"https:\/\/i0.wp.com\/fenoinsta.com\/tr\/wp-content\/uploads\/2021\/10\/free.png?resize=350%2C200&ssl=1","width":350,"height":200},"classes":[]},{"id":382,"url":"https:\/\/fenoinsta.com\/tr\/product\/5-000-turk-begeni\/","url_meta":{"origin":408,"position":1},"title":"5.000 T\u00fcrk Be\u011feni","date":"Ekim 13, 2021","format":false,"excerpt":"En Fazla 50 G\u00f6nderiye Payla\u015ft\u0131r\u0131labilir Reels G\u00f6nderileri \u0130\u00e7in Uygundur IGTV G\u00f6nderileri \u0130\u00e7in Uygundur Ger\u00e7ek ve Aktif Kullan\u0131c\u0131lardan Gelir D\u00fc\u015f\u00fc\u015f Ya\u015fanmaz 0-1 Saat \u0130\u015fleme Ba\u015flama S\u00fcresi Hesab\u0131n\u0131z Gizli Olmamal\u0131 Ba\u015fkas\u0131n\u0131 Takip Etmezsiniz \u015eifre Vermeniz Gerekmiyor %100 G\u00fcvenli 3D Korumal\u0131 Al\u0131\u015fveri\u015f Dikkat Etmeniz Gerekenler \u2757 Be\u011feniler en fazla 50 g\u00f6nderi i\u00e7indir. Daha\u2026","rel":"","context":"Benzer yaz\u0131","img":{"alt_text":"","src":"https:\/\/i0.wp.com\/fenoinsta.com\/tr\/wp-content\/uploads\/2021\/10\/5000-Turk-Begeni.png?resize=350%2C200&ssl=1","width":350,"height":200},"classes":[]},{"id":378,"url":"https:\/\/fenoinsta.com\/tr\/product\/250-turk-begeni\/","url_meta":{"origin":408,"position":2},"title":"250 T\u00fcrk Be\u011feni","date":"Ekim 13, 2021","format":false,"excerpt":"Her payla\u015f\u0131ma en fazla 100 gelecek \u015fekilde payla\u015ft\u0131r\u0131labilir Reels G\u00f6nderileri \u0130\u00e7in Uygundur IGTV G\u00f6nderileri \u0130\u00e7in Uygundur Ger\u00e7ek ve Aktif Kullan\u0131c\u0131lardan Gelir D\u00fc\u015f\u00fc\u015f Ya\u015fanmaz 0-1 Saat \u0130\u015fleme Ba\u015flama S\u00fcresi Ba\u015fkas\u0131n\u0131 Takip Etmezsiniz \u015eifre Vermeniz Gerekmiyor %100 G\u00fcvenli 3D Korumal\u0131 Al\u0131\u015fveri\u015f Dikkat Etmeniz Gerekenler \u2757 Hesab\u0131n\u0131z gizli olmamal\u0131d\u0131r. Ayr\u0131ca; +18, yasa d\u0131\u015f\u0131\u2026","rel":"","context":"Benzer yaz\u0131","img":{"alt_text":"","src":"https:\/\/i0.wp.com\/fenoinsta.com\/tr\/wp-content\/uploads\/2021\/10\/250-Turk-Begeni.png?resize=350%2C200&ssl=1","width":350,"height":200},"classes":[]},{"id":379,"url":"https:\/\/fenoinsta.com\/tr\/product\/500-turk-begeni\/","url_meta":{"origin":408,"position":3},"title":"500 T\u00fcrk Be\u011feni","date":"Ekim 13, 2021","format":false,"excerpt":"Her payla\u015f\u0131ma en fazla 100 gelecek \u015fekilde payla\u015ft\u0131r\u0131labilir Reels G\u00f6nderileri \u0130\u00e7in Uygundur IGTV G\u00f6nderileri \u0130\u00e7in Uygundur Ger\u00e7ek ve Aktif Kullan\u0131c\u0131lardan Gelir D\u00fc\u015f\u00fc\u015f Ya\u015fanmaz 0-1 Saat \u0130\u015fleme Ba\u015flama S\u00fcresi Ba\u015fkas\u0131n\u0131 Takip Etmezsiniz \u015eifre Vermeniz Gerekmiyor %100 G\u00fcvenli 3D Korumal\u0131 Al\u0131\u015fveri\u015f Dikkat Etmeniz Gerekenler \u2757 Hesab\u0131n\u0131z gizli olmamal\u0131d\u0131r. Ayr\u0131ca; +18, yasa d\u0131\u015f\u0131\u2026","rel":"","context":"Benzer yaz\u0131","img":{"alt_text":"","src":"https:\/\/i0.wp.com\/fenoinsta.com\/tr\/wp-content\/uploads\/2021\/10\/500-Turk-Begeni.png?resize=350%2C200&ssl=1","width":350,"height":200},"classes":[]},{"id":380,"url":"https:\/\/fenoinsta.com\/tr\/product\/1-000-turk-begeni\/","url_meta":{"origin":408,"position":4},"title":"1.000 T\u00fcrk Be\u011feni","date":"Ekim 13, 2021","format":false,"excerpt":"Her payla\u015f\u0131ma en fazla 100 gelecek \u015fekilde payla\u015ft\u0131r\u0131labilir Reels G\u00f6nderileri \u0130\u00e7in Uygundur IGTV G\u00f6nderileri \u0130\u00e7in Uygundur Ger\u00e7ek ve Aktif Kullan\u0131c\u0131lardan Gelir D\u00fc\u015f\u00fc\u015f Ya\u015fanmaz 0-1 Saat \u0130\u015fleme Ba\u015flama S\u00fcresi Ba\u015fkas\u0131n\u0131 Takip Etmezsiniz \u015eifre Vermeniz Gerekmiyor %100 G\u00fcvenli 3D Korumal\u0131 Al\u0131\u015fveri\u015f Dikkat Etmeniz Gerekenler \u2757 Hesab\u0131n\u0131z gizli olmamal\u0131d\u0131r. Ayr\u0131ca; +18, yasa d\u0131\u015f\u0131\u2026","rel":"","context":"Benzer yaz\u0131","img":{"alt_text":"","src":"https:\/\/i0.wp.com\/fenoinsta.com\/tr\/wp-content\/uploads\/2021\/10\/1000-Turk-Begeni.png?resize=350%2C200&ssl=1","width":350,"height":200},"classes":[]},{"id":381,"url":"https:\/\/fenoinsta.com\/tr\/product\/2-500-turk-begeni\/","url_meta":{"origin":408,"position":5},"title":"2.500 T\u00fcrk Be\u011feni","date":"Ekim 13, 2021","format":false,"excerpt":"Her payla\u015f\u0131ma en fazla 100 gelecek \u015fekilde payla\u015ft\u0131r\u0131labilir Reels G\u00f6nderileri \u0130\u00e7in Uygundur IGTV G\u00f6nderileri \u0130\u00e7in Uygundur Ger\u00e7ek ve Aktif Kullan\u0131c\u0131lardan Gelir D\u00fc\u015f\u00fc\u015f Ya\u015fanmaz 0-1 Saat \u0130\u015fleme Ba\u015flama S\u00fcresi Ba\u015fkas\u0131n\u0131 Takip Etmezsiniz \u015eifre Vermeniz Gerekmiyor %100 G\u00fcvenli 3D Korumal\u0131 Al\u0131\u015fveri\u015f Dikkat Etmeniz Gerekenler \u2757 Hesab\u0131n\u0131z gizli olmamal\u0131d\u0131r. Ayr\u0131ca; +18, yasa d\u0131\u015f\u0131\u2026","rel":"","context":"Benzer yaz\u0131","img":{"alt_text":"","src":"https:\/\/i0.wp.com\/fenoinsta.com\/tr\/wp-content\/uploads\/2021\/10\/2500-Turk-Begeni.png?resize=350%2C200&ssl=1","width":350,"height":200},"classes":[]}],"_links":{"self":[{"href":"https:\/\/fenoinsta.com\/tr\/wp-json\/wp\/v2\/product\/408","targetHints":{"allow":["GET"]}}],"collection":[{"href":"https:\/\/fenoinsta.com\/tr\/wp-json\/wp\/v2\/product"}],"about":[{"href":"https:\/\/fenoinsta.com\/tr\/wp-json\/wp\/v2\/types\/product"}],"replies":[{"embeddable":true,"href":"https:\/\/fenoinsta.com\/tr\/wp-json\/wp\/v2\/comments?post=408"}],"wp:featuredmedia":[{"embeddable":true,"href":"https:\/\/fenoinsta.com\/tr\/wp-json\/wp\/v2\/media\/2780"}],"wp:attachment":[{"href":"https:\/\/fenoinsta.com\/tr\/wp-json\/wp\/v2\/media?parent=408"}],"wp:term":[{"taxonomy":"product_cat","embeddable":true,"href":"https:\/\/fenoinsta.com\/tr\/wp-json\/wp\/v2\/product_cat?post=408"},{"taxonomy":"product_tag","embeddable":true,"href":"https:\/\/fenoinsta.com\/tr\/wp-json\/wp\/v2\/product_tag?post=408"}],"curies":[{"name":"wp","href":"https:\/\/api.w.org\/{rel}","templated":true}]}}