{"id":382,"date":"2021-10-13T11:27:51","date_gmt":"2021-10-13T11:27:51","guid":{"rendered":"https:\/\/www.takipinsta.org\/?post_type=product&#038;p=382"},"modified":"2025-12-26T12:51:20","modified_gmt":"2025-12-26T12:51:20","slug":"5-000-turk-begeni","status":"publish","type":"product","link":"https:\/\/fenoinsta.com\/tr\/product\/5-000-turk-begeni\/","title":{"rendered":"5.000 T\u00fcrk Be\u011feni"},"content":{"rendered":"","protected":false},"excerpt":{"rendered":"<ul>\n<li>En Fazla 50 G\u00f6nderiye Payla\u015ft\u0131r\u0131labilir<\/li>\n<li>Reels G\u00f6nderileri \u0130\u00e7in Uygundur<\/li>\n<li>IGTV G\u00f6nderileri \u0130\u00e7in Uygundur<\/li>\n<li>Ger\u00e7ek ve Aktif Kullan\u0131c\u0131lardan Gelir<\/li>\n<li>D\u00fc\u015f\u00fc\u015f Ya\u015fanmaz<\/li>\n<li>0-1 Saat \u0130\u015fleme Ba\u015flama S\u00fcresi<\/li>\n<li>Hesab\u0131n\u0131z Gizli Olmamal\u0131<\/li>\n<li>Ba\u015fkas\u0131n\u0131 Takip Etmezsiniz<\/li>\n<li>\u015eifre Vermeniz Gerekmiyor<\/li>\n<li>%100 G\u00fcvenli 3D Korumal\u0131 Al\u0131\u015fveri\u015f<\/li>\n<\/ul>\n<p><strong>Dikkat Etmeniz Gerekenler \u2757<\/strong><\/p>\n<p>Be\u011feniler en fazla 50 g\u00f6nderi i\u00e7indir. Daha fazla g\u00f6nderilere payla\u015ft\u0131r\u0131lamaz.<\/p>\n<p><strong>Ayr\u0131ca;<\/strong><br \/>\n+18, yasa d\u0131\u015f\u0131 bahis, kumar ve cinsel i\u00e7erikli hesaplar i\u00e7in girilen sipari\u015fler onaylanmayacakt\u0131r.<\/p>\n","protected":false},"featured_media":2777,"comment_status":"closed","ping_status":"closed","template":"","meta":{"spay_email":""},"product_cat":[545],"product_tag":[98,99,77,100,101,102,103],"class_list":["post-382","product","type-product","status-publish","has-post-thumbnail","hentry","product_cat-instagram-turk-begeni","product_tag-instagram-begeni","product_tag-instagram-begeni-satin-al","product_tag-instagram-hizmetleri","product_tag-instagram-like","product_tag-instagram-like-satin-al","product_tag-instagram-turk-begeni","product_tag-instagram-turk-begeni-satin-al"],"jetpack-related-posts":[{"id":409,"url":"https:\/\/fenoinsta.com\/tr\/product\/50-000-turk-begeni\/","url_meta":{"origin":382,"position":0},"title":"50.000 T\u00fcrk Be\u011feni","date":"Ekim 13, 2021","format":false,"excerpt":"Her payla\u015f\u0131ma en fazla 100 gelecek \u015fekilde payla\u015ft\u0131r\u0131labilir Reels G\u00f6nderileri \u0130\u00e7in Uygundur IGTV G\u00f6nderileri \u0130\u00e7in Uygundur Ger\u00e7ek ve Aktif Kullan\u0131c\u0131lardan Gelir D\u00fc\u015f\u00fc\u015f Ya\u015fanmaz 0-1 Saat \u0130\u015fleme Ba\u015flama S\u00fcresi Ba\u015fkas\u0131n\u0131 Takip Etmezsiniz \u015eifre Vermeniz Gerekmiyor %100 G\u00fcvenli 3D Korumal\u0131 Al\u0131\u015fveri\u015f Dikkat Etmeniz Gerekenler \u2757 Hesab\u0131n\u0131z gizli olmamal\u0131d\u0131r. Ayr\u0131ca; +18, yasa d\u0131\u015f\u0131\u2026","rel":"","context":"Benzer yaz\u0131","img":{"alt_text":"","src":"https:\/\/i0.wp.com\/fenoinsta.com\/tr\/wp-content\/uploads\/2021\/10\/50000-Turk-Begeni.png?resize=350%2C200&ssl=1","width":350,"height":200},"classes":[]},{"id":841,"url":"https:\/\/fenoinsta.com\/tr\/product\/5-000-begeni-3\/","url_meta":{"origin":382,"position":1},"title":"5.000 Be\u011feni","date":"Ekim 13, 2021","format":false,"excerpt":"Ger\u00e7ek Global Kullan\u0131c\u0131lar 0-1 Saat \u0130\u015flem S\u00fcresi En Fazla 50 G\u00f6nderiye Payla\u015ft\u0131r\u0131labilir Hesab\u0131n\u0131z Gizli Olmamal\u0131 Ba\u015fkas\u0131n\u0131 Takip Etmezsiniz \u015eifre Vermeniz Gerekmiyor %100 G\u00fcvenli 3D Korumal\u0131 Al\u0131\u015fveri\u015f Dikkat Etmeniz Gerekenler \u2757 Be\u011feniler en fazla 50 g\u00f6nderi i\u00e7indir. Daha fazla g\u00f6nderilere payla\u015ft\u0131r\u0131lamaz. Sipari\u015fi girdikten sonra i\u015flem tamamlanmadan hesab\u0131n gizliye al\u0131nmas\u0131 gibi durumlarda\u2026","rel":"","context":"Benzer yaz\u0131","img":{"alt_text":"","src":"https:\/\/i0.wp.com\/fenoinsta.com\/tr\/wp-content\/uploads\/2021\/10\/Tiktok-Begeni-5000.jpg?resize=350%2C200&ssl=1","width":350,"height":200},"classes":[]},{"id":377,"url":"https:\/\/fenoinsta.com\/tr\/product\/100-turk-begeni\/","url_meta":{"origin":382,"position":2},"title":"100 T\u00fcrk Be\u011feni","date":"Ekim 13, 2021","format":false,"excerpt":"Tek G\u00f6nderi \u0130\u00e7indir Reels G\u00f6nderileri \u0130\u00e7in Uygundur IGTV G\u00f6nderileri \u0130\u00e7in Uygundur Ger\u00e7ek ve Aktif Kullan\u0131c\u0131lardan Gelir D\u00fc\u015f\u00fc\u015f Ya\u015fanmaz 0-1 Saat \u0130\u015fleme Ba\u015flama S\u00fcresi Hesab\u0131n\u0131z Gizli Olmamal\u0131 Ba\u015fkas\u0131n\u0131 Takip Etmezsiniz \u015eifre Vermeniz Gerekmiyor %100 G\u00fcvenli 3D Korumal\u0131 Al\u0131\u015fveri\u015f Dikkat Etmeniz Gerekenler \u2757 Be\u011feniler sadece 1 g\u00f6nderi i\u00e7indir. Daha fazla g\u00f6nderilere payla\u015ft\u0131r\u0131lamaz.\u2026","rel":"","context":"Benzer yaz\u0131","img":{"alt_text":"","src":"https:\/\/i0.wp.com\/fenoinsta.com\/tr\/wp-content\/uploads\/2021\/10\/free.png?resize=350%2C200&ssl=1","width":350,"height":200},"classes":[]},{"id":416,"url":"https:\/\/fenoinsta.com\/tr\/product\/5-000-kadin-begeni\/","url_meta":{"origin":382,"position":3},"title":"5.000 Kad\u0131n Be\u011feni","date":"Ekim 13, 2021","format":false,"excerpt":"En Fazla 50 G\u00f6nderiye Payla\u015ft\u0131r\u0131labilir Be\u011fenilerin %80'i Kad\u0131n Kullan\u0131c\u0131lardan Gelir D\u00fc\u015f\u00fc\u015f Ya\u015fanmaz 0-1 Saat \u0130\u015fleme Ba\u015flama S\u00fcresi Hesab\u0131n\u0131z Gizli Olmamal\u0131 Ba\u015fkas\u0131n\u0131 Takip Etmezsiniz \u015eifre Vermeniz Gerekmiyor %100 G\u00fcvenli 3D Korumal\u0131 Al\u0131\u015fveri\u015f EFT \u0130le \u00d6deme \u0130mkan\u0131 Dikkat Etmeniz Gerekenler \u2757 Be\u011feniler en fazla 50 g\u00f6nderi i\u00e7indir. Daha fazla g\u00f6nderilere payla\u015ft\u0131r\u0131lamaz. Ayr\u0131ca;\u2026","rel":"","context":"Benzer yaz\u0131","img":{"alt_text":"","src":"https:\/\/i0.wp.com\/fenoinsta.com\/tr\/wp-content\/uploads\/2022\/03\/shutterstock_753011680-scaled.jpg?resize=350%2C200&ssl=1","width":350,"height":200},"classes":[]},{"id":422,"url":"https:\/\/fenoinsta.com\/tr\/product\/50-oto-begeni\/","url_meta":{"origin":382,"position":4},"title":"25 Oto Be\u011feni","date":"Ekim 13, 2021","format":false,"excerpt":"30 G\u00fcn Boyunca T\u00fcm Payla\u015f\u0131mlar\u0131n\u0131za En Az 25'er Be\u011feni Gelir Payla\u015f\u0131m S\u0131n\u0131r\u0131 Yoktur Be\u011feniler Ger\u00e7ek ve Aktif Kullan\u0131c\u0131lardan Gelir IGTV Payla\u015f\u0131mlar\u0131 \u0130\u00e7in Uygundur Reels Payla\u015f\u0131mlar\u0131 \u0130\u00e7in Uygundur D\u00fc\u015f\u00fc\u015f Ya\u015fanmaz Hesab\u0131n\u0131z Gizli Olmamal\u0131 Ba\u015fkas\u0131n\u0131 Takip Etmezsiniz \u015eifre Vermeniz Gerekmiyor %100 G\u00fcvenli 3D Korumal\u0131 Al\u0131\u015fveri\u015f EFT \u0130le \u00d6deme \u0130mkan\u0131 Dikkat Etmeniz Gerekenler\u2026","rel":"","context":"Benzer yaz\u0131","img":{"alt_text":"","src":"https:\/\/i0.wp.com\/fenoinsta.com\/tr\/wp-content\/uploads\/2021\/10\/Fenoinsta-Otobegeni-1.png?resize=350%2C200&ssl=1","width":350,"height":200},"classes":[]},{"id":424,"url":"https:\/\/fenoinsta.com\/tr\/product\/100-oto-begeni\/","url_meta":{"origin":382,"position":5},"title":"50 Oto Be\u011feni","date":"Ekim 13, 2021","format":false,"excerpt":"30 G\u00fcn Boyunca T\u00fcm Payla\u015f\u0131mlar\u0131n\u0131za En Az 50'\u015fer Be\u011feni Gelir Payla\u015f\u0131m S\u0131n\u0131r\u0131 Yoktur Be\u011feniler Ger\u00e7ek ve Aktif Kullan\u0131c\u0131lardan Gelir IGTV Payla\u015f\u0131mlar\u0131 \u0130\u00e7in Uygundur Reels Payla\u015f\u0131mlar\u0131 \u0130\u00e7in Uygundur D\u00fc\u015f\u00fc\u015f Ya\u015fanmaz Hesab\u0131n\u0131z Gizli Olmamal\u0131 Ba\u015fkas\u0131n\u0131 Takip Etmezsiniz \u015eifre Vermeniz Gerekmiyor %100 G\u00fcvenli 3D Korumal\u0131 Al\u0131\u015fveri\u015f EFT \u0130le \u00d6deme \u0130mkan\u0131 Dikkat Etmeniz Gerekenler\u2026","rel":"","context":"Benzer yaz\u0131","img":{"alt_text":"","src":"https:\/\/i0.wp.com\/fenoinsta.com\/tr\/wp-content\/uploads\/2021\/10\/Fenoinsta-Otobegeni-2.png?resize=350%2C200&ssl=1","width":350,"height":200},"classes":[]}],"_links":{"self":[{"href":"https:\/\/fenoinsta.com\/tr\/wp-json\/wp\/v2\/product\/382","targetHints":{"allow":["GET"]}}],"collection":[{"href":"https:\/\/fenoinsta.com\/tr\/wp-json\/wp\/v2\/product"}],"about":[{"href":"https:\/\/fenoinsta.com\/tr\/wp-json\/wp\/v2\/types\/product"}],"replies":[{"embeddable":true,"href":"https:\/\/fenoinsta.com\/tr\/wp-json\/wp\/v2\/comments?post=382"}],"wp:featuredmedia":[{"embeddable":true,"href":"https:\/\/fenoinsta.com\/tr\/wp-json\/wp\/v2\/media\/2777"}],"wp:attachment":[{"href":"https:\/\/fenoinsta.com\/tr\/wp-json\/wp\/v2\/media?parent=382"}],"wp:term":[{"taxonomy":"product_cat","embeddable":true,"href":"https:\/\/fenoinsta.com\/tr\/wp-json\/wp\/v2\/product_cat?post=382"},{"taxonomy":"product_tag","embeddable":true,"href":"https:\/\/fenoinsta.com\/tr\/wp-json\/wp\/v2\/product_tag?post=382"}],"curies":[{"name":"wp","href":"https:\/\/api.w.org\/{rel}","templated":true}]}}