{"id":376,"date":"2021-10-13T11:27:50","date_gmt":"2021-10-13T11:27:50","guid":{"rendered":"https:\/\/www.takipinsta.org\/?post_type=product&#038;p=376"},"modified":"2025-10-12T14:58:01","modified_gmt":"2025-10-12T14:58:01","slug":"25-000-bot-takipci","status":"publish","type":"product","link":"https:\/\/fenoinsta.com\/tr\/product\/25-000-bot-takipci\/","title":{"rendered":"25.000 Bot Takip\u00e7i"},"content":{"rendered":"","protected":false},"excerpt":{"rendered":"<ul>\n<li><del>Ba\u015fkas\u0131n\u0131 Takip Etmezsiniz<\/del><\/li>\n<li><del>\u015eifre Vermeniz Gerekmiyor<\/del><\/li>\n<li>Global Kullan\u0131c\u0131lar<\/li>\n<li>Profil Foto\u011frafl\u0131 ve Foto\u011frafs\u0131z Kar\u0131\u015f\u0131k Hesaplar<\/li>\n<li>%10 Fazladan Hediye Takip\u00e7i<\/li>\n<li>1 Ay \u0130\u00e7inde 2 Kez Telafi Hakk\u0131<\/li>\n<li>1-4 Saat \u0130\u015fleme Ba\u015flama S\u00fcresi<\/li>\n<li>%100 G\u00fcvenli 3D Korumal\u0131 Al\u0131\u015fveri\u015f<\/li>\n<\/ul>\n<p><strong>Dikkat Etmeniz Gerekenler\u2757<br \/>\n<\/strong>-Hesab\u0131n\u0131z Gizli Olmamal\u0131d\u0131r.<strong><br \/>\n<\/strong><span style=\"font-size: 14.4px;\">-Takip\u00e7iler pasiftir. \u00d6nceden a\u00e7\u0131lm\u0131\u015f bo\u015f hesaplard\u0131r.<br \/>\n-Telafi talep edildi\u011finde sipari\u015fteki takip\u00e7i say\u0131s\u0131 baz al\u0131n\u0131r.<br \/>\n-Hediye takip\u00e7ilerin eksilmesi kay\u0131p say\u0131lmaz.<br \/>\n-Sipari\u015fi girdikten sonra i\u015flem tamamlanmadan kullan\u0131c\u0131 ad\u0131 de\u011fi\u015ftirilmesi, hesab\u0131n gizliye al\u0131nmas\u0131 gibi durumlarda sipari\u015finiz yanabilir ve iade yap\u0131lamaz.<\/span><\/p>\n<p><strong>Ayr\u0131ca;<\/strong><br \/>\n+18, yasa d\u0131\u015f\u0131 bahis, kumar ve cinsel i\u00e7erikli hesaplar i\u00e7in girilen sipari\u015fler onaylanmayacakt\u0131r.<\/p>\n","protected":false},"featured_media":2814,"comment_status":"closed","ping_status":"closed","template":"","meta":{"spay_email":""},"product_cat":[518],"product_tag":[91,92,77,93,94,78,79,80,95],"class_list":["post-376","product","type-product","status-publish","has-post-thumbnail","hentry","product_cat-instagram-bot-takipci","product_tag-instagram-bot-takipci","product_tag-instagram-bot-takipci-satin-al","product_tag-instagram-hizmetleri","product_tag-instagram-karisik-takipci","product_tag-instagram-karisik-takipci-satin-al","product_tag-instagram-takipci","product_tag-instagram-takipci-2021","product_tag-instagram-takipci-satin-al","product_tag-yapay-zekali-instagram-bot-takipci"],"jetpack-related-posts":[{"id":372,"url":"https:\/\/fenoinsta.com\/tr\/product\/1-000-bot-takipci\/","url_meta":{"origin":376,"position":0},"title":"1.000 Bot Takip\u00e7i","date":"Ekim 13, 2021","format":false,"excerpt":"Ba\u015fkas\u0131n\u0131 Takip Etmezsiniz \u015eifre Vermeniz Gerekmiyor Global Kullan\u0131c\u0131lar Profil Foto\u011frafl\u0131 ve Foto\u011frafs\u0131z Kar\u0131\u015f\u0131k Hesaplar %10 Fazladan Hediye Takip\u00e7i 1 Ay \u0130\u00e7inde 2 Kez Telafi Hakk\u0131 1-4 Saat \u0130\u015fleme Ba\u015flama S\u00fcresi %100 G\u00fcvenli 3D Korumal\u0131 Al\u0131\u015fveri\u015f Dikkat Etmeniz Gerekenler\u2757 -Hesab\u0131n\u0131z Gizli Olmamal\u0131d\u0131r. -Takip\u00e7iler pasiftir. \u00d6nceden a\u00e7\u0131lm\u0131\u015f bo\u015f hesaplard\u0131r. -Telafi talep edildi\u011finde\u2026","rel":"","context":"Benzer yaz\u0131","img":{"alt_text":"","src":"https:\/\/i0.wp.com\/fenoinsta.com\/tr\/wp-content\/uploads\/2023\/07\/4.png?resize=350%2C200&ssl=1","width":350,"height":200},"classes":[]},{"id":2676,"url":"https:\/\/fenoinsta.com\/tr\/product\/250-bot-takipci\/","url_meta":{"origin":376,"position":1},"title":"250 Bot Takip\u00e7i","date":"Temmuz 13, 2023","format":false,"excerpt":"Ba\u015fkas\u0131n\u0131 Takip Etmezsiniz \u015eifre Vermeniz Gerekmiyor T\u00fcrk Bot Hesaplar Profil Foto\u011frafl\u0131 ve Foto\u011frafs\u0131z Kar\u0131\u015f\u0131k Hesaplar %10 Fazladan Hediye Takip\u00e7i 1 Ay \u0130\u00e7inde 2 Kez Telafi Hakk\u0131 1-4 Saat \u0130\u015fleme Ba\u015flama S\u00fcresi %100 G\u00fcvenli 3D Korumal\u0131 Al\u0131\u015fveri\u015f Dikkat Etmeniz Gerekenler\u2757 -Hesab\u0131n\u0131z Gizli Olmamal\u0131d\u0131r. -Takip\u00e7iler pasiftir. \u00d6nceden a\u00e7\u0131lm\u0131\u015f bo\u015f hesaplard\u0131r. -Telafi talep\u2026","rel":"","context":"Benzer yaz\u0131","img":{"alt_text":"","src":"https:\/\/i0.wp.com\/fenoinsta.com\/tr\/wp-content\/uploads\/2023\/07\/1.png?resize=350%2C200&ssl=1","width":350,"height":200},"classes":[]},{"id":371,"url":"https:\/\/fenoinsta.com\/tr\/product\/500-bot-takipci\/","url_meta":{"origin":376,"position":2},"title":"500 Bot Takip\u00e7i","date":"Ekim 13, 2021","format":false,"excerpt":"Ba\u015fkas\u0131n\u0131 Takip Etmezsiniz \u015eifre Vermeniz Gerekmiyor Global Kullan\u0131c\u0131lar Profil Foto\u011frafl\u0131 ve Foto\u011frafs\u0131z Kar\u0131\u015f\u0131k Hesaplar %10 Fazladan Hediye Takip\u00e7i 1 Ay \u0130\u00e7inde 2 Kez Telafi Hakk\u0131 1-4 Saat \u0130\u015fleme Ba\u015flama S\u00fcresi %100 G\u00fcvenli 3D Korumal\u0131 Al\u0131\u015fveri\u015f Dikkat Etmeniz Gerekenler\u2757 -Hesab\u0131n\u0131z Gizli Olmamal\u0131d\u0131r. -Takip\u00e7iler pasiftir. \u00d6nceden a\u00e7\u0131lm\u0131\u015f bo\u015f hesaplard\u0131r. -Telafi talep edildi\u011finde\u2026","rel":"","context":"Benzer yaz\u0131","img":{"alt_text":"","src":"https:\/\/i0.wp.com\/fenoinsta.com\/tr\/wp-content\/uploads\/2023\/07\/2.png?resize=350%2C200&ssl=1","width":350,"height":200},"classes":[]},{"id":373,"url":"https:\/\/fenoinsta.com\/tr\/product\/10-000-bot-takipci\/","url_meta":{"origin":376,"position":3},"title":"10.000 Bot Takip\u00e7i","date":"Ekim 13, 2021","format":false,"excerpt":"Ba\u015fkas\u0131n\u0131 Takip Etmezsiniz \u015eifre Vermeniz Gerekmiyor Global Kullan\u0131c\u0131lar Profil Foto\u011frafl\u0131 ve Foto\u011frafs\u0131z Kar\u0131\u015f\u0131k Hesaplar %10 Fazladan Hediye Takip\u00e7i 1 Ay \u0130\u00e7inde 2 Kez Telafi Hakk\u0131 1-4 Saat \u0130\u015fleme Ba\u015flama S\u00fcresi %100 G\u00fcvenli 3D Korumal\u0131 Al\u0131\u015fveri\u015f Dikkat Etmeniz Gerekenler\u2757 -Hesab\u0131n\u0131z Gizli Olmamal\u0131d\u0131r. -Takip\u00e7iler pasiftir. \u00d6nceden a\u00e7\u0131lm\u0131\u015f bo\u015f hesaplard\u0131r. -Telafi talep edildi\u011finde\u2026","rel":"","context":"Benzer yaz\u0131","img":{"alt_text":"","src":"https:\/\/i0.wp.com\/fenoinsta.com\/tr\/wp-content\/uploads\/2021\/10\/8.png?resize=350%2C200&ssl=1","width":350,"height":200},"classes":[]},{"id":374,"url":"https:\/\/fenoinsta.com\/tr\/product\/2-500-bot-takipci\/","url_meta":{"origin":376,"position":4},"title":"2.500 Bot Takip\u00e7i","date":"Ekim 13, 2021","format":false,"excerpt":"Ba\u015fkas\u0131n\u0131 Takip Etmezsiniz \u015eifre Vermeniz Gerekmiyor Global Kullan\u0131c\u0131lar Profil Foto\u011frafl\u0131 ve Foto\u011frafs\u0131z Kar\u0131\u015f\u0131k Hesaplar %10 Fazladan Hediye Takip\u00e7i 1 Ay \u0130\u00e7inde 2 Kez Telafi Hakk\u0131 1-4 Saat \u0130\u015fleme Ba\u015flama S\u00fcresi %100 G\u00fcvenli 3D Korumal\u0131 Al\u0131\u015fveri\u015f Dikkat Etmeniz Gerekenler\u2757 -Hesab\u0131n\u0131z Gizli Olmamal\u0131d\u0131r. -Takip\u00e7iler pasiftir. \u00d6nceden a\u00e7\u0131lm\u0131\u015f bo\u015f hesaplard\u0131r. -Telafi talep edildi\u011finde\u2026","rel":"","context":"Benzer yaz\u0131","img":{"alt_text":"","src":"https:\/\/i0.wp.com\/fenoinsta.com\/tr\/wp-content\/uploads\/2023\/07\/5.png?resize=350%2C200&ssl=1","width":350,"height":200},"classes":[]},{"id":375,"url":"https:\/\/fenoinsta.com\/tr\/product\/5-000-bot-takipci\/","url_meta":{"origin":376,"position":5},"title":"5.000 Bot Takip\u00e7i","date":"Ekim 13, 2021","format":false,"excerpt":"Ba\u015fkas\u0131n\u0131 Takip Etmezsiniz \u015eifre Vermeniz Gerekmiyor Global Kullan\u0131c\u0131lar Profil Foto\u011frafl\u0131 ve Foto\u011frafs\u0131z Kar\u0131\u015f\u0131k Hesaplar %10 Fazladan Hediye Takip\u00e7i 1 Ay \u0130\u00e7inde 2 Kez Telafi Hakk\u0131 1-4 Saat \u0130\u015fleme Ba\u015flama S\u00fcresi %100 G\u00fcvenli 3D Korumal\u0131 Al\u0131\u015fveri\u015f Dikkat Etmeniz Gerekenler\u2757 -Hesab\u0131n\u0131z Gizli Olmamal\u0131d\u0131r. -Takip\u00e7iler pasiftir. \u00d6nceden a\u00e7\u0131lm\u0131\u015f bo\u015f hesaplard\u0131r. -Telafi talep edildi\u011finde\u2026","rel":"","context":"Benzer yaz\u0131","img":{"alt_text":"","src":"https:\/\/i0.wp.com\/fenoinsta.com\/tr\/wp-content\/uploads\/2023\/07\/6.png?resize=350%2C200&ssl=1","width":350,"height":200},"classes":[]}],"_links":{"self":[{"href":"https:\/\/fenoinsta.com\/tr\/wp-json\/wp\/v2\/product\/376","targetHints":{"allow":["GET"]}}],"collection":[{"href":"https:\/\/fenoinsta.com\/tr\/wp-json\/wp\/v2\/product"}],"about":[{"href":"https:\/\/fenoinsta.com\/tr\/wp-json\/wp\/v2\/types\/product"}],"replies":[{"embeddable":true,"href":"https:\/\/fenoinsta.com\/tr\/wp-json\/wp\/v2\/comments?post=376"}],"wp:featuredmedia":[{"embeddable":true,"href":"https:\/\/fenoinsta.com\/tr\/wp-json\/wp\/v2\/media\/2814"}],"wp:attachment":[{"href":"https:\/\/fenoinsta.com\/tr\/wp-json\/wp\/v2\/media?parent=376"}],"wp:term":[{"taxonomy":"product_cat","embeddable":true,"href":"https:\/\/fenoinsta.com\/tr\/wp-json\/wp\/v2\/product_cat?post=376"},{"taxonomy":"product_tag","embeddable":true,"href":"https:\/\/fenoinsta.com\/tr\/wp-json\/wp\/v2\/product_tag?post=376"}],"curies":[{"name":"wp","href":"https:\/\/api.w.org\/{rel}","templated":true}]}}