{"id":361,"date":"2021-10-13T11:27:49","date_gmt":"2021-10-13T11:27:49","guid":{"rendered":"https:\/\/www.takipinsta.org\/?post_type=product&#038;p=361"},"modified":"2025-10-12T15:00:07","modified_gmt":"2025-10-12T15:00:07","slug":"1-000-gercek-yabanci-takipci","status":"publish","type":"product","link":"https:\/\/fenoinsta.com\/tr\/product\/1-000-gercek-yabanci-takipci\/","title":{"rendered":"1.000 Ger\u00e7ek Yabanc\u0131 Takip\u00e7i"},"content":{"rendered":"","protected":false},"excerpt":{"rendered":"<ul>\n<li>%100 Ger\u00e7ek Global Kullan\u0131c\u0131lar<\/li>\n<li>1 Ay \u0130\u00e7inde 2 Kez Telafi Hakk\u0131<\/li>\n<li>3-24 Saat \u0130\u015fleme Ba\u015flama S\u00fcresi<\/li>\n<li>Hesab\u0131n\u0131z Gizli Olmamal\u0131<\/li>\n<li>Ba\u015fkas\u0131n\u0131 Takip Etmezsiniz<\/li>\n<li>\u015eifre Vermeniz Gerekmiyor<\/li>\n<li>%100 G\u00fcvenli 3D Korumal\u0131 Al\u0131\u015fveri\u015f<\/li>\n<li>EFT \u0130le \u00d6deme \u0130mkan\u0131<\/li>\n<li><\/li>\n<\/ul>\n<p><strong>Dikkat Etmeniz Gerekenler \u2757<\/strong><\/p>\n<p><span style=\"font-size: 14.4px;\">Takip\u00e7iler kesinlikle bot de\u011fildir. Ger\u00e7ek ve aktif kullan\u0131c\u0131lard\u0131r. Sipari\u015f girerken takip\u00e7ilerin hangi ulustan olmalar\u0131n\u0131 istiyorsan\u0131z o se\u00e7ene\u011fi i\u015faretlemelisiniz. Sipari\u015fi girdikten sonra i\u015flem tamamlanmadan kullan\u0131c\u0131 ad\u0131 de\u011fi\u015ftirilmesi, hesab\u0131n gizliye al\u0131nmas\u0131 gibi durumlarda sipari\u015finiz yanabilir ve iade yap\u0131lamaz.<\/span><\/p>\n<p><strong>Ayr\u0131ca;<\/strong><br \/>\n+18, yasa d\u0131\u015f\u0131 bahis, kumar ve cinsel i\u00e7erikli hesaplar i\u00e7in girilen sipari\u015fler onaylanmayacakt\u0131r.<\/p>\n","protected":false},"featured_media":2858,"comment_status":"closed","ping_status":"closed","template":"","meta":{"spay_email":""},"product_cat":[68,500,528],"product_tag":[84,85,86,87,74,77,78,79,80,88,89],"class_list":["post-361","product","type-product","status-publish","has-post-thumbnail","hentry","product_cat-instagram","product_cat-instagram-takipci","product_cat-instagram-gercek-yabanci-takipci","product_tag-amerikali-takipci-satin-al","product_tag-arap-takipci-satin-al","product_tag-brezilyali-takipci-satin-al","product_tag-endonezyali-takipci-satin-al","product_tag-instagram-gercek-takipci","product_tag-instagram-hizmetleri","product_tag-instagram-takipci","product_tag-instagram-takipci-2021","product_tag-instagram-takipci-satin-al","product_tag-instagram-yabanci-takipci","product_tag-instagram-yabanci-takipci-satin-al"],"jetpack-related-posts":[{"id":359,"url":"https:\/\/fenoinsta.com\/tr\/product\/250-gercek-yabanci-takipci\/","url_meta":{"origin":361,"position":0},"title":"250 Ger\u00e7ek Yabanc\u0131 Takip\u00e7i","date":"Ekim 13, 2021","format":false,"excerpt":"%100 Ger\u00e7ek Global Kullan\u0131c\u0131lar 1 Ay \u0130\u00e7inde 2 Kez Telafi Hakk\u0131 3-24 Saat \u0130\u015fleme Ba\u015flama S\u00fcresi Hesab\u0131n\u0131z Gizli Olmamal\u0131 Ba\u015fkas\u0131n\u0131 Takip Etmezsiniz \u015eifre Vermeniz Gerekmiyor %100 G\u00fcvenli 3D Korumal\u0131 Al\u0131\u015fveri\u015f EFT \u0130le \u00d6deme \u0130mkan\u0131 Dikkat Etmeniz Gerekenler \u2757 Takip\u00e7iler kesinlikle bot de\u011fildir. Ger\u00e7ek ve aktif kullan\u0131c\u0131lard\u0131r. Sipari\u015f girerken takip\u00e7ilerin hangi\u2026","rel":"","context":"Benzer yaz\u0131","img":{"alt_text":"","src":"https:\/\/i0.wp.com\/fenoinsta.com\/tr\/wp-content\/uploads\/2021\/10\/Fenoinsta-Yabanci-Takipci-8.png?resize=350%2C200&ssl=1","width":350,"height":200},"classes":[]},{"id":360,"url":"https:\/\/fenoinsta.com\/tr\/product\/500-gercek-yabanci-takipci\/","url_meta":{"origin":361,"position":1},"title":"500 Ger\u00e7ek Yabanc\u0131 Takip\u00e7i","date":"Ekim 13, 2021","format":false,"excerpt":"%100 Ger\u00e7ek Global Kullan\u0131c\u0131lar 1 Ay \u0130\u00e7inde 2 Kez Telafi Hakk\u0131 3-24 Saat \u0130\u015fleme Ba\u015flama S\u00fcresi Hesab\u0131n\u0131z Gizli Olmamal\u0131 Ba\u015fkas\u0131n\u0131 Takip Etmezsiniz \u015eifre Vermeniz Gerekmiyor %100 G\u00fcvenli 3D Korumal\u0131 Al\u0131\u015fveri\u015f EFT \u0130le \u00d6deme \u0130mkan\u0131 Dikkat Etmeniz Gerekenler \u2757 Takip\u00e7iler kesinlikle bot de\u011fildir. Ger\u00e7ek ve aktif kullan\u0131c\u0131lard\u0131r. Sipari\u015f girerken takip\u00e7ilerin hangi\u2026","rel":"","context":"Benzer yaz\u0131","img":{"alt_text":"","src":"https:\/\/i0.wp.com\/fenoinsta.com\/tr\/wp-content\/uploads\/2021\/10\/Fenoinsta-Yabanci-Takipci-9.png?resize=350%2C200&ssl=1","width":350,"height":200},"classes":[]},{"id":362,"url":"https:\/\/fenoinsta.com\/tr\/product\/5-000-gercek-yabanci-takipci\/","url_meta":{"origin":361,"position":2},"title":"5.000 Ger\u00e7ek Yabanc\u0131 Takip\u00e7i","date":"Ekim 13, 2021","format":false,"excerpt":"%100 Ger\u00e7ek Global Kullan\u0131c\u0131lar 1 Ay \u0130\u00e7inde 2 Kez Telafi Hakk\u0131 3-24 Saat \u0130\u015fleme Ba\u015flama S\u00fcresi Hesab\u0131n\u0131z Gizli Olmamal\u0131 Ba\u015fkas\u0131n\u0131 Takip Etmezsiniz \u015eifre Vermeniz Gerekmiyor %100 G\u00fcvenli 3D Korumal\u0131 Al\u0131\u015fveri\u015f EFT \u0130le \u00d6deme \u0130mkan\u0131 Dikkat Etmeniz Gerekenler \u2757 Takip\u00e7iler kesinlikle bot de\u011fildir. Ger\u00e7ek ve aktif kullan\u0131c\u0131lard\u0131r. Sipari\u015f girerken takip\u00e7ilerin hangi\u2026","rel":"","context":"Benzer yaz\u0131","img":{"alt_text":"","src":"https:\/\/i0.wp.com\/fenoinsta.com\/tr\/wp-content\/uploads\/2021\/10\/Fenoinsta-Yabanci-Takipci-12.png?resize=350%2C200&ssl=1","width":350,"height":200},"classes":[]},{"id":363,"url":"https:\/\/fenoinsta.com\/tr\/product\/2-500-gercek-yabanci-takipci\/","url_meta":{"origin":361,"position":3},"title":"2.500 Ger\u00e7ek Yabanc\u0131 Takip\u00e7i","date":"Ekim 13, 2021","format":false,"excerpt":"%100 Ger\u00e7ek Global Kullan\u0131c\u0131lar 1 Ay \u0130\u00e7inde 2 Kez Telafi Hakk\u0131 3-24 Saat \u0130\u015fleme Ba\u015flama S\u00fcresi Hesab\u0131n\u0131z Gizli Olmamal\u0131 Ba\u015fkas\u0131n\u0131 Takip Etmezsiniz \u015eifre Vermeniz Gerekmiyor %100 G\u00fcvenli 3D Korumal\u0131 Al\u0131\u015fveri\u015f EFT \u0130le \u00d6deme \u0130mkan\u0131 Dikkat Etmeniz Gerekenler \u2757 Takip\u00e7iler kesinlikle bot de\u011fildir. Ger\u00e7ek ve aktif kullan\u0131c\u0131lard\u0131r. Sipari\u015f girerken takip\u00e7ilerin hangi\u2026","rel":"","context":"Benzer yaz\u0131","img":{"alt_text":"","src":"https:\/\/i0.wp.com\/fenoinsta.com\/tr\/wp-content\/uploads\/2021\/10\/Fenoinsta-Yabanci-Takipci-11.png?resize=350%2C200&ssl=1","width":350,"height":200},"classes":[]},{"id":364,"url":"https:\/\/fenoinsta.com\/tr\/product\/10-000-gercek-yabanci-takipci\/","url_meta":{"origin":361,"position":4},"title":"10.000 Ger\u00e7ek Yabanc\u0131 Takip\u00e7i","date":"Ekim 13, 2021","format":false,"excerpt":"%100 Ger\u00e7ek Global Kullan\u0131c\u0131lar 1 Ay \u0130\u00e7inde 2 Kez Telafi Hakk\u0131 3-24 Saat \u0130\u015fleme Ba\u015flama S\u00fcresi Hesab\u0131n\u0131z Gizli Olmamal\u0131 Ba\u015fkas\u0131n\u0131 Takip Etmezsiniz \u015eifre Vermeniz Gerekmiyor %100 G\u00fcvenli 3D Korumal\u0131 Al\u0131\u015fveri\u015f EFT \u0130le \u00d6deme \u0130mkan\u0131 Dikkat Etmeniz Gerekenler \u2757 Takip\u00e7iler kesinlikle bot de\u011fildir. Ger\u00e7ek ve aktif kullan\u0131c\u0131lard\u0131r. Sipari\u015f girerken takip\u00e7ilerin hangi\u2026","rel":"","context":"Benzer yaz\u0131","img":{"alt_text":"","src":"https:\/\/i0.wp.com\/fenoinsta.com\/tr\/wp-content\/uploads\/2021\/10\/Fenoinsta-Yabanci-Takipci-13.png?resize=350%2C200&ssl=1","width":350,"height":200},"classes":[]},{"id":829,"url":"https:\/\/fenoinsta.com\/tr\/product\/100-takipci-2\/","url_meta":{"origin":361,"position":5},"title":"100 Takip\u00e7i","date":"Ekim 13, 2021","format":false,"excerpt":"Global Kullan\u0131c\u0131lar 1 Ay \u0130\u00e7inde 2 Kez Telafi Hakk\u0131 0-12 Saat \u0130\u015flem S\u00fcresi Hesab\u0131n\u0131z Gizli Olmamal\u0131 Ba\u015fkas\u0131n\u0131 Takip Etmezsiniz \u015eifre Vermeniz Gerekmiyor %100 G\u00fcvenli 3D Korumal\u0131 Al\u0131\u015fveri\u015f EFT \u0130le \u00d6deme \u0130mkan\u0131 Dikkat Etmeniz Gerekenler \u2757 Sipari\u015fi girdikten sonra i\u015flem tamamlanmadan kullan\u0131c\u0131 ad\u0131 de\u011fi\u015ftirilmesi, hesab\u0131n gizliye al\u0131nmas\u0131 gibi durumlarda sipari\u015finiz yanabilir\u2026","rel":"","context":"Benzer yaz\u0131","img":{"alt_text":"","src":"https:\/\/i0.wp.com\/fenoinsta.com\/tr\/wp-content\/uploads\/2021\/10\/Tiktok-Takipci-100.jpg?resize=350%2C200&ssl=1","width":350,"height":200},"classes":[]}],"_links":{"self":[{"href":"https:\/\/fenoinsta.com\/tr\/wp-json\/wp\/v2\/product\/361","targetHints":{"allow":["GET"]}}],"collection":[{"href":"https:\/\/fenoinsta.com\/tr\/wp-json\/wp\/v2\/product"}],"about":[{"href":"https:\/\/fenoinsta.com\/tr\/wp-json\/wp\/v2\/types\/product"}],"replies":[{"embeddable":true,"href":"https:\/\/fenoinsta.com\/tr\/wp-json\/wp\/v2\/comments?post=361"}],"wp:featuredmedia":[{"embeddable":true,"href":"https:\/\/fenoinsta.com\/tr\/wp-json\/wp\/v2\/media\/2858"}],"wp:attachment":[{"href":"https:\/\/fenoinsta.com\/tr\/wp-json\/wp\/v2\/media?parent=361"}],"wp:term":[{"taxonomy":"product_cat","embeddable":true,"href":"https:\/\/fenoinsta.com\/tr\/wp-json\/wp\/v2\/product_cat?post=361"},{"taxonomy":"product_tag","embeddable":true,"href":"https:\/\/fenoinsta.com\/tr\/wp-json\/wp\/v2\/product_tag?post=361"}],"curies":[{"name":"wp","href":"https:\/\/api.w.org\/{rel}","templated":true}]}}