{"id":357,"date":"2021-10-13T11:27:48","date_gmt":"2021-10-13T11:27:48","guid":{"rendered":"https:\/\/www.takipinsta.org\/?post_type=product&#038;p=357"},"modified":"2026-02-15T12:40:28","modified_gmt":"2026-02-15T12:40:28","slug":"10-000-gercek-turk-takipci","status":"publish","type":"product","link":"https:\/\/fenoinsta.com\/tr\/product\/10-000-gercek-turk-takipci\/","title":{"rendered":"10.000 Ger\u00e7ek T\u00fcrk Takip\u00e7i"},"content":{"rendered":"","protected":false},"excerpt":{"rendered":"<ul>\n<li>D\u00fcnya Piyasas\u0131ndaki En Kaliteli T\u00fcrk Servisidir<\/li>\n<li style=\"text-align: left;\">Ba\u015fkas\u0131n\u0131 Takip Etmek Yok<\/li>\n<li style=\"text-align: left;\">\u015eifre Vermek Yok<\/li>\n<li style=\"text-align: left;\">SMS ve Mail Onayl\u0131 Ger\u00e7ek Kullan\u0131c\u0131lar<\/li>\n<li style=\"text-align: left;\">Olas\u0131 D\u00fc\u015f\u00fc\u015flerde <strong>90 G\u00fcn Boyunca SINIRSIZ Telafi Hakk\u0131<\/strong><\/li>\n<li style=\"text-align: left;\">WhatsApp ve Site \u00dczerinden Sipari\u015f Takibi<\/li>\n<li style=\"text-align: left;\">%100 G\u00fcvenli 3D Korumal\u0131 Al\u0131\u015fveri\u015f<\/li>\n<li style=\"text-align: left;\">EFT \u0130le \u00d6deme \u0130mkan\u0131<\/li>\n<\/ul>\n<p>&nbsp;<\/p>\n<p>Dikkat Etmeniz Gerekenler<br \/>\nDe\u011ferli M\u00fc\u015fterimiz,<\/p>\n<ul>\n<li>Sipari\u015f \u00f6ncesinde hesab\u0131n\u0131z\u0131n herkese a\u00e7\u0131k olmas\u0131 gerekti\u011fini unutmay\u0131n\u0131z. Gizli hesaplara takip\u00e7i g\u00f6nderimi sa\u011flanamamaktad\u0131r.<\/li>\n<li>Sipari\u015f olu\u015ftururken sadece kullan\u0131c\u0131 ad\u0131n\u0131z\u0131 vermeniz yeterlidir.<\/li>\n<li>Telafi i\u015flemi, sipari\u015f esnas\u0131nda mevcut takip\u00e7i say\u0131n\u0131z + sipari\u015f etti\u011finiz rakam \u00fczerinden hesaplan\u0131r. Mevcut takip\u00e7i say\u0131n\u0131z sipari\u015f esnas\u0131nda taraf\u0131m\u0131zca sisteme not edilir.<\/li>\n<li>Sipari\u015ften sonraki bir ay i\u00e7erisinde <strong>KULLANICI ADINIZI DE\u011e\u0130\u015eT\u0130RMEN\u0130Z HAL\u0130NDE TELAF\u0130 SA\u011eLANAMAZ.<\/strong><\/li>\n<li>Ayr\u0131ca sorular\u0131n\u0131z olursa WhatsApp ileti\u015fim hatt\u0131m\u0131za yazabilirsiniz.<br \/>\n<strong>Ayr\u0131ca;<\/strong><br \/>\n<strong>+18, yasa d\u0131\u015f\u0131 bahis, kumar ve cinsel i\u00e7erikli hesaplar i\u00e7in girilen sipari\u015fler onaylanmayacakt\u0131r.<\/strong><\/li>\n<\/ul>\n","protected":false},"featured_media":2805,"comment_status":"closed","ping_status":"closed","template":"","meta":{"spay_email":""},"product_cat":[68,500,527],"product_tag":[71,72,73,74,75,76,77,78,79,558,80,81,82],"class_list":["post-357","product","type-product","status-publish","has-post-thumbnail","hentry","product_cat-instagram","product_cat-instagram-takipci","product_cat-instagram-gercek-turk-takipci","product_tag-cekilisle-takipci","product_tag-instagram-cekilis","product_tag-instagram-cekilisle-takipci","product_tag-instagram-gercek-takipci","product_tag-instagram-gercek-turk-takipci","product_tag-instagram-gercek-turk-takipci-satin-al","product_tag-instagram-hizmetleri","product_tag-instagram-takipci","product_tag-instagram-takipci-2021","product_tag-instagram-takipci-2026","product_tag-instagram-takipci-satin-al","product_tag-instagram-turk-takipci","product_tag-instagram-turk-takipci-satin-al"],"jetpack-related-posts":[{"id":1797,"url":"https:\/\/fenoinsta.com\/tr\/product\/750-gercek-turk-takipci\/","url_meta":{"origin":357,"position":0},"title":"750 Ger\u00e7ek T\u00fcrk Takip\u00e7i","date":"Mart 28, 2022","format":false,"excerpt":"D\u00fcnya Piyasas\u0131ndaki En Kaliteli T\u00fcrk Servisidir Ba\u015fkas\u0131n\u0131 Takip Etmek Yok \u015eifre Vermek Yok SMS ve Mail Onayl\u0131 Ger\u00e7ek Kullan\u0131c\u0131lar Olas\u0131 D\u00fc\u015f\u00fc\u015flerde 90 G\u00fcn Boyunca SINIRSIZ Telafi Hakk\u0131 WhatsApp ve Site \u00dczerinden Sipari\u015f Takibi %100 G\u00fcvenli 3D Korumal\u0131 Al\u0131\u015fveri\u015f EFT \u0130le \u00d6deme \u0130mkan\u0131 \u00a0 Dikkat Etmeniz Gerekenler De\u011ferli M\u00fc\u015fterimiz, Sipari\u015f \u00f6ncesinde\u2026","rel":"","context":"Benzer yaz\u0131","img":{"alt_text":"","src":"https:\/\/i0.wp.com\/fenoinsta.com\/tr\/wp-content\/uploads\/2021\/10\/Fenoinsta-Takipci-2.png?resize=350%2C200&ssl=1","width":350,"height":200},"classes":[]},{"id":354,"url":"https:\/\/fenoinsta.com\/tr\/product\/500-gercek-turk-takipci\/","url_meta":{"origin":357,"position":1},"title":"500 Ger\u00e7ek T\u00fcrk Takip\u00e7i","date":"Ekim 13, 2021","format":false,"excerpt":"D\u00fcnya Piyasas\u0131ndaki En Kaliteli T\u00fcrk Servisidir Ba\u015fkas\u0131n\u0131 Takip Etmek Yok \u015eifre Vermek Yok SMS ve Mail Onayl\u0131 Ger\u00e7ek Kullan\u0131c\u0131lar Olas\u0131 D\u00fc\u015f\u00fc\u015flerde 90 G\u00fcn Boyunca SINIRSIZ Telafi Hakk\u0131 WhatsApp ve Site \u00dczerinden Sipari\u015f Takibi %100 G\u00fcvenli 3D Korumal\u0131 Al\u0131\u015fveri\u015f EFT \u0130le \u00d6deme \u0130mkan\u0131 \u00a0 Dikkat Etmeniz Gerekenler De\u011ferli M\u00fc\u015fterimiz, Sipari\u015f \u00f6ncesinde\u2026","rel":"","context":"Benzer yaz\u0131","img":{"alt_text":"","src":"https:\/\/i0.wp.com\/fenoinsta.com\/tr\/wp-content\/uploads\/2021\/10\/Fenoinsta-Takipci-1.png?resize=350%2C200&ssl=1","width":350,"height":200},"classes":[]},{"id":356,"url":"https:\/\/fenoinsta.com\/tr\/product\/5-000-gercek-turk-takipci\/","url_meta":{"origin":357,"position":2},"title":"5.000 Ger\u00e7ek T\u00fcrk Takip\u00e7i","date":"Ekim 13, 2021","format":false,"excerpt":"D\u00fcnya Piyasas\u0131ndaki En Kaliteli T\u00fcrk Servisidir Ba\u015fkas\u0131n\u0131 Takip Etmek Yok \u015eifre Vermek Yok SMS ve Mail Onayl\u0131 Ger\u00e7ek Kullan\u0131c\u0131lar Olas\u0131 D\u00fc\u015f\u00fc\u015flerde 90 G\u00fcn Boyunca SINIRSIZ Telafi Hakk\u0131 WhatsApp ve Site \u00dczerinden Sipari\u015f Takibi %100 G\u00fcvenli 3D Korumal\u0131 Al\u0131\u015fveri\u015f EFT \u0130le \u00d6deme \u0130mkan\u0131 \u00a0 Dikkat Etmeniz Gerekenler De\u011ferli M\u00fc\u015fterimiz, Sipari\u015f \u00f6ncesinde\u2026","rel":"","context":"Benzer yaz\u0131","img":{"alt_text":"","src":"https:\/\/i0.wp.com\/fenoinsta.com\/tr\/wp-content\/uploads\/2021\/10\/Fenoinsta-Takipci-5.png?resize=350%2C200&ssl=1","width":350,"height":200},"classes":[]},{"id":353,"url":"https:\/\/fenoinsta.com\/tr\/product\/1-000-gercek-turk-takipci\/","url_meta":{"origin":357,"position":3},"title":"1.000 Ger\u00e7ek T\u00fcrk Takip\u00e7i","date":"Ekim 13, 2021","format":false,"excerpt":"D\u00fcnya Piyasas\u0131ndaki En Kaliteli T\u00fcrk Servisidir Ba\u015fkas\u0131n\u0131 Takip Etmek Yok \u015eifre Vermek Yok SMS ve Mail Onayl\u0131 Ger\u00e7ek Kullan\u0131c\u0131lar Olas\u0131 D\u00fc\u015f\u00fc\u015flerde 90 G\u00fcn Boyunca SINIRSIZ Telafi Hakk\u0131 WhatsApp ve Site \u00dczerinden Sipari\u015f Takibi %100 G\u00fcvenli 3D Korumal\u0131 Al\u0131\u015fveri\u015f EFT \u0130le \u00d6deme \u0130mkan\u0131 \u00a0 Dikkat Etmeniz Gerekenler De\u011ferli M\u00fc\u015fterimiz, Sipari\u015f \u00f6ncesinde\u2026","rel":"","context":"Benzer yaz\u0131","img":{"alt_text":"","src":"https:\/\/i0.wp.com\/fenoinsta.com\/tr\/wp-content\/uploads\/2021\/10\/Fenoinsta-Takipci-3.png?resize=350%2C200&ssl=1","width":350,"height":200},"classes":[]},{"id":355,"url":"https:\/\/fenoinsta.com\/tr\/product\/2-500-gercek-turk-takipci\/","url_meta":{"origin":357,"position":4},"title":"2.500 Ger\u00e7ek T\u00fcrk Takip\u00e7i","date":"Ekim 13, 2021","format":false,"excerpt":"D\u00fcnya Piyasas\u0131ndaki En Kaliteli T\u00fcrk Servisidir Ba\u015fkas\u0131n\u0131 Takip Etmek Yok \u015eifre Vermek Yok SMS ve Mail Onayl\u0131 Ger\u00e7ek Kullan\u0131c\u0131lar Olas\u0131 D\u00fc\u015f\u00fc\u015flerde 90 G\u00fcn Boyunca SINIRSIZ Telafi Hakk\u0131 WhatsApp ve Site \u00dczerinden Sipari\u015f Takibi %100 G\u00fcvenli 3D Korumal\u0131 Al\u0131\u015fveri\u015f EFT \u0130le \u00d6deme \u0130mkan\u0131 \u00a0 Dikkat Etmeniz Gerekenler De\u011ferli M\u00fc\u015fterimiz, Sipari\u015f \u00f6ncesinde\u2026","rel":"","context":"Benzer yaz\u0131","img":{"alt_text":"","src":"https:\/\/i0.wp.com\/fenoinsta.com\/tr\/wp-content\/uploads\/2021\/10\/Fenoinsta-Takipci-4.png?resize=350%2C200&ssl=1","width":350,"height":200},"classes":[]},{"id":704,"url":"https:\/\/fenoinsta.com\/tr\/product\/100-takipci\/","url_meta":{"origin":357,"position":5},"title":"100 T\u00fcrk Takip\u00e7i","date":"Ekim 13, 2021","format":false,"excerpt":"%90 Ger\u00e7ek T\u00fcrk Kullan\u0131c\u0131lar 1 Ay \u0130\u00e7inde 2 Kez Telafi Hakk\u0131 G\u00fcnde 100-300 Takip\u00e7i Gelir Hesab\u0131n\u0131z Gizli Olmamal\u0131 Ba\u015fkas\u0131n\u0131 Takip Etmezsiniz \u015eifre Vermeniz Gerekmiyor %100 G\u00fcvenli 3D Korumal\u0131 Al\u0131\u015fveri\u015f EFT \u0130le \u00d6deme \u0130mkan\u0131 Dikkat Etmeniz Gerekenler \u2757 Sipari\u015fi girdikten sonra i\u015flem tamamlanmadan kullan\u0131c\u0131 ad\u0131 de\u011fi\u015ftirilmesi, hesab\u0131n gizliye al\u0131nmas\u0131 gibi durumlarda\u2026","rel":"","context":"Benzer yaz\u0131","img":{"alt_text":"","src":"https:\/\/i0.wp.com\/fenoinsta.com\/tr\/wp-content\/uploads\/2021\/10\/100-Takipci-X-twitter.png?resize=350%2C200&ssl=1","width":350,"height":200},"classes":[]}],"_links":{"self":[{"href":"https:\/\/fenoinsta.com\/tr\/wp-json\/wp\/v2\/product\/357","targetHints":{"allow":["GET"]}}],"collection":[{"href":"https:\/\/fenoinsta.com\/tr\/wp-json\/wp\/v2\/product"}],"about":[{"href":"https:\/\/fenoinsta.com\/tr\/wp-json\/wp\/v2\/types\/product"}],"replies":[{"embeddable":true,"href":"https:\/\/fenoinsta.com\/tr\/wp-json\/wp\/v2\/comments?post=357"}],"wp:featuredmedia":[{"embeddable":true,"href":"https:\/\/fenoinsta.com\/tr\/wp-json\/wp\/v2\/media\/2805"}],"wp:attachment":[{"href":"https:\/\/fenoinsta.com\/tr\/wp-json\/wp\/v2\/media?parent=357"}],"wp:term":[{"taxonomy":"product_cat","embeddable":true,"href":"https:\/\/fenoinsta.com\/tr\/wp-json\/wp\/v2\/product_cat?post=357"},{"taxonomy":"product_tag","embeddable":true,"href":"https:\/\/fenoinsta.com\/tr\/wp-json\/wp\/v2\/product_tag?post=357"}],"curies":[{"name":"wp","href":"https:\/\/api.w.org\/{rel}","templated":true}]}}